{"id":584,"date":"2018-04-03T18:48:25","date_gmt":"2018-04-03T16:48:25","guid":{"rendered":"http:\/\/pdf-imposition.shop\/?post_type=product&#038;p=584"},"modified":"2026-03-20T12:15:05","modified_gmt":"2026-03-20T11:15:05","slug":"studiorip-xf-imposition-trapping","status":"publish","type":"product","link":"https:\/\/pdf-imposition.shop\/?product=studiorip-xf-imposition-trapping","title":{"rendered":"StudioRIP XF Trapping Option"},"content":{"rendered":"<h2><span class=\"\" lang=\"de\" tabindex=\"-1\"><img loading=\"lazy\" decoding=\"async\" class=\"alignnone size-full wp-image-407\" src=\"http:\/\/pdf-imposition.shop\/wp-content\/uploads\/2018\/03\/studiorip-logo.png\" alt=\"\" width=\"254\" height=\"64\" \/><\/span><\/h2>\n<h2>StudioRIP XF Trapping Option<\/h2>\n<p><span id=\"result_box\" class=\"\" lang=\"de\" tabindex=\"-1\"><strong><span class=\"\">Das ultimative StudioRIP XF kann mit dieser RIP-Option erweitert werden:<\/span><\/strong><\/span><\/p>\n<ul>\n<li><span class=\"\" lang=\"de\" tabindex=\"-1\"><span class=\"\" lang=\"de\" tabindex=\"-1\"><span class=\"\"><strong>Trapping<\/strong> (Autom. \u00dcberf\u00fcllungen) &#8211; Adobe-kompatibles Trapping-Modul mit Gehrungsenden, Proportional-\u00dcberf\u00fcllungen usw.<\/span><\/span><\/span><\/li>\n<\/ul>\n<p>Hier die Produktbrosch\u00fcre und ein Link zur StudioRIP Website:<\/p>\n<p><strong><a href=\"http:\/\/pdf-imposition.shop\/wp-content\/uploads\/2018\/01\/XF-Brochure.pdf\" target=\"_blank\" rel=\"noopener\">StudioRIP XF Brosch\u00fcre<\/a><\/strong><\/p>\n<p><a href=\"http:\/\/studiorip.com\/perfect-trapping.html\" target=\"_blank\" rel=\"noopener\"><strong>perfect-trapping<\/strong><\/a><\/p>\n<p><span style=\"color: #0da4d3;\"><strong>Virtuelles Produkt \u2013 Option ist zusammen mit StudioRIP XF v4.x vorinstalliert. Lizenzierungsdatei (.v2c) folgt per Kundenmail und aktiviert die Option.<\/strong><\/span><\/p>\n","protected":false},"excerpt":{"rendered":"<p><span id=\"result_box\" class=\"\" lang=\"de\" tabindex=\"-1\"><span class=\"\">Das ultimative StudioRIP XF kann neben mit der Trapping Option erweitert werden.<\/span><\/span><\/p>\n","protected":false},"featured_media":126,"template":"","meta":{"pmpro_default_level":"","jetpack_post_was_ever_published":false,"jetpack_publicize_message":"","jetpack_publicize_feature_enabled":true,"jetpack_social_post_already_shared":true,"jetpack_social_options":{"image_generator_settings":{"template":"highway","default_image_id":0,"font":"","enabled":false},"version":2}},"product_brand":[],"product_cat":[58,39,71],"product_tag":[61,62],"class_list":{"0":"post-584","1":"product","2":"type-product","3":"status-publish","4":"has-post-thumbnail","6":"wpc-brand-studiorip","7":"product_cat-inrip-trapping","8":"product_cat-rip-optionen","9":"product_cat-windows","10":"product_tag-trapping","11":"product_tag-ueberfuellungen","12":"product_shipping_class-dhl-paket-ii","13":"pmpro-has-access","15":"first","16":"instock","17":"virtual","18":"taxable","19":"purchasable","20":"product-type-simple"},"yoast_head":"<!-- This site is optimized with the Yoast SEO plugin v27.3 - https:\/\/yoast.com\/product\/yoast-seo-wordpress\/ -->\n<title>StudioRIP XF Trapping Option - PDF-Imposition Shop<\/title>\n<meta name=\"robots\" content=\"index, follow, max-snippet:-1, max-image-preview:large, max-video-preview:-1\" \/>\n<link rel=\"canonical\" href=\"https:\/\/pdf-imposition.shop\/?product=studiorip-xf-imposition-trapping\" \/>\n<meta property=\"og:locale\" content=\"de_DE\" \/>\n<meta property=\"og:type\" content=\"article\" \/>\n<meta property=\"og:title\" content=\"StudioRIP XF Trapping Option - PDF-Imposition Shop\" \/>\n<meta property=\"og:description\" content=\"Das ultimative StudioRIP XF kann neben mit der Trapping Option erweitert werden.\" \/>\n<meta property=\"og:url\" content=\"https:\/\/pdf-imposition.shop\/?product=studiorip-xf-imposition-trapping\" \/>\n<meta property=\"og:site_name\" content=\"PDF-Imposition Shop\" \/>\n<meta property=\"article:modified_time\" content=\"2026-03-20T11:15:05+00:00\" \/>\n<meta property=\"og:image\" content=\"http:\/\/pdf-imposition.shop\/wp-content\/uploads\/2018\/03\/studiorip-xs-software-rip-detail.jpg\" \/>\n\t<meta property=\"og:image:width\" content=\"800\" \/>\n\t<meta property=\"og:image:height\" content=\"600\" \/>\n\t<meta property=\"og:image:type\" content=\"image\/jpeg\" \/>\n<meta name=\"twitter:card\" content=\"summary_large_image\" \/>\n<meta name=\"twitter:label1\" content=\"Gesch\u00e4tzte Lesezeit\" \/>\n\t<meta name=\"twitter:data1\" content=\"1\u00a0Minute\" \/>\n<script type=\"application\/ld+json\" class=\"yoast-schema-graph\">{\"@context\":\"https:\\\/\\\/schema.org\",\"@graph\":[{\"@type\":\"WebPage\",\"@id\":\"https:\\\/\\\/pdf-imposition.shop\\\/?product=studiorip-xf-imposition-trapping\",\"url\":\"https:\\\/\\\/pdf-imposition.shop\\\/?product=studiorip-xf-imposition-trapping\",\"name\":\"StudioRIP XF Trapping Option - PDF-Imposition Shop\",\"isPartOf\":{\"@id\":\"https:\\\/\\\/pdf-imposition.shop\\\/#website\"},\"primaryImageOfPage\":{\"@id\":\"https:\\\/\\\/pdf-imposition.shop\\\/?product=studiorip-xf-imposition-trapping#primaryimage\"},\"image\":{\"@id\":\"https:\\\/\\\/pdf-imposition.shop\\\/?product=studiorip-xf-imposition-trapping#primaryimage\"},\"thumbnailUrl\":\"https:\\\/\\\/pdf-imposition.shop\\\/wp-content\\\/uploads\\\/2018\\\/03\\\/studiorip-xs-software-rip-detail.jpg\",\"datePublished\":\"2018-04-03T16:48:25+00:00\",\"dateModified\":\"2026-03-20T11:15:05+00:00\",\"breadcrumb\":{\"@id\":\"https:\\\/\\\/pdf-imposition.shop\\\/?product=studiorip-xf-imposition-trapping#breadcrumb\"},\"inLanguage\":\"de\",\"potentialAction\":[{\"@type\":\"ReadAction\",\"target\":[\"https:\\\/\\\/pdf-imposition.shop\\\/?product=studiorip-xf-imposition-trapping\"]}]},{\"@type\":\"ImageObject\",\"inLanguage\":\"de\",\"@id\":\"https:\\\/\\\/pdf-imposition.shop\\\/?product=studiorip-xf-imposition-trapping#primaryimage\",\"url\":\"https:\\\/\\\/pdf-imposition.shop\\\/wp-content\\\/uploads\\\/2018\\\/03\\\/studiorip-xs-software-rip-detail.jpg\",\"contentUrl\":\"https:\\\/\\\/pdf-imposition.shop\\\/wp-content\\\/uploads\\\/2018\\\/03\\\/studiorip-xs-software-rip-detail.jpg\",\"width\":800,\"height\":600},{\"@type\":\"BreadcrumbList\",\"@id\":\"https:\\\/\\\/pdf-imposition.shop\\\/?product=studiorip-xf-imposition-trapping#breadcrumb\",\"itemListElement\":[{\"@type\":\"ListItem\",\"position\":1,\"name\":\"Startseite\",\"item\":\"https:\\\/\\\/pdf-imposition.shop\\\/\"},{\"@type\":\"ListItem\",\"position\":2,\"name\":\"Shop\",\"item\":\"https:\\\/\\\/pdf-imposition.shop\\\/?page_id=4\"},{\"@type\":\"ListItem\",\"position\":3,\"name\":\"StudioRIP XF Trapping Option\"}]},{\"@type\":\"WebSite\",\"@id\":\"https:\\\/\\\/pdf-imposition.shop\\\/#website\",\"url\":\"https:\\\/\\\/pdf-imposition.shop\\\/\",\"name\":\"PDF-Imposition Shop\",\"description\":\"Prepress Software Shop &amp; Service\",\"publisher\":{\"@id\":\"https:\\\/\\\/pdf-imposition.shop\\\/#organization\"},\"potentialAction\":[{\"@type\":\"SearchAction\",\"target\":{\"@type\":\"EntryPoint\",\"urlTemplate\":\"https:\\\/\\\/pdf-imposition.shop\\\/?s={search_term_string}\"},\"query-input\":{\"@type\":\"PropertyValueSpecification\",\"valueRequired\":true,\"valueName\":\"search_term_string\"}}],\"inLanguage\":\"de\"},{\"@type\":\"Organization\",\"@id\":\"https:\\\/\\\/pdf-imposition.shop\\\/#organization\",\"name\":\"PDF-Imposition Shop\",\"url\":\"https:\\\/\\\/pdf-imposition.shop\\\/\",\"logo\":{\"@type\":\"ImageObject\",\"inLanguage\":\"de\",\"@id\":\"https:\\\/\\\/pdf-imposition.shop\\\/#\\\/schema\\\/logo\\\/image\\\/\",\"url\":\"https:\\\/\\\/pdf-imposition.shop\\\/wp-content\\\/uploads\\\/2018\\\/03\\\/cropped-Shop-Header.jpg\",\"contentUrl\":\"https:\\\/\\\/pdf-imposition.shop\\\/wp-content\\\/uploads\\\/2018\\\/03\\\/cropped-Shop-Header.jpg\",\"width\":470,\"height\":110,\"caption\":\"PDF-Imposition Shop\"},\"image\":{\"@id\":\"https:\\\/\\\/pdf-imposition.shop\\\/#\\\/schema\\\/logo\\\/image\\\/\"}}]}<\/script>\n<!-- \/ Yoast SEO plugin. -->","yoast_head_json":{"title":"StudioRIP XF Trapping Option - PDF-Imposition Shop","robots":{"index":"index","follow":"follow","max-snippet":"max-snippet:-1","max-image-preview":"max-image-preview:large","max-video-preview":"max-video-preview:-1"},"canonical":"https:\/\/pdf-imposition.shop\/?product=studiorip-xf-imposition-trapping","og_locale":"de_DE","og_type":"article","og_title":"StudioRIP XF Trapping Option - PDF-Imposition Shop","og_description":"Das ultimative StudioRIP XF kann neben mit der Trapping Option erweitert werden.","og_url":"https:\/\/pdf-imposition.shop\/?product=studiorip-xf-imposition-trapping","og_site_name":"PDF-Imposition Shop","article_modified_time":"2026-03-20T11:15:05+00:00","og_image":[{"width":800,"height":600,"url":"http:\/\/pdf-imposition.shop\/wp-content\/uploads\/2018\/03\/studiorip-xs-software-rip-detail.jpg","type":"image\/jpeg"}],"twitter_card":"summary_large_image","twitter_misc":{"Gesch\u00e4tzte Lesezeit":"1\u00a0Minute"},"schema":{"@context":"https:\/\/schema.org","@graph":[{"@type":"WebPage","@id":"https:\/\/pdf-imposition.shop\/?product=studiorip-xf-imposition-trapping","url":"https:\/\/pdf-imposition.shop\/?product=studiorip-xf-imposition-trapping","name":"StudioRIP XF Trapping Option - PDF-Imposition Shop","isPartOf":{"@id":"https:\/\/pdf-imposition.shop\/#website"},"primaryImageOfPage":{"@id":"https:\/\/pdf-imposition.shop\/?product=studiorip-xf-imposition-trapping#primaryimage"},"image":{"@id":"https:\/\/pdf-imposition.shop\/?product=studiorip-xf-imposition-trapping#primaryimage"},"thumbnailUrl":"https:\/\/pdf-imposition.shop\/wp-content\/uploads\/2018\/03\/studiorip-xs-software-rip-detail.jpg","datePublished":"2018-04-03T16:48:25+00:00","dateModified":"2026-03-20T11:15:05+00:00","breadcrumb":{"@id":"https:\/\/pdf-imposition.shop\/?product=studiorip-xf-imposition-trapping#breadcrumb"},"inLanguage":"de","potentialAction":[{"@type":"ReadAction","target":["https:\/\/pdf-imposition.shop\/?product=studiorip-xf-imposition-trapping"]}]},{"@type":"ImageObject","inLanguage":"de","@id":"https:\/\/pdf-imposition.shop\/?product=studiorip-xf-imposition-trapping#primaryimage","url":"https:\/\/pdf-imposition.shop\/wp-content\/uploads\/2018\/03\/studiorip-xs-software-rip-detail.jpg","contentUrl":"https:\/\/pdf-imposition.shop\/wp-content\/uploads\/2018\/03\/studiorip-xs-software-rip-detail.jpg","width":800,"height":600},{"@type":"BreadcrumbList","@id":"https:\/\/pdf-imposition.shop\/?product=studiorip-xf-imposition-trapping#breadcrumb","itemListElement":[{"@type":"ListItem","position":1,"name":"Startseite","item":"https:\/\/pdf-imposition.shop\/"},{"@type":"ListItem","position":2,"name":"Shop","item":"https:\/\/pdf-imposition.shop\/?page_id=4"},{"@type":"ListItem","position":3,"name":"StudioRIP XF Trapping Option"}]},{"@type":"WebSite","@id":"https:\/\/pdf-imposition.shop\/#website","url":"https:\/\/pdf-imposition.shop\/","name":"PDF-Imposition Shop","description":"Prepress Software Shop &amp; Service","publisher":{"@id":"https:\/\/pdf-imposition.shop\/#organization"},"potentialAction":[{"@type":"SearchAction","target":{"@type":"EntryPoint","urlTemplate":"https:\/\/pdf-imposition.shop\/?s={search_term_string}"},"query-input":{"@type":"PropertyValueSpecification","valueRequired":true,"valueName":"search_term_string"}}],"inLanguage":"de"},{"@type":"Organization","@id":"https:\/\/pdf-imposition.shop\/#organization","name":"PDF-Imposition Shop","url":"https:\/\/pdf-imposition.shop\/","logo":{"@type":"ImageObject","inLanguage":"de","@id":"https:\/\/pdf-imposition.shop\/#\/schema\/logo\/image\/","url":"https:\/\/pdf-imposition.shop\/wp-content\/uploads\/2018\/03\/cropped-Shop-Header.jpg","contentUrl":"https:\/\/pdf-imposition.shop\/wp-content\/uploads\/2018\/03\/cropped-Shop-Header.jpg","width":470,"height":110,"caption":"PDF-Imposition Shop"},"image":{"@id":"https:\/\/pdf-imposition.shop\/#\/schema\/logo\/image\/"}}]}},"jetpack_publicize_connections":[],"jetpack_sharing_enabled":true,"_links":{"self":[{"href":"https:\/\/pdf-imposition.shop\/index.php?rest_route=\/wp\/v2\/product\/584","targetHints":{"allow":["GET"]}}],"collection":[{"href":"https:\/\/pdf-imposition.shop\/index.php?rest_route=\/wp\/v2\/product"}],"about":[{"href":"https:\/\/pdf-imposition.shop\/index.php?rest_route=\/wp\/v2\/types\/product"}],"wp:featuredmedia":[{"embeddable":true,"href":"https:\/\/pdf-imposition.shop\/index.php?rest_route=\/wp\/v2\/media\/126"}],"wp:attachment":[{"href":"https:\/\/pdf-imposition.shop\/index.php?rest_route=%2Fwp%2Fv2%2Fmedia&parent=584"}],"wp:term":[{"taxonomy":"product_brand","embeddable":true,"href":"https:\/\/pdf-imposition.shop\/index.php?rest_route=%2Fwp%2Fv2%2Fproduct_brand&post=584"},{"taxonomy":"product_cat","embeddable":true,"href":"https:\/\/pdf-imposition.shop\/index.php?rest_route=%2Fwp%2Fv2%2Fproduct_cat&post=584"},{"taxonomy":"product_tag","embeddable":true,"href":"https:\/\/pdf-imposition.shop\/index.php?rest_route=%2Fwp%2Fv2%2Fproduct_tag&post=584"}],"curies":[{"name":"wp","href":"https:\/\/api.w.org\/{rel}","templated":true}]}}