{"id":401,"date":"2018-03-30T18:59:28","date_gmt":"2018-03-30T16:59:28","guid":{"rendered":"http:\/\/pdf-imposition.shop\/?post_type=product&#038;p=401"},"modified":"2025-10-28T14:03:25","modified_gmt":"2025-10-28T13:03:25","slug":"deutsche-benutzeroberflaeche-fuer-navigator-rip-v11-x","status":"publish","type":"product","link":"https:\/\/pdf-imposition.shop\/?product=deutsche-benutzeroberflaeche-fuer-navigator-rip-v11-x","title":{"rendered":"Deutsche Benutzeroberfl\u00e4che f\u00fcr Navigator RIP v11.x"},"content":{"rendered":"<h2><span class=\"\" lang=\"de\" tabindex=\"-1\"><img loading=\"lazy\" decoding=\"async\" class=\"alignnone size-full wp-image-121\" src=\"http:\/\/pdf-imposition.shop\/wp-content\/uploads\/2018\/01\/Navigator-Logo.png\" alt=\"\" width=\"175\" height=\"117\" \/><\/span><\/h2>\n<h2>Deutsche Benutzeroberfl\u00e4che f\u00fcr Xitron Navigator RIP v11.x RIP<\/h2>\n<p><span id=\"result_box\" class=\"\" lang=\"de\" tabindex=\"-1\"><br \/>\n<\/span><strong><span id=\"result_box\" class=\"\" lang=\"de\" tabindex=\"-1\"><span title=\"The path to Prepress Independence\u00ae \">Der Weg zur &lt;Prepress Independence\u00ae&gt;<\/span><\/span><\/strong><\/p>\n<p><span id=\"result_box\" class=\"\" lang=\"de\" tabindex=\"-1\"><span title=\"Xitron\u2019s Navigator Harlequin RIP is a best-in-class implementation of Global Graphic\u2019s Harlequin RIP technology.\">Xitrons Navigator Harlequin RIP ist eine erstklassige Implementierung der Harlequin RIP-Technologie von Global Graphics. <\/span><\/span><span id=\"result_box\" class=\"\" lang=\"de\" tabindex=\"-1\"><span title=\"Providing prepress environments with fast, predictable, and reliable interpretation of PostScript, PDF, and EPS format files, Navigator is the most trusted name in RIP architecture with over 30,000 installations worldwide. \">Mit einer schnellen, vorhersehbaren und zuverl\u00e4ssigen Interpretation von PostScript-, PDF- und EPS-Dateien in Druckvorstufenumgebungen ist Navigator mit \u00fcber 30.000 Installationen die weltweit bekannteste Marke im RIP-Softwaremarkt.<br \/>\n<\/span><\/span><span id=\"result_box\" class=\"\" lang=\"de\" tabindex=\"-1\"> <\/span><\/p>\n<p><strong>Xitron stellt seinen deutschen Kunden die deutsche Benutzeroberfl\u00e4che seines Navigator RIP kostenlos zur Verf\u00fcgung. Die deutsche Oberfl\u00e4che wird mit einem LDK-Updatecode freigeschaltet.<\/strong> Der Code wird als Mailanhang an Sie versandt und ist einfach \u00fcber das Harlequin License Tool zu installieren.<\/p>\n<p><a href=\"http:\/\/pdf-imposition.shop\/wp-content\/uploads\/2018\/03\/Navigator-Handbuch-Version-10-deutsch.pdf\"><strong>Navigator Handbuch Version 10 deutsch<\/strong><\/a><\/p>\n<p><span style=\"color: #0da4d3;\"><strong>Virtuelles Produkt \u2013 Optionsdateien und Soft Lock (SL) Code Lizenzierung werden per Kundenmail zugesandt.<\/strong><\/span><\/p>\n<p>&nbsp;<\/p>\n<p>&nbsp;<\/p>\n","protected":false},"excerpt":{"rendered":"<p>Xitron stellt seinen deutschen Kunden die deutsche Benutzeroberfl\u00e4che seines Navigator RIP <strong>kostenlos<\/strong> zur Verf\u00fcgung. Die deutsche Oberfl\u00e4che wird mit einem LDK-Updatecode freigeschaltet.<\/p>\n","protected":false},"featured_media":127,"template":"","meta":{"pmpro_default_level":"","jetpack_post_was_ever_published":false,"jetpack_publicize_message":"","jetpack_publicize_feature_enabled":true,"jetpack_social_post_already_shared":true,"jetpack_social_options":{"image_generator_settings":{"template":"highway","default_image_id":0,"font":"","enabled":false},"version":2}},"product_brand":[],"product_cat":[39,102,71],"product_tag":[89,88],"class_list":{"0":"post-401","1":"product","2":"type-product","3":"status-publish","4":"has-post-thumbnail","6":"wpc-brand-xitron","7":"product_cat-rip-optionen","8":"product_cat-sprachversion","9":"product_cat-windows","10":"product_tag-harlequin","11":"product_tag-scriptworks","12":"pmpro-has-access","14":"first","15":"instock","16":"downloadable","17":"virtual","18":"taxable","19":"purchasable","20":"product-type-simple"},"yoast_head":"<!-- This site is optimized with the Yoast SEO plugin v27.3 - https:\/\/yoast.com\/product\/yoast-seo-wordpress\/ -->\n<title>Deutsche Benutzeroberfl\u00e4che f\u00fcr Navigator RIP v11.x - PDF-Imposition Shop<\/title>\n<meta name=\"robots\" content=\"index, follow, max-snippet:-1, max-image-preview:large, max-video-preview:-1\" \/>\n<link rel=\"canonical\" href=\"https:\/\/pdf-imposition.shop\/?product=deutsche-benutzeroberflaeche-fuer-navigator-rip-v11-x\" \/>\n<meta property=\"og:locale\" content=\"de_DE\" \/>\n<meta property=\"og:type\" content=\"article\" \/>\n<meta property=\"og:title\" content=\"Deutsche Benutzeroberfl\u00e4che f\u00fcr Navigator RIP v11.x - PDF-Imposition Shop\" \/>\n<meta property=\"og:description\" content=\"Xitron stellt seinen deutschen Kunden die deutsche Benutzeroberfl\u00e4che seines Navigator RIP kostenlos zur Verf\u00fcgung. Die deutsche Oberfl\u00e4che wird mit einem LDK-Updatecode freigeschaltet.\" \/>\n<meta property=\"og:url\" content=\"https:\/\/pdf-imposition.shop\/?product=deutsche-benutzeroberflaeche-fuer-navigator-rip-v11-x\" \/>\n<meta property=\"og:site_name\" content=\"PDF-Imposition Shop\" \/>\n<meta property=\"article:modified_time\" content=\"2025-10-28T13:03:25+00:00\" \/>\n<meta property=\"og:image\" content=\"http:\/\/pdf-imposition.shop\/wp-content\/uploads\/2018\/03\/Navigator_Harlequin_RIP11.jpg\" \/>\n\t<meta property=\"og:image:width\" content=\"390\" \/>\n\t<meta property=\"og:image:height\" content=\"391\" \/>\n\t<meta property=\"og:image:type\" content=\"image\/jpeg\" \/>\n<meta name=\"twitter:card\" content=\"summary_large_image\" \/>\n<meta name=\"twitter:label1\" content=\"Gesch\u00e4tzte Lesezeit\" \/>\n\t<meta name=\"twitter:data1\" content=\"2\u00a0Minuten\" \/>\n<script type=\"application\/ld+json\" class=\"yoast-schema-graph\">{\"@context\":\"https:\\\/\\\/schema.org\",\"@graph\":[{\"@type\":\"WebPage\",\"@id\":\"https:\\\/\\\/pdf-imposition.shop\\\/?product=deutsche-benutzeroberflaeche-fuer-navigator-rip-v11-x\",\"url\":\"https:\\\/\\\/pdf-imposition.shop\\\/?product=deutsche-benutzeroberflaeche-fuer-navigator-rip-v11-x\",\"name\":\"Deutsche Benutzeroberfl\u00e4che f\u00fcr Navigator RIP v11.x - PDF-Imposition Shop\",\"isPartOf\":{\"@id\":\"https:\\\/\\\/pdf-imposition.shop\\\/#website\"},\"primaryImageOfPage\":{\"@id\":\"https:\\\/\\\/pdf-imposition.shop\\\/?product=deutsche-benutzeroberflaeche-fuer-navigator-rip-v11-x#primaryimage\"},\"image\":{\"@id\":\"https:\\\/\\\/pdf-imposition.shop\\\/?product=deutsche-benutzeroberflaeche-fuer-navigator-rip-v11-x#primaryimage\"},\"thumbnailUrl\":\"https:\\\/\\\/pdf-imposition.shop\\\/wp-content\\\/uploads\\\/2018\\\/03\\\/Navigator_Harlequin_RIP11.jpg\",\"datePublished\":\"2018-03-30T16:59:28+00:00\",\"dateModified\":\"2025-10-28T13:03:25+00:00\",\"breadcrumb\":{\"@id\":\"https:\\\/\\\/pdf-imposition.shop\\\/?product=deutsche-benutzeroberflaeche-fuer-navigator-rip-v11-x#breadcrumb\"},\"inLanguage\":\"de\",\"potentialAction\":[{\"@type\":\"ReadAction\",\"target\":[\"https:\\\/\\\/pdf-imposition.shop\\\/?product=deutsche-benutzeroberflaeche-fuer-navigator-rip-v11-x\"]}]},{\"@type\":\"ImageObject\",\"inLanguage\":\"de\",\"@id\":\"https:\\\/\\\/pdf-imposition.shop\\\/?product=deutsche-benutzeroberflaeche-fuer-navigator-rip-v11-x#primaryimage\",\"url\":\"https:\\\/\\\/pdf-imposition.shop\\\/wp-content\\\/uploads\\\/2018\\\/03\\\/Navigator_Harlequin_RIP11.jpg\",\"contentUrl\":\"https:\\\/\\\/pdf-imposition.shop\\\/wp-content\\\/uploads\\\/2018\\\/03\\\/Navigator_Harlequin_RIP11.jpg\",\"width\":390,\"height\":391,\"caption\":\"Blank White DVD Case with Blank Disc Isolated on White Background.\"},{\"@type\":\"BreadcrumbList\",\"@id\":\"https:\\\/\\\/pdf-imposition.shop\\\/?product=deutsche-benutzeroberflaeche-fuer-navigator-rip-v11-x#breadcrumb\",\"itemListElement\":[{\"@type\":\"ListItem\",\"position\":1,\"name\":\"Startseite\",\"item\":\"https:\\\/\\\/pdf-imposition.shop\\\/\"},{\"@type\":\"ListItem\",\"position\":2,\"name\":\"Shop\",\"item\":\"https:\\\/\\\/pdf-imposition.shop\\\/?page_id=4\"},{\"@type\":\"ListItem\",\"position\":3,\"name\":\"Deutsche Benutzeroberfl\u00e4che f\u00fcr Navigator RIP v11.x\"}]},{\"@type\":\"WebSite\",\"@id\":\"https:\\\/\\\/pdf-imposition.shop\\\/#website\",\"url\":\"https:\\\/\\\/pdf-imposition.shop\\\/\",\"name\":\"PDF-Imposition Shop\",\"description\":\"Prepress Software Shop &amp; Service\",\"publisher\":{\"@id\":\"https:\\\/\\\/pdf-imposition.shop\\\/#organization\"},\"potentialAction\":[{\"@type\":\"SearchAction\",\"target\":{\"@type\":\"EntryPoint\",\"urlTemplate\":\"https:\\\/\\\/pdf-imposition.shop\\\/?s={search_term_string}\"},\"query-input\":{\"@type\":\"PropertyValueSpecification\",\"valueRequired\":true,\"valueName\":\"search_term_string\"}}],\"inLanguage\":\"de\"},{\"@type\":\"Organization\",\"@id\":\"https:\\\/\\\/pdf-imposition.shop\\\/#organization\",\"name\":\"PDF-Imposition Shop\",\"url\":\"https:\\\/\\\/pdf-imposition.shop\\\/\",\"logo\":{\"@type\":\"ImageObject\",\"inLanguage\":\"de\",\"@id\":\"https:\\\/\\\/pdf-imposition.shop\\\/#\\\/schema\\\/logo\\\/image\\\/\",\"url\":\"https:\\\/\\\/pdf-imposition.shop\\\/wp-content\\\/uploads\\\/2018\\\/03\\\/cropped-Shop-Header.jpg\",\"contentUrl\":\"https:\\\/\\\/pdf-imposition.shop\\\/wp-content\\\/uploads\\\/2018\\\/03\\\/cropped-Shop-Header.jpg\",\"width\":470,\"height\":110,\"caption\":\"PDF-Imposition Shop\"},\"image\":{\"@id\":\"https:\\\/\\\/pdf-imposition.shop\\\/#\\\/schema\\\/logo\\\/image\\\/\"}}]}<\/script>\n<!-- \/ Yoast SEO plugin. -->","yoast_head_json":{"title":"Deutsche Benutzeroberfl\u00e4che f\u00fcr Navigator RIP v11.x - PDF-Imposition Shop","robots":{"index":"index","follow":"follow","max-snippet":"max-snippet:-1","max-image-preview":"max-image-preview:large","max-video-preview":"max-video-preview:-1"},"canonical":"https:\/\/pdf-imposition.shop\/?product=deutsche-benutzeroberflaeche-fuer-navigator-rip-v11-x","og_locale":"de_DE","og_type":"article","og_title":"Deutsche Benutzeroberfl\u00e4che f\u00fcr Navigator RIP v11.x - PDF-Imposition Shop","og_description":"Xitron stellt seinen deutschen Kunden die deutsche Benutzeroberfl\u00e4che seines Navigator RIP kostenlos zur Verf\u00fcgung. Die deutsche Oberfl\u00e4che wird mit einem LDK-Updatecode freigeschaltet.","og_url":"https:\/\/pdf-imposition.shop\/?product=deutsche-benutzeroberflaeche-fuer-navigator-rip-v11-x","og_site_name":"PDF-Imposition Shop","article_modified_time":"2025-10-28T13:03:25+00:00","og_image":[{"width":390,"height":391,"url":"http:\/\/pdf-imposition.shop\/wp-content\/uploads\/2018\/03\/Navigator_Harlequin_RIP11.jpg","type":"image\/jpeg"}],"twitter_card":"summary_large_image","twitter_misc":{"Gesch\u00e4tzte Lesezeit":"2\u00a0Minuten"},"schema":{"@context":"https:\/\/schema.org","@graph":[{"@type":"WebPage","@id":"https:\/\/pdf-imposition.shop\/?product=deutsche-benutzeroberflaeche-fuer-navigator-rip-v11-x","url":"https:\/\/pdf-imposition.shop\/?product=deutsche-benutzeroberflaeche-fuer-navigator-rip-v11-x","name":"Deutsche Benutzeroberfl\u00e4che f\u00fcr Navigator RIP v11.x - PDF-Imposition Shop","isPartOf":{"@id":"https:\/\/pdf-imposition.shop\/#website"},"primaryImageOfPage":{"@id":"https:\/\/pdf-imposition.shop\/?product=deutsche-benutzeroberflaeche-fuer-navigator-rip-v11-x#primaryimage"},"image":{"@id":"https:\/\/pdf-imposition.shop\/?product=deutsche-benutzeroberflaeche-fuer-navigator-rip-v11-x#primaryimage"},"thumbnailUrl":"https:\/\/pdf-imposition.shop\/wp-content\/uploads\/2018\/03\/Navigator_Harlequin_RIP11.jpg","datePublished":"2018-03-30T16:59:28+00:00","dateModified":"2025-10-28T13:03:25+00:00","breadcrumb":{"@id":"https:\/\/pdf-imposition.shop\/?product=deutsche-benutzeroberflaeche-fuer-navigator-rip-v11-x#breadcrumb"},"inLanguage":"de","potentialAction":[{"@type":"ReadAction","target":["https:\/\/pdf-imposition.shop\/?product=deutsche-benutzeroberflaeche-fuer-navigator-rip-v11-x"]}]},{"@type":"ImageObject","inLanguage":"de","@id":"https:\/\/pdf-imposition.shop\/?product=deutsche-benutzeroberflaeche-fuer-navigator-rip-v11-x#primaryimage","url":"https:\/\/pdf-imposition.shop\/wp-content\/uploads\/2018\/03\/Navigator_Harlequin_RIP11.jpg","contentUrl":"https:\/\/pdf-imposition.shop\/wp-content\/uploads\/2018\/03\/Navigator_Harlequin_RIP11.jpg","width":390,"height":391,"caption":"Blank White DVD Case with Blank Disc Isolated on White Background."},{"@type":"BreadcrumbList","@id":"https:\/\/pdf-imposition.shop\/?product=deutsche-benutzeroberflaeche-fuer-navigator-rip-v11-x#breadcrumb","itemListElement":[{"@type":"ListItem","position":1,"name":"Startseite","item":"https:\/\/pdf-imposition.shop\/"},{"@type":"ListItem","position":2,"name":"Shop","item":"https:\/\/pdf-imposition.shop\/?page_id=4"},{"@type":"ListItem","position":3,"name":"Deutsche Benutzeroberfl\u00e4che f\u00fcr Navigator RIP v11.x"}]},{"@type":"WebSite","@id":"https:\/\/pdf-imposition.shop\/#website","url":"https:\/\/pdf-imposition.shop\/","name":"PDF-Imposition Shop","description":"Prepress Software Shop &amp; Service","publisher":{"@id":"https:\/\/pdf-imposition.shop\/#organization"},"potentialAction":[{"@type":"SearchAction","target":{"@type":"EntryPoint","urlTemplate":"https:\/\/pdf-imposition.shop\/?s={search_term_string}"},"query-input":{"@type":"PropertyValueSpecification","valueRequired":true,"valueName":"search_term_string"}}],"inLanguage":"de"},{"@type":"Organization","@id":"https:\/\/pdf-imposition.shop\/#organization","name":"PDF-Imposition Shop","url":"https:\/\/pdf-imposition.shop\/","logo":{"@type":"ImageObject","inLanguage":"de","@id":"https:\/\/pdf-imposition.shop\/#\/schema\/logo\/image\/","url":"https:\/\/pdf-imposition.shop\/wp-content\/uploads\/2018\/03\/cropped-Shop-Header.jpg","contentUrl":"https:\/\/pdf-imposition.shop\/wp-content\/uploads\/2018\/03\/cropped-Shop-Header.jpg","width":470,"height":110,"caption":"PDF-Imposition Shop"},"image":{"@id":"https:\/\/pdf-imposition.shop\/#\/schema\/logo\/image\/"}}]}},"jetpack_publicize_connections":[],"jetpack_sharing_enabled":true,"_links":{"self":[{"href":"https:\/\/pdf-imposition.shop\/index.php?rest_route=\/wp\/v2\/product\/401","targetHints":{"allow":["GET"]}}],"collection":[{"href":"https:\/\/pdf-imposition.shop\/index.php?rest_route=\/wp\/v2\/product"}],"about":[{"href":"https:\/\/pdf-imposition.shop\/index.php?rest_route=\/wp\/v2\/types\/product"}],"wp:featuredmedia":[{"embeddable":true,"href":"https:\/\/pdf-imposition.shop\/index.php?rest_route=\/wp\/v2\/media\/127"}],"wp:attachment":[{"href":"https:\/\/pdf-imposition.shop\/index.php?rest_route=%2Fwp%2Fv2%2Fmedia&parent=401"}],"wp:term":[{"taxonomy":"product_brand","embeddable":true,"href":"https:\/\/pdf-imposition.shop\/index.php?rest_route=%2Fwp%2Fv2%2Fproduct_brand&post=401"},{"taxonomy":"product_cat","embeddable":true,"href":"https:\/\/pdf-imposition.shop\/index.php?rest_route=%2Fwp%2Fv2%2Fproduct_cat&post=401"},{"taxonomy":"product_tag","embeddable":true,"href":"https:\/\/pdf-imposition.shop\/index.php?rest_route=%2Fwp%2Fv2%2Fproduct_tag&post=401"}],"curies":[{"name":"wp","href":"https:\/\/api.w.org\/{rel}","templated":true}]}}