{"id":315,"date":"2018-03-25T14:23:49","date_gmt":"2018-03-25T12:23:49","guid":{"rendered":"http:\/\/pdf-imposition.shop\/?post_type=product&#038;p=315"},"modified":"2026-01-01T17:33:37","modified_gmt":"2026-01-01T16:33:37","slug":"usb-interface-bluebox-fuer-screen-belichter","status":"publish","type":"product","link":"https:\/\/pdf-imposition.shop\/?product=usb-interface-bluebox-fuer-screen-belichter","title":{"rendered":"USB-Interface &#8222;Bluebox&#8220; (Screen CTP-Belichter)"},"content":{"rendered":"<h2>USB-Interface &#8222;Bluebox&#8220;<br \/>\n(Screen CTP-Belichter)<\/h2>\n<p><span id=\"result_box\" class=\"\" lang=\"de\" tabindex=\"-1\"><br \/>\n<\/span><strong><span id=\"result_box\" class=\"\" lang=\"de\" tabindex=\"-1\"><span title=\"The path to Prepress Independence\u00ae \">Der Weg zur &lt; Prepress Independence\u00ae &gt;<br \/>\n<\/span><\/span><\/strong><span id=\"result_box\" class=\"\" lang=\"de\" tabindex=\"-1\"><\/span><\/p>\n<p><span id=\"result_box\" class=\"\" lang=\"de\" tabindex=\"-1\"><strong>USB-Interface<\/strong> &#8222;<strong>Bluebox&#8220; f<span title=\"Xitron\u2019s Navigator Harlequin RIP is a best-in-class implementation of Global Graphic\u2019s Harlequin RIP technology.\">\u00fcr Screen CtP-Belichter der Marken Screen\/Agfa\/Kodak\/Heidelberg<\/span><\/strong><\/span><\/p>\n<p>Als Schl\u00fcssel f\u00fcr die Unabh\u00e4ngigkeit von der Druckvorstufe \u00fcberbr\u00fcckt die einzigartige USB-Schnittstelle von Xitron die Verbindungsl\u00fccken zwischen den Herstellern von Ausgabeger\u00e4ten und den Druckvorstufen-Workflows. Geliefert wird das USB-Bluebox (Screen RIP-Kit) mit allen notwendigen Spezialkabeln zum Anschlu\u00df an RIP-PC und CtP-Belichter. In Verbindung mit Harlequin-basierten RIPs wie Navigator oder Xitrons Raster Blaster TIFF Catcher \u00fcbertr\u00e4gt die \u201eUSB-Bluebox\u201c Rasterdaten direkt an\u00a0 <strong>Screen PlateRite CtP-Belichter von Dainippon Screen, sowie alle baugleichen Ger\u00e4te von Agfa, Fujifilm, Heidelberg <\/strong>und anderen. Hier die Liste der unterst\u00fctzten Ausgabeger\u00e4te:<\/p>\n<p><a href=\"http:\/\/pdf-imposition.shop\/wp-content\/uploads\/2018\/03\/LIT-0319_Navigator_Device_Interfaces-July2016.pdf\" target=\"_blank\" rel=\"noopener\"><strong>Navigator_Device_Interfaces-July2016<\/strong><\/a><\/p>\n<p><span id=\"result_box\" class=\"\" lang=\"de\" tabindex=\"-1\"><span title=\"Xitron\u2019s Navigator Harlequin RIP is a best-in-class implementation of Global Graphic\u2019s Harlequin RIP technology.\">\u00a0<\/span><\/span><\/p>\n<p>&nbsp;<\/p>\n","protected":false},"excerpt":{"rendered":"<p><span id=\"result_box\" class=\"\" lang=\"de\" tabindex=\"-1\">USB-Interface &#8222;Bluebox&#8220; f<span title=\"Xitron\u2019s Navigator Harlequin RIP is a best-in-class implementation of Global Graphic\u2019s Harlequin RIP technology.\">\u00fcr Screen CtP-Belichter der Marken Screen\/Agfa\/Kodak\/Heidelberg<\/span><\/span><\/p>\n","protected":false},"featured_media":242,"template":"","meta":{"pmpro_default_level":"","jetpack_post_was_ever_published":false,"jetpack_publicize_message":"","jetpack_publicize_feature_enabled":true,"jetpack_social_post_already_shared":true,"jetpack_social_options":{"image_generator_settings":{"template":"highway","default_image_id":0,"font":"","enabled":false},"version":2}},"product_brand":[],"product_cat":[92,71],"product_tag":[66,42,77],"class_list":{"0":"post-315","1":"product","2":"type-product","3":"status-publish","4":"has-post-thumbnail","6":"wpc-brand-xitron","7":"product_cat-usb-interface","8":"product_cat-windows","9":"product_tag-bluebox","10":"product_tag-rip-software","11":"product_tag-usb-interface","12":"product_shipping_class-dhl-paket-ii","13":"pmpro-has-access","15":"first","16":"instock","17":"taxable","18":"shipping-taxable","19":"purchasable","20":"product-type-simple"},"yoast_head":"<!-- This site is optimized with the Yoast SEO plugin v27.3 - https:\/\/yoast.com\/product\/yoast-seo-wordpress\/ -->\n<title>USB-Interface &quot;Bluebox&quot; (Screen CTP-Belichter) - PDF-Imposition Shop<\/title>\n<meta name=\"description\" content=\"USB-Interface &quot;Bluebox&quot; (Screen CTP-Belichter) - PDF-Imposition Shop\" \/>\n<meta name=\"robots\" content=\"index, follow, max-snippet:-1, max-image-preview:large, max-video-preview:-1\" \/>\n<link rel=\"canonical\" href=\"https:\/\/pdf-imposition.shop\/?product=usb-interface-bluebox-fuer-screen-belichter\" \/>\n<meta property=\"og:locale\" content=\"de_DE\" \/>\n<meta property=\"og:type\" content=\"article\" \/>\n<meta property=\"og:title\" content=\"USB-Interface &quot;Bluebox&quot; (Screen CTP-Belichter) - PDF-Imposition Shop\" \/>\n<meta property=\"og:description\" content=\"USB-Interface &quot;Bluebox&quot; (Screen CTP-Belichter) - PDF-Imposition Shop\" \/>\n<meta property=\"og:url\" content=\"https:\/\/pdf-imposition.shop\/?product=usb-interface-bluebox-fuer-screen-belichter\" \/>\n<meta property=\"og:site_name\" content=\"PDF-Imposition Shop\" \/>\n<meta property=\"article:modified_time\" content=\"2026-01-01T16:33:37+00:00\" \/>\n<meta property=\"og:image\" content=\"http:\/\/pdf-imposition.shop\/wp-content\/uploads\/2018\/03\/Xitron-blueboxBig.png\" \/>\n\t<meta property=\"og:image:width\" content=\"1200\" \/>\n\t<meta property=\"og:image:height\" content=\"509\" \/>\n\t<meta property=\"og:image:type\" content=\"image\/png\" \/>\n<meta name=\"twitter:card\" content=\"summary_large_image\" \/>\n<meta name=\"twitter:label1\" content=\"Gesch\u00e4tzte Lesezeit\" \/>\n\t<meta name=\"twitter:data1\" content=\"1\u00a0Minute\" \/>\n<script type=\"application\/ld+json\" class=\"yoast-schema-graph\">{\"@context\":\"https:\\\/\\\/schema.org\",\"@graph\":[{\"@type\":\"WebPage\",\"@id\":\"https:\\\/\\\/pdf-imposition.shop\\\/?product=usb-interface-bluebox-fuer-screen-belichter\",\"url\":\"https:\\\/\\\/pdf-imposition.shop\\\/?product=usb-interface-bluebox-fuer-screen-belichter\",\"name\":\"USB-Interface \\\"Bluebox\\\" (Screen CTP-Belichter) - PDF-Imposition Shop\",\"isPartOf\":{\"@id\":\"https:\\\/\\\/pdf-imposition.shop\\\/#website\"},\"primaryImageOfPage\":{\"@id\":\"https:\\\/\\\/pdf-imposition.shop\\\/?product=usb-interface-bluebox-fuer-screen-belichter#primaryimage\"},\"image\":{\"@id\":\"https:\\\/\\\/pdf-imposition.shop\\\/?product=usb-interface-bluebox-fuer-screen-belichter#primaryimage\"},\"thumbnailUrl\":\"https:\\\/\\\/pdf-imposition.shop\\\/wp-content\\\/uploads\\\/2018\\\/03\\\/Xitron-blueboxBig.png\",\"datePublished\":\"2018-03-25T12:23:49+00:00\",\"dateModified\":\"2026-01-01T16:33:37+00:00\",\"description\":\"USB-Interface \\\"Bluebox\\\" (Screen CTP-Belichter) - PDF-Imposition Shop\",\"breadcrumb\":{\"@id\":\"https:\\\/\\\/pdf-imposition.shop\\\/?product=usb-interface-bluebox-fuer-screen-belichter#breadcrumb\"},\"inLanguage\":\"de\",\"potentialAction\":[{\"@type\":\"ReadAction\",\"target\":[\"https:\\\/\\\/pdf-imposition.shop\\\/?product=usb-interface-bluebox-fuer-screen-belichter\"]}]},{\"@type\":\"ImageObject\",\"inLanguage\":\"de\",\"@id\":\"https:\\\/\\\/pdf-imposition.shop\\\/?product=usb-interface-bluebox-fuer-screen-belichter#primaryimage\",\"url\":\"https:\\\/\\\/pdf-imposition.shop\\\/wp-content\\\/uploads\\\/2018\\\/03\\\/Xitron-blueboxBig.png\",\"contentUrl\":\"https:\\\/\\\/pdf-imposition.shop\\\/wp-content\\\/uploads\\\/2018\\\/03\\\/Xitron-blueboxBig.png\",\"width\":1200,\"height\":509},{\"@type\":\"BreadcrumbList\",\"@id\":\"https:\\\/\\\/pdf-imposition.shop\\\/?product=usb-interface-bluebox-fuer-screen-belichter#breadcrumb\",\"itemListElement\":[{\"@type\":\"ListItem\",\"position\":1,\"name\":\"Startseite\",\"item\":\"https:\\\/\\\/pdf-imposition.shop\\\/\"},{\"@type\":\"ListItem\",\"position\":2,\"name\":\"Shop\",\"item\":\"https:\\\/\\\/pdf-imposition.shop\\\/?page_id=4\"},{\"@type\":\"ListItem\",\"position\":3,\"name\":\"USB-Interface &#8222;Bluebox&#8220; (Screen CTP-Belichter)\"}]},{\"@type\":\"WebSite\",\"@id\":\"https:\\\/\\\/pdf-imposition.shop\\\/#website\",\"url\":\"https:\\\/\\\/pdf-imposition.shop\\\/\",\"name\":\"PDF-Imposition Shop\",\"description\":\"Prepress Software Shop &amp; Service\",\"publisher\":{\"@id\":\"https:\\\/\\\/pdf-imposition.shop\\\/#organization\"},\"potentialAction\":[{\"@type\":\"SearchAction\",\"target\":{\"@type\":\"EntryPoint\",\"urlTemplate\":\"https:\\\/\\\/pdf-imposition.shop\\\/?s={search_term_string}\"},\"query-input\":{\"@type\":\"PropertyValueSpecification\",\"valueRequired\":true,\"valueName\":\"search_term_string\"}}],\"inLanguage\":\"de\"},{\"@type\":\"Organization\",\"@id\":\"https:\\\/\\\/pdf-imposition.shop\\\/#organization\",\"name\":\"PDF-Imposition Shop\",\"url\":\"https:\\\/\\\/pdf-imposition.shop\\\/\",\"logo\":{\"@type\":\"ImageObject\",\"inLanguage\":\"de\",\"@id\":\"https:\\\/\\\/pdf-imposition.shop\\\/#\\\/schema\\\/logo\\\/image\\\/\",\"url\":\"https:\\\/\\\/pdf-imposition.shop\\\/wp-content\\\/uploads\\\/2018\\\/03\\\/cropped-Shop-Header.jpg\",\"contentUrl\":\"https:\\\/\\\/pdf-imposition.shop\\\/wp-content\\\/uploads\\\/2018\\\/03\\\/cropped-Shop-Header.jpg\",\"width\":470,\"height\":110,\"caption\":\"PDF-Imposition Shop\"},\"image\":{\"@id\":\"https:\\\/\\\/pdf-imposition.shop\\\/#\\\/schema\\\/logo\\\/image\\\/\"}}]}<\/script>\n<!-- \/ Yoast SEO plugin. -->","yoast_head_json":{"title":"USB-Interface \"Bluebox\" (Screen CTP-Belichter) - PDF-Imposition Shop","description":"USB-Interface \"Bluebox\" (Screen CTP-Belichter) - PDF-Imposition Shop","robots":{"index":"index","follow":"follow","max-snippet":"max-snippet:-1","max-image-preview":"max-image-preview:large","max-video-preview":"max-video-preview:-1"},"canonical":"https:\/\/pdf-imposition.shop\/?product=usb-interface-bluebox-fuer-screen-belichter","og_locale":"de_DE","og_type":"article","og_title":"USB-Interface \"Bluebox\" (Screen CTP-Belichter) - PDF-Imposition Shop","og_description":"USB-Interface \"Bluebox\" (Screen CTP-Belichter) - PDF-Imposition Shop","og_url":"https:\/\/pdf-imposition.shop\/?product=usb-interface-bluebox-fuer-screen-belichter","og_site_name":"PDF-Imposition Shop","article_modified_time":"2026-01-01T16:33:37+00:00","og_image":[{"width":1200,"height":509,"url":"http:\/\/pdf-imposition.shop\/wp-content\/uploads\/2018\/03\/Xitron-blueboxBig.png","type":"image\/png"}],"twitter_card":"summary_large_image","twitter_misc":{"Gesch\u00e4tzte Lesezeit":"1\u00a0Minute"},"schema":{"@context":"https:\/\/schema.org","@graph":[{"@type":"WebPage","@id":"https:\/\/pdf-imposition.shop\/?product=usb-interface-bluebox-fuer-screen-belichter","url":"https:\/\/pdf-imposition.shop\/?product=usb-interface-bluebox-fuer-screen-belichter","name":"USB-Interface \"Bluebox\" (Screen CTP-Belichter) - PDF-Imposition Shop","isPartOf":{"@id":"https:\/\/pdf-imposition.shop\/#website"},"primaryImageOfPage":{"@id":"https:\/\/pdf-imposition.shop\/?product=usb-interface-bluebox-fuer-screen-belichter#primaryimage"},"image":{"@id":"https:\/\/pdf-imposition.shop\/?product=usb-interface-bluebox-fuer-screen-belichter#primaryimage"},"thumbnailUrl":"https:\/\/pdf-imposition.shop\/wp-content\/uploads\/2018\/03\/Xitron-blueboxBig.png","datePublished":"2018-03-25T12:23:49+00:00","dateModified":"2026-01-01T16:33:37+00:00","description":"USB-Interface \"Bluebox\" (Screen CTP-Belichter) - PDF-Imposition Shop","breadcrumb":{"@id":"https:\/\/pdf-imposition.shop\/?product=usb-interface-bluebox-fuer-screen-belichter#breadcrumb"},"inLanguage":"de","potentialAction":[{"@type":"ReadAction","target":["https:\/\/pdf-imposition.shop\/?product=usb-interface-bluebox-fuer-screen-belichter"]}]},{"@type":"ImageObject","inLanguage":"de","@id":"https:\/\/pdf-imposition.shop\/?product=usb-interface-bluebox-fuer-screen-belichter#primaryimage","url":"https:\/\/pdf-imposition.shop\/wp-content\/uploads\/2018\/03\/Xitron-blueboxBig.png","contentUrl":"https:\/\/pdf-imposition.shop\/wp-content\/uploads\/2018\/03\/Xitron-blueboxBig.png","width":1200,"height":509},{"@type":"BreadcrumbList","@id":"https:\/\/pdf-imposition.shop\/?product=usb-interface-bluebox-fuer-screen-belichter#breadcrumb","itemListElement":[{"@type":"ListItem","position":1,"name":"Startseite","item":"https:\/\/pdf-imposition.shop\/"},{"@type":"ListItem","position":2,"name":"Shop","item":"https:\/\/pdf-imposition.shop\/?page_id=4"},{"@type":"ListItem","position":3,"name":"USB-Interface &#8222;Bluebox&#8220; (Screen CTP-Belichter)"}]},{"@type":"WebSite","@id":"https:\/\/pdf-imposition.shop\/#website","url":"https:\/\/pdf-imposition.shop\/","name":"PDF-Imposition Shop","description":"Prepress Software Shop &amp; Service","publisher":{"@id":"https:\/\/pdf-imposition.shop\/#organization"},"potentialAction":[{"@type":"SearchAction","target":{"@type":"EntryPoint","urlTemplate":"https:\/\/pdf-imposition.shop\/?s={search_term_string}"},"query-input":{"@type":"PropertyValueSpecification","valueRequired":true,"valueName":"search_term_string"}}],"inLanguage":"de"},{"@type":"Organization","@id":"https:\/\/pdf-imposition.shop\/#organization","name":"PDF-Imposition Shop","url":"https:\/\/pdf-imposition.shop\/","logo":{"@type":"ImageObject","inLanguage":"de","@id":"https:\/\/pdf-imposition.shop\/#\/schema\/logo\/image\/","url":"https:\/\/pdf-imposition.shop\/wp-content\/uploads\/2018\/03\/cropped-Shop-Header.jpg","contentUrl":"https:\/\/pdf-imposition.shop\/wp-content\/uploads\/2018\/03\/cropped-Shop-Header.jpg","width":470,"height":110,"caption":"PDF-Imposition Shop"},"image":{"@id":"https:\/\/pdf-imposition.shop\/#\/schema\/logo\/image\/"}}]}},"jetpack_publicize_connections":[],"jetpack_sharing_enabled":true,"_links":{"self":[{"href":"https:\/\/pdf-imposition.shop\/index.php?rest_route=\/wp\/v2\/product\/315","targetHints":{"allow":["GET"]}}],"collection":[{"href":"https:\/\/pdf-imposition.shop\/index.php?rest_route=\/wp\/v2\/product"}],"about":[{"href":"https:\/\/pdf-imposition.shop\/index.php?rest_route=\/wp\/v2\/types\/product"}],"wp:featuredmedia":[{"embeddable":true,"href":"https:\/\/pdf-imposition.shop\/index.php?rest_route=\/wp\/v2\/media\/242"}],"wp:attachment":[{"href":"https:\/\/pdf-imposition.shop\/index.php?rest_route=%2Fwp%2Fv2%2Fmedia&parent=315"}],"wp:term":[{"taxonomy":"product_brand","embeddable":true,"href":"https:\/\/pdf-imposition.shop\/index.php?rest_route=%2Fwp%2Fv2%2Fproduct_brand&post=315"},{"taxonomy":"product_cat","embeddable":true,"href":"https:\/\/pdf-imposition.shop\/index.php?rest_route=%2Fwp%2Fv2%2Fproduct_cat&post=315"},{"taxonomy":"product_tag","embeddable":true,"href":"https:\/\/pdf-imposition.shop\/index.php?rest_route=%2Fwp%2Fv2%2Fproduct_tag&post=315"}],"curies":[{"name":"wp","href":"https:\/\/api.w.org\/{rel}","templated":true}]}}