{"id":308,"date":"2018-03-25T12:26:30","date_gmt":"2018-03-25T10:26:30","guid":{"rendered":"http:\/\/pdf-imposition.shop\/?post_type=product&#038;p=308"},"modified":"2026-01-01T17:33:37","modified_gmt":"2026-01-01T16:33:37","slug":"rasterblaster-pro-v4-screen-tiff-catcher-kit-kopie","status":"publish","type":"product","link":"https:\/\/pdf-imposition.shop\/?product=rasterblaster-pro-v4-screen-tiff-catcher-kit-kopie","title":{"rendered":"RasterBlaster Pro v4 (B3 Network Interface, Workflow &#038; Screen-Kit)"},"content":{"rendered":"<h2><img loading=\"lazy\" decoding=\"async\" class=\"alignnone size-full wp-image-298\" src=\"http:\/\/pdf-imposition.shop\/wp-content\/uploads\/2018\/03\/RBlaster-Logo.png\" alt=\"\" width=\"150\" height=\"155\" \/><\/h2>\n<h2>RasterBlaster Pro v4<br \/>\n(B3 Network Interface, Workflow &amp; Screen-Kit)<\/h2>\n<p><span id=\"result_box\" class=\"\" lang=\"de\" tabindex=\"-1\"><br \/>\n<\/span><strong><span id=\"result_box\" class=\"\" lang=\"de\" tabindex=\"-1\"><span title=\"The path to Prepress Independence\u00ae \">Der Weg zur &lt; Prepress Independence\u00ae &gt;<br \/>\n<\/span><\/span><\/strong><\/p>\n<p><span id=\"result_box\" class=\"\" lang=\"de\" tabindex=\"-1\"><span title=\"Xitron\u2019s Navigator Harlequin RIP is a best-in-class implementation of Global Graphic\u2019s Harlequin RIP technology.\"><strong>F\u00fcr Screen PlateRite CtP-Belichter der Marken Screen\/Agfa\/Fujifilm\/Heidelberg<\/strong><\/span><\/span><\/p>\n<p><span id=\"result_box\" class=\"\" lang=\"de\" tabindex=\"-1\">Raster Blaster Pro ist die logische Erweiterung des bekannten Xitron Raster Blaster TIFF Catcher. Durch die Kombination mit der schlanken, effizienten und weltweit f\u00fchrenden CTP-Schnittstellentechnologie bietet Raster Blaster Pro eine intelligente, organisierte Plattenproduktion f\u00fcr praktisch jede Druckvorstufe, unabh\u00e4ngig vom Hersteller.<\/span><br \/>\n<span id=\"result_box\" class=\"\" lang=\"de\" tabindex=\"-1\"> <\/span><\/p>\n<p><span id=\"result_box\" class=\"\" lang=\"de\" tabindex=\"-1\"><strong>M\u00f6chten Sie einen aktuellen &#8222;Ersatz-Workflow&#8220; mit Ihr bew\u00e4hrtes CTP-System?<\/strong> Raster Blaster Pro ist der Schl\u00fcssel.<\/span><\/p>\n<p><strong>M\u00f6chten Sie ein \u00e4lteres CTP-System ersetzen, bevorzugen Sie jedoch ein Modell, das nicht von Ihrem Workflow-Anbieter angeboten wird?<\/strong> Kein Problem. Raster Blaster Pro steuert \u00fcber 200 der beliebtesten CTP-Systeme direkt an. <span class=\"\">Sogar bestehende Raster Blaster-Anwender mit USB-Bluebox Interfaces k\u00f6nnen die neue, erweiterte Funktionalit\u00e4t nutzen, indem sie ihre alte Software zu Raster BlasterPro migrieren!<\/span><\/p>\n<p><span id=\"result_box\" class=\"\" lang=\"de\" tabindex=\"-1\"><span class=\"\"><strong>Druckjobausgabe von \u00fcberall im Netzwerk. <\/strong>Raster Blaster Pro bietet eine browserbasierte Schnittstelle, mit dem der Anwender die Produktion von jedem Ort im Netzwerk aus kontrollieren kann.<\/span><\/span><\/p>\n<p><span id=\"result_box\" class=\"\" lang=\"de\" tabindex=\"-1\"><strong>Anzeigen und Organisieren von Warteschlangen. <\/strong>Priorisieren Sie Jobs entsprechend den Anforderungen der Kapazit\u00e4ten basierend auf Kriterien wie Plattengr\u00f6\u00dfe, Jobgruppierung oder Termin.<\/span><\/p>\n<p><span id=\"result_box\" class=\"\" lang=\"de\" tabindex=\"-1\"><span title=\"Go Touch ScreenRaster Blaster Pro is touch screen compatible and the user interface is designed for intuitive operation.\"><strong>Go Touch Screen. <\/strong>Raster Blaster Pro ist <strong>Touchscreen-kompatibel<\/strong> und die Benutzeroberfl\u00e4che ist f\u00fcr eine intuitive Bedienung konzipiert. <\/span><span title=\"No keyboard or mouse necessary (touch screen not included).Search EffortlesslAn indexed search capability makes it easy to locate any job, whether the plates have been previously imaged or put on hold awaiting approval.Make No MistakesThe enhanced thumbnail view of each job (including\"><strong>Keine Tastatur oder Maus erforderlich<\/strong> (Touch-Screen nicht enthalten) .<\/span><\/span><\/p>\n<p><span id=\"result_box\" class=\"\" lang=\"de\" tabindex=\"-1\"><span title=\"No keyboard or mouse necessary (touch screen not included).Search EffortlesslAn indexed search capability makes it easy to locate any job, whether the plates have been previously imaged or put on hold awaiting approval.Make No MistakesThe enhanced thumbnail view of each job (including\"><strong>Suche Erforderlich?<\/strong>\u00a0 Die indizierte Suchfunktion macht es einfach, jeden Job zu finden.<\/span><\/span><\/p>\n<p><span id=\"result_box\" class=\"\" lang=\"de\" tabindex=\"-1\"><span title=\"No keyboard or mouse necessary (touch screen not included).Search EffortlesslAn indexed search capability makes it easy to locate any job, whether the plates have been previously imaged or put on hold awaiting approval.Make No MistakesThe enhanced thumbnail view of each job (including\"><strong>Machen Sie keine Fehler.<\/strong> Die verbesserte Miniaturansicht bildet jeden Auftrag zuvor ab und<\/span><span title=\"spot colors) ensures the right plates are released at the right time;\"> sorgt daf\u00fcr, dass die richtigen Platten zur richtigen Zeit freigegeben werden; <\/span><span title=\"automatically or on demand.Communicate EffectivelBi-directional communications with the output device through one of Xitron\u2019s USB or Network Interfaces means everyone has current job status right at their fingertipsLose the ComputerNew Raster Blaster Pro Kits include the Xitron Network Interface (B3).\">automatisch oder auf Anforderung.<\/span><\/span><\/p>\n<p><span id=\"result_box\" class=\"\" lang=\"de\" tabindex=\"-1\"><span title=\"automatically or on demand.Communicate EffectivelBi-directional communications with the output device through one of Xitron\u2019s USB or Network Interfaces means everyone has current job status right at their fingertipsLose the ComputerNew Raster Blaster Pro Kits include the Xitron Network Interface (B3).\"><strong>Effektive Kommunikation.<\/strong> Bi-direktionale Kommunikation mit dem Ausgabeger\u00e4t durch das Xitron USB Interface oder Netzwerkschnittstellen bedeutet, dass jeder den aktuellen Auftragsstatus direkt einsehen kann.<\/span><\/span><\/p>\n<p><span id=\"result_box\" class=\"\" lang=\"de\" tabindex=\"-1\"><span title=\"automatically or on demand.Communicate EffectivelBi-directional communications with the output device through one of Xitron\u2019s USB or Network Interfaces means everyone has current job status right at their fingertipsLose the ComputerNew Raster Blaster Pro Kits include the Xitron Network Interface (B3).\"><strong>Die neuen Raster Blaster Pro Kits<\/strong> umfassen die <strong>Xitron Network Interface (B3)<\/strong>. <\/span><span title=\"This means a separate computer to host the software and interface is not necessary.\">Dies bedeutet, dass ein separater Computer zum Hosten der Software und der Schnittstelle nicht notwendig ist. <\/span><span title=\"B3 combines everything into one economical package with a very small footprint.\">B3 vereint alles in einem wirtschaftlichen Paket mit einem sehr geringen Platzbedarf.<\/span><\/span><\/p>\n<p><span id=\"result_box\" class=\"\" lang=\"de\" tabindex=\"-1\"><strong>Xitron Network Interface &#8211; B3<\/strong><\/span><\/p>\n<p>Das Xitron Network Interface nutzt die Fortschritte moderner Interface-Technologie und macht die Installation eines Host-Computers f\u00fcr das neue Raster Blaster Pro und Upgrade-Aktionen daf\u00fcr \u00fcberfl\u00fcssig. <span class=\"\">B3 bietet einen unglaublich geringen Platzbedarf, netzwerkweiten Zugriff, Touchscreen-Kompatibilit\u00e4t und die zuverl\u00e4ssige, robuste Konstruktion, f\u00fcr die Xitrons USB-Schnittstellen bekannt sind.<\/span><\/p>\n<p><span class=\"\">Mit jeder Xitron 64-Bit CTP-Schnittstelle konfigurierbar, wird B3 mit einem eigenen Embedded-Betriebssystem, 4 GB RAM und 500 GB Speicherplatz geliefert.<\/span> <span class=\"\">Installieren Sie es einfach im Netzwerk, geben ihm eine statische IP-Adresse und alle Benutzer k\u00f6nnen sich sofort mit dem System verbinden und alle Prozesse <\/span><span class=\"\">steuern<\/span><\/p>\n<p><span class=\"\">F\u00fcr Dokumentation zu B3 und Raster Blaster Pro klicken Sie hier.<\/span><\/p>\n<p><strong><a href=\"http:\/\/pdf-imposition.shop\/wp-content\/uploads\/2018\/03\/Raster_Blaster_Pro_Web.pdf\">Raster_Blaster_Pro_Web<\/a><\/strong><\/p>\n<p><strong><a href=\"http:\/\/pdf-imposition.shop\/wp-content\/uploads\/2018\/03\/RB-Pro-Pre-install-Requirments.pdf\">RB Pro Pre-install Requirements<\/a><\/strong><\/p>\n<p><span class=\"\">\u00a0<\/span><\/p>\n","protected":false},"excerpt":{"rendered":"<p><span id=\"result_box\" class=\"\" lang=\"de\" tabindex=\"-1\"><span title=\"Xitron\u2019s Navigator Harlequin RIP is a best-in-class implementation of Global Graphic\u2019s Harlequin RIP technology.\"><strong>F\u00fcr Screen PlateRite CtP-Belichter der Marken Screen\/Agfa\/Fujifilm\/Heidelberg.<br \/>\n<\/strong><\/span><\/span><span id=\"result_box\" class=\"\" lang=\"de\" tabindex=\"-1\">Raster Blaster Pro ist die logische Erweiterung des bekannten Xitron Raster Blaster TIFF Catcher.<\/span><\/p>\n","protected":false},"featured_media":300,"template":"","meta":{"pmpro_default_level":"","jetpack_post_was_ever_published":false,"jetpack_publicize_message":"","jetpack_publicize_feature_enabled":true,"jetpack_social_post_already_shared":true,"jetpack_social_options":{"image_generator_settings":{"template":"highway","default_image_id":0,"font":"","enabled":false},"version":2}},"product_brand":[],"product_cat":[93,86,37,165,71,75],"product_tag":[91,94,42,76],"class_list":{"0":"post-308","1":"product","2":"type-product","3":"status-publish","4":"has-post-thumbnail","6":"wpc-brand-xitron","7":"product_cat-b3-interface","8":"product_cat-rasterblaster","9":"product_cat-rip-software","10":"product_cat-tiffshooter","11":"product_cat-windows","12":"product_cat-workflow","13":"product_tag-b3-interface","14":"product_tag-raster-blaster","15":"product_tag-rip-software","16":"product_tag-workflow","17":"product_shipping_class-dhl-paket-ii","18":"pmpro-has-access","20":"first","21":"instock","22":"taxable","23":"shipping-taxable","24":"purchasable","25":"product-type-simple"},"yoast_head":"<!-- This site is optimized with the Yoast SEO plugin v27.3 - https:\/\/yoast.com\/product\/yoast-seo-wordpress\/ -->\n<title>RasterBlaster Pro v4 (B3 Network Interface, Workflow &amp; Screen-Kit) - PDF-Imposition Shop<\/title>\n<meta name=\"description\" content=\"RasterBlaster Pro v4 (B3 Network Interface, Workflow &amp; Screen-Kit) - PDF-Imposition Shop\" \/>\n<meta name=\"robots\" content=\"index, follow, max-snippet:-1, max-image-preview:large, max-video-preview:-1\" \/>\n<link rel=\"canonical\" href=\"https:\/\/pdf-imposition.shop\/?product=rasterblaster-pro-v4-screen-tiff-catcher-kit-kopie\" \/>\n<meta property=\"og:locale\" content=\"de_DE\" \/>\n<meta property=\"og:type\" content=\"article\" \/>\n<meta property=\"og:title\" content=\"RasterBlaster Pro v4 (B3 Network Interface, Workflow &amp; Screen-Kit) - PDF-Imposition Shop\" \/>\n<meta property=\"og:description\" content=\"RasterBlaster Pro v4 (B3 Network Interface, Workflow &amp; Screen-Kit) - PDF-Imposition Shop\" \/>\n<meta property=\"og:url\" content=\"https:\/\/pdf-imposition.shop\/?product=rasterblaster-pro-v4-screen-tiff-catcher-kit-kopie\" \/>\n<meta property=\"og:site_name\" content=\"PDF-Imposition Shop\" \/>\n<meta property=\"article:modified_time\" content=\"2026-01-01T16:33:37+00:00\" \/>\n<meta property=\"og:image\" content=\"http:\/\/pdf-imposition.shop\/wp-content\/uploads\/2018\/03\/RBlaster-Screen.png\" \/>\n\t<meta property=\"og:image:width\" content=\"350\" \/>\n\t<meta property=\"og:image:height\" content=\"262\" \/>\n\t<meta property=\"og:image:type\" content=\"image\/png\" \/>\n<meta name=\"twitter:card\" content=\"summary_large_image\" \/>\n<meta name=\"twitter:label1\" content=\"Gesch\u00e4tzte Lesezeit\" \/>\n\t<meta name=\"twitter:data1\" content=\"3\u00a0Minuten\" \/>\n<script type=\"application\/ld+json\" class=\"yoast-schema-graph\">{\"@context\":\"https:\\\/\\\/schema.org\",\"@graph\":[{\"@type\":\"WebPage\",\"@id\":\"https:\\\/\\\/pdf-imposition.shop\\\/?product=rasterblaster-pro-v4-screen-tiff-catcher-kit-kopie\",\"url\":\"https:\\\/\\\/pdf-imposition.shop\\\/?product=rasterblaster-pro-v4-screen-tiff-catcher-kit-kopie\",\"name\":\"RasterBlaster Pro v4 (B3 Network Interface, Workflow & Screen-Kit) - PDF-Imposition Shop\",\"isPartOf\":{\"@id\":\"https:\\\/\\\/pdf-imposition.shop\\\/#website\"},\"primaryImageOfPage\":{\"@id\":\"https:\\\/\\\/pdf-imposition.shop\\\/?product=rasterblaster-pro-v4-screen-tiff-catcher-kit-kopie#primaryimage\"},\"image\":{\"@id\":\"https:\\\/\\\/pdf-imposition.shop\\\/?product=rasterblaster-pro-v4-screen-tiff-catcher-kit-kopie#primaryimage\"},\"thumbnailUrl\":\"https:\\\/\\\/pdf-imposition.shop\\\/wp-content\\\/uploads\\\/2018\\\/03\\\/RBlaster-Screen.png\",\"datePublished\":\"2018-03-25T10:26:30+00:00\",\"dateModified\":\"2026-01-01T16:33:37+00:00\",\"description\":\"RasterBlaster Pro v4 (B3 Network Interface, Workflow & Screen-Kit) - PDF-Imposition Shop\",\"breadcrumb\":{\"@id\":\"https:\\\/\\\/pdf-imposition.shop\\\/?product=rasterblaster-pro-v4-screen-tiff-catcher-kit-kopie#breadcrumb\"},\"inLanguage\":\"de\",\"potentialAction\":[{\"@type\":\"ReadAction\",\"target\":[\"https:\\\/\\\/pdf-imposition.shop\\\/?product=rasterblaster-pro-v4-screen-tiff-catcher-kit-kopie\"]}]},{\"@type\":\"ImageObject\",\"inLanguage\":\"de\",\"@id\":\"https:\\\/\\\/pdf-imposition.shop\\\/?product=rasterblaster-pro-v4-screen-tiff-catcher-kit-kopie#primaryimage\",\"url\":\"https:\\\/\\\/pdf-imposition.shop\\\/wp-content\\\/uploads\\\/2018\\\/03\\\/RBlaster-Screen.png\",\"contentUrl\":\"https:\\\/\\\/pdf-imposition.shop\\\/wp-content\\\/uploads\\\/2018\\\/03\\\/RBlaster-Screen.png\",\"width\":350,\"height\":262},{\"@type\":\"BreadcrumbList\",\"@id\":\"https:\\\/\\\/pdf-imposition.shop\\\/?product=rasterblaster-pro-v4-screen-tiff-catcher-kit-kopie#breadcrumb\",\"itemListElement\":[{\"@type\":\"ListItem\",\"position\":1,\"name\":\"Startseite\",\"item\":\"https:\\\/\\\/pdf-imposition.shop\\\/\"},{\"@type\":\"ListItem\",\"position\":2,\"name\":\"Shop\",\"item\":\"https:\\\/\\\/pdf-imposition.shop\\\/?page_id=4\"},{\"@type\":\"ListItem\",\"position\":3,\"name\":\"RasterBlaster Pro v4 (B3 Network Interface, Workflow &#038; Screen-Kit)\"}]},{\"@type\":\"WebSite\",\"@id\":\"https:\\\/\\\/pdf-imposition.shop\\\/#website\",\"url\":\"https:\\\/\\\/pdf-imposition.shop\\\/\",\"name\":\"PDF-Imposition Shop\",\"description\":\"Prepress Software Shop &amp; Service\",\"publisher\":{\"@id\":\"https:\\\/\\\/pdf-imposition.shop\\\/#organization\"},\"potentialAction\":[{\"@type\":\"SearchAction\",\"target\":{\"@type\":\"EntryPoint\",\"urlTemplate\":\"https:\\\/\\\/pdf-imposition.shop\\\/?s={search_term_string}\"},\"query-input\":{\"@type\":\"PropertyValueSpecification\",\"valueRequired\":true,\"valueName\":\"search_term_string\"}}],\"inLanguage\":\"de\"},{\"@type\":\"Organization\",\"@id\":\"https:\\\/\\\/pdf-imposition.shop\\\/#organization\",\"name\":\"PDF-Imposition Shop\",\"url\":\"https:\\\/\\\/pdf-imposition.shop\\\/\",\"logo\":{\"@type\":\"ImageObject\",\"inLanguage\":\"de\",\"@id\":\"https:\\\/\\\/pdf-imposition.shop\\\/#\\\/schema\\\/logo\\\/image\\\/\",\"url\":\"https:\\\/\\\/pdf-imposition.shop\\\/wp-content\\\/uploads\\\/2018\\\/03\\\/cropped-Shop-Header.jpg\",\"contentUrl\":\"https:\\\/\\\/pdf-imposition.shop\\\/wp-content\\\/uploads\\\/2018\\\/03\\\/cropped-Shop-Header.jpg\",\"width\":470,\"height\":110,\"caption\":\"PDF-Imposition Shop\"},\"image\":{\"@id\":\"https:\\\/\\\/pdf-imposition.shop\\\/#\\\/schema\\\/logo\\\/image\\\/\"}}]}<\/script>\n<!-- \/ Yoast SEO plugin. -->","yoast_head_json":{"title":"RasterBlaster Pro v4 (B3 Network Interface, Workflow & Screen-Kit) - PDF-Imposition Shop","description":"RasterBlaster Pro v4 (B3 Network Interface, Workflow & Screen-Kit) - PDF-Imposition Shop","robots":{"index":"index","follow":"follow","max-snippet":"max-snippet:-1","max-image-preview":"max-image-preview:large","max-video-preview":"max-video-preview:-1"},"canonical":"https:\/\/pdf-imposition.shop\/?product=rasterblaster-pro-v4-screen-tiff-catcher-kit-kopie","og_locale":"de_DE","og_type":"article","og_title":"RasterBlaster Pro v4 (B3 Network Interface, Workflow & Screen-Kit) - PDF-Imposition Shop","og_description":"RasterBlaster Pro v4 (B3 Network Interface, Workflow & Screen-Kit) - PDF-Imposition Shop","og_url":"https:\/\/pdf-imposition.shop\/?product=rasterblaster-pro-v4-screen-tiff-catcher-kit-kopie","og_site_name":"PDF-Imposition Shop","article_modified_time":"2026-01-01T16:33:37+00:00","og_image":[{"width":350,"height":262,"url":"http:\/\/pdf-imposition.shop\/wp-content\/uploads\/2018\/03\/RBlaster-Screen.png","type":"image\/png"}],"twitter_card":"summary_large_image","twitter_misc":{"Gesch\u00e4tzte Lesezeit":"3\u00a0Minuten"},"schema":{"@context":"https:\/\/schema.org","@graph":[{"@type":"WebPage","@id":"https:\/\/pdf-imposition.shop\/?product=rasterblaster-pro-v4-screen-tiff-catcher-kit-kopie","url":"https:\/\/pdf-imposition.shop\/?product=rasterblaster-pro-v4-screen-tiff-catcher-kit-kopie","name":"RasterBlaster Pro v4 (B3 Network Interface, Workflow & Screen-Kit) - PDF-Imposition Shop","isPartOf":{"@id":"https:\/\/pdf-imposition.shop\/#website"},"primaryImageOfPage":{"@id":"https:\/\/pdf-imposition.shop\/?product=rasterblaster-pro-v4-screen-tiff-catcher-kit-kopie#primaryimage"},"image":{"@id":"https:\/\/pdf-imposition.shop\/?product=rasterblaster-pro-v4-screen-tiff-catcher-kit-kopie#primaryimage"},"thumbnailUrl":"https:\/\/pdf-imposition.shop\/wp-content\/uploads\/2018\/03\/RBlaster-Screen.png","datePublished":"2018-03-25T10:26:30+00:00","dateModified":"2026-01-01T16:33:37+00:00","description":"RasterBlaster Pro v4 (B3 Network Interface, Workflow & Screen-Kit) - PDF-Imposition Shop","breadcrumb":{"@id":"https:\/\/pdf-imposition.shop\/?product=rasterblaster-pro-v4-screen-tiff-catcher-kit-kopie#breadcrumb"},"inLanguage":"de","potentialAction":[{"@type":"ReadAction","target":["https:\/\/pdf-imposition.shop\/?product=rasterblaster-pro-v4-screen-tiff-catcher-kit-kopie"]}]},{"@type":"ImageObject","inLanguage":"de","@id":"https:\/\/pdf-imposition.shop\/?product=rasterblaster-pro-v4-screen-tiff-catcher-kit-kopie#primaryimage","url":"https:\/\/pdf-imposition.shop\/wp-content\/uploads\/2018\/03\/RBlaster-Screen.png","contentUrl":"https:\/\/pdf-imposition.shop\/wp-content\/uploads\/2018\/03\/RBlaster-Screen.png","width":350,"height":262},{"@type":"BreadcrumbList","@id":"https:\/\/pdf-imposition.shop\/?product=rasterblaster-pro-v4-screen-tiff-catcher-kit-kopie#breadcrumb","itemListElement":[{"@type":"ListItem","position":1,"name":"Startseite","item":"https:\/\/pdf-imposition.shop\/"},{"@type":"ListItem","position":2,"name":"Shop","item":"https:\/\/pdf-imposition.shop\/?page_id=4"},{"@type":"ListItem","position":3,"name":"RasterBlaster Pro v4 (B3 Network Interface, Workflow &#038; Screen-Kit)"}]},{"@type":"WebSite","@id":"https:\/\/pdf-imposition.shop\/#website","url":"https:\/\/pdf-imposition.shop\/","name":"PDF-Imposition Shop","description":"Prepress Software Shop &amp; Service","publisher":{"@id":"https:\/\/pdf-imposition.shop\/#organization"},"potentialAction":[{"@type":"SearchAction","target":{"@type":"EntryPoint","urlTemplate":"https:\/\/pdf-imposition.shop\/?s={search_term_string}"},"query-input":{"@type":"PropertyValueSpecification","valueRequired":true,"valueName":"search_term_string"}}],"inLanguage":"de"},{"@type":"Organization","@id":"https:\/\/pdf-imposition.shop\/#organization","name":"PDF-Imposition Shop","url":"https:\/\/pdf-imposition.shop\/","logo":{"@type":"ImageObject","inLanguage":"de","@id":"https:\/\/pdf-imposition.shop\/#\/schema\/logo\/image\/","url":"https:\/\/pdf-imposition.shop\/wp-content\/uploads\/2018\/03\/cropped-Shop-Header.jpg","contentUrl":"https:\/\/pdf-imposition.shop\/wp-content\/uploads\/2018\/03\/cropped-Shop-Header.jpg","width":470,"height":110,"caption":"PDF-Imposition Shop"},"image":{"@id":"https:\/\/pdf-imposition.shop\/#\/schema\/logo\/image\/"}}]}},"jetpack_publicize_connections":[],"jetpack_sharing_enabled":true,"_links":{"self":[{"href":"https:\/\/pdf-imposition.shop\/index.php?rest_route=\/wp\/v2\/product\/308","targetHints":{"allow":["GET"]}}],"collection":[{"href":"https:\/\/pdf-imposition.shop\/index.php?rest_route=\/wp\/v2\/product"}],"about":[{"href":"https:\/\/pdf-imposition.shop\/index.php?rest_route=\/wp\/v2\/types\/product"}],"wp:featuredmedia":[{"embeddable":true,"href":"https:\/\/pdf-imposition.shop\/index.php?rest_route=\/wp\/v2\/media\/300"}],"wp:attachment":[{"href":"https:\/\/pdf-imposition.shop\/index.php?rest_route=%2Fwp%2Fv2%2Fmedia&parent=308"}],"wp:term":[{"taxonomy":"product_brand","embeddable":true,"href":"https:\/\/pdf-imposition.shop\/index.php?rest_route=%2Fwp%2Fv2%2Fproduct_brand&post=308"},{"taxonomy":"product_cat","embeddable":true,"href":"https:\/\/pdf-imposition.shop\/index.php?rest_route=%2Fwp%2Fv2%2Fproduct_cat&post=308"},{"taxonomy":"product_tag","embeddable":true,"href":"https:\/\/pdf-imposition.shop\/index.php?rest_route=%2Fwp%2Fv2%2Fproduct_tag&post=308"}],"curies":[{"name":"wp","href":"https:\/\/api.w.org\/{rel}","templated":true}]}}