{"id":134,"date":"2018-03-19T12:26:33","date_gmt":"2018-03-19T11:26:33","guid":{"rendered":"http:\/\/pdf-imposition.shop\/?post_type=product&#038;p=134"},"modified":"2026-03-20T12:38:43","modified_gmt":"2026-03-20T11:38:43","slug":"cip3-plug-in-fuer-navigator-rip-v11-x","status":"publish","type":"product","link":"https:\/\/pdf-imposition.shop\/?product=cip3-plug-in-fuer-navigator-rip-v11-x","title":{"rendered":"CIP3 Plug-in f\u00fcr Navigator RIP v14"},"content":{"rendered":"<h2><span class=\"\" lang=\"de\" tabindex=\"-1\"><img loading=\"lazy\" decoding=\"async\" class=\"alignnone size-full wp-image-121\" src=\"http:\/\/pdf-imposition.shop\/wp-content\/uploads\/2018\/01\/Navigator-Logo.png\" alt=\"\" width=\"175\" height=\"117\" \/><\/span><\/h2>\n<h2>CIP3 Plug-in f\u00fcr Xitron Navigator RIP v14.x RIP<\/h2>\n<p><span id=\"result_box\" class=\"\" lang=\"de\" tabindex=\"-1\"><br \/>\n<\/span><span id=\"result_box\" class=\"\" lang=\"de\" tabindex=\"-1\"><\/span><span id=\"result_box\" class=\"\" lang=\"de\" tabindex=\"-1\"><span title=\"Providing prepress environments with fast, predictable, and reliable interpretation of PostScript, PDF, and EPS format files, Navigator is the most trusted name in RIP architecture with over 30,000 installations worldwide. \"><strong><span title=\"CIP3 Automated Press Ink Key Control \">Farbzonenvoreinstellung mit den CIP3\/PPF-Format<\/span><\/strong><\/span><\/span><span id=\"result_box\" class=\"\" lang=\"de\" tabindex=\"-1\"><span title=\"Providing prepress environments with fast, predictable, and reliable interpretation of PostScript, PDF, and EPS format files, Navigator is the most trusted name in RIP architecture with over 30,000 installations worldwide. \"><span title=\"CIP3 Automated Press Ink Key Control \"><br \/>\n<\/span><\/span><\/span><br \/>\n<span id=\"result_box\" class=\"\" lang=\"de\" tabindex=\"-1\"><span title=\"Providing prepress environments with fast, predictable, and reliable interpretation of PostScript, PDF, and EPS format files, Navigator is the most trusted name in RIP architecture with over 30,000 installations worldwide. \"><span title=\"The CIP\u00ae Output Plug-in enables the Fusion Harlequin\u00ae RIPs to produce Print Production Format (PPF) files containing information about print jobs, including administrative data, information about inks, and preview images.\">Das CIP3 Output Plug-in erm\u00f6glicht es mit den Navigator RIP PPF-Dateien (Print Production Format) zu erstellen, die Informationen zu Druckauftr\u00e4gen enthalten, einschlie\u00dflich administrativer Daten, Informationen zu Druckfarben und Vorschaubildern. <\/span><span title=\"The PPF file is then read by a CIP reader at the printing press control systems, which provides instructions for automatically setting ink fountains on the press.\">Die PPF-Datei wird dann vom CIP3-Interpreter am Druckmaschinenleitstand gelesen. Anweisungen zum automatischen Einstellen der Farbzonenregler der Druckmaschine werden so bereitstellt.<\/span> <span title=\"Integrating these files into your press can bring you to color far faster, while reducing make-ready time, wastage and the need for plate scanners. \">Durch die Integration dieser Farbvoreinstellung in der Druckmaschine kommen Sie viel schneller &#8222;in die Farbe&#8220; kommen, reduzieren gleichzeitig R\u00fcstzeiten und Makulatur. Die Druckmaschine muss mit der Option CIP3-Daten lesen zu k\u00f6nnen ausgestattet sein, das hei\u00dft<\/span><\/span><\/span> z. B. mit <strong>Heidelberg Prepress Interface, KBA CipLink oder MAN Roland Pecom\/Printnet<\/strong> u.v.a.m.<\/p>\n<div><\/div>\n<p><span title=\"PPF : Print Production Format \"><strong>CIP3\/PPF-Druckproduktionsformat<br \/>\n<\/strong><\/span><span title=\"PPF is the file format specification developed by the original CIP3 consortium.\">PPF ist die vom urspr\u00fcnglichen CIP3-Konsortium entwickelte Dateiformatspezifikation. <\/span><span title=\"PPF files may contain any or all of the following items relating to the front and\/or back of fully imposed press sheets: \">PPF-Dateien k\u00f6nnen einige oder alle der folgenden Punkte enthalten, die sich auf die Vorder- und \/ oder R\u00fcckseite der Druckbogen beziehen:<\/span><\/p>\n<p><span title=\"\u2022 Inking data for the press, allowing automatic setting of ink fountains on press.\">\u2022 Farbvoreinstellung der Druckmaschine<\/span><span title=\"* \"><br \/>\n<\/span><span title=\"\u2022 Plate size and mounting position in relation to the press.\">\u2022 Plattengr\u00f6\u00dfe und Plattenposition<\/span><span title=\"* \"><br \/>\n<\/span><span title=\"\u2022 Separations required for the job.\">\u2022 K<\/span><span title=\"* \">omposit- &amp; Separationsfarbeneinstellungen<br \/>\n<\/span><span title=\"\u2022 Positions and colors of color test strips, allowing automatic setting of closed loop adjustments on press. \">\u2022 Positionen und Farben von Farbteststreifen, die eine automatische Einstellung von Closed-<\/span><span title=\"\u2022 Positions and colors of color test strips, allowing automatic setting of closed loop adjustments on press. \">Loop-Einstellungen an der\u00a0\u00a0\u00a0\u00a0\u00a0 Druckmaschine erm\u00f6glichen.<br \/>\n<\/span><span id=\"result_box\" class=\"\" lang=\"de\" tabindex=\"-1\"><span title=\"Providing prepress environments with fast, predictable, and reliable interpretation of PostScript, PDF, and EPS format files, Navigator is the most trusted name in RIP architecture with over 30,000 installations worldwide. \"><span title=\"\u2022 Positions of registration marks, allowing automatic setting of registration test meters on press. \">\u2022 Positionen von Registriermarken, die das automatische Einstellen von Registrierpr\u00fcfger\u00e4ten auf der Presse erm\u00f6glichen.<br \/>\n<\/span><span title=\"\u2022 Positions of fold and cut marks, allowing at least preliminary setup of post-press operations to be handled automatically. \">\u2022 Positionen von Falz- und Schnittmarken, die mindestens eine vorl\u00e4ufige Einrichtung von Postpress-Vorg\u00e4ngen erm\u00f6glichen, die automatisch ausgef\u00fchrt werden.<br \/>\n<\/span><\/span><\/span><\/p>\n<p><span style=\"color: #0da4d3;\"><strong>Virtuelles Produkt \u2013 Option ist zusammen mit Navigator RIP v14.x vorinstalliert. Soft Lock (SL) Code Lizenzierung erfolgt per Kundenmail und aktiviert das Plug-in.<\/strong><\/span><\/p>\n<p>&nbsp;<\/p>\n<p>&nbsp;<\/p>\n","protected":false},"excerpt":{"rendered":"<p><span id=\"result_box\" class=\"\" lang=\"de\" tabindex=\"-1\"><span title=\"Providing prepress environments with fast, predictable, and reliable interpretation of PostScript, PDF, and EPS format files, Navigator is the most trusted name in RIP architecture with over 30,000 installations worldwide. \"><span title=\"The CIP\u00ae Output Plug-in enables the Fusion Harlequin\u00ae RIPs to produce Print Production Format (PPF) files containing information about print jobs, including administrative data, information about inks, and preview images.\">Das CIP\u00ae Output Plug-in erm\u00f6glicht es mit den Navigator RIP PPF-Dateien (Print Production Format) zu erstellen, die Informationen zu Druckauftr\u00e4gen enthalten, einschlie\u00dflich administrativer Daten, Informationen zu Druckfarben und Vorschaubildern. <\/span><\/span><\/span><\/p>\n","protected":false},"featured_media":252,"template":"","meta":{"pmpro_default_level":"","jetpack_post_was_ever_published":false,"jetpack_publicize_message":"","jetpack_publicize_feature_enabled":true,"jetpack_social_post_already_shared":true,"jetpack_social_options":{"image_generator_settings":{"template":"highway","default_image_id":0,"font":"","enabled":false},"version":2}},"product_brand":[],"product_cat":[47,39,71],"product_tag":[64,63],"class_list":{"0":"post-134","1":"product","2":"type-product","3":"status-publish","4":"has-post-thumbnail","6":"wpc-brand-xitron","7":"product_cat-farbzonensteuerung","8":"product_cat-rip-optionen","9":"product_cat-windows","10":"product_tag-cip3","11":"product_tag-farbzonensteuerung","12":"product_shipping_class-dhl-paket-ii","13":"pmpro-has-access","15":"first","16":"instock","17":"virtual","18":"taxable","19":"purchasable","20":"product-type-simple"},"yoast_head":"<!-- This site is optimized with the Yoast SEO plugin v27.3 - https:\/\/yoast.com\/product\/yoast-seo-wordpress\/ -->\n<title>CIP3 Plug-in f\u00fcr Navigator RIP v14 - PDF-Imposition Shop<\/title>\n<meta name=\"robots\" content=\"index, follow, max-snippet:-1, max-image-preview:large, max-video-preview:-1\" \/>\n<link rel=\"canonical\" href=\"https:\/\/pdf-imposition.shop\/?product=cip3-plug-in-fuer-navigator-rip-v11-x\" \/>\n<meta property=\"og:locale\" content=\"de_DE\" \/>\n<meta property=\"og:type\" content=\"article\" \/>\n<meta property=\"og:title\" content=\"CIP3 Plug-in f\u00fcr Navigator RIP v14 - PDF-Imposition Shop\" \/>\n<meta property=\"og:description\" content=\"Das CIP\u00ae Output Plug-in erm\u00f6glicht es mit den Navigator RIP PPF-Dateien (Print Production Format) zu erstellen, die Informationen zu Druckauftr\u00e4gen enthalten, einschlie\u00dflich administrativer Daten, Informationen zu Druckfarben und Vorschaubildern.\" \/>\n<meta property=\"og:url\" content=\"https:\/\/pdf-imposition.shop\/?product=cip3-plug-in-fuer-navigator-rip-v11-x\" \/>\n<meta property=\"og:site_name\" content=\"PDF-Imposition Shop\" \/>\n<meta property=\"article:modified_time\" content=\"2026-03-20T11:38:43+00:00\" \/>\n<meta property=\"og:image\" content=\"http:\/\/pdf-imposition.shop\/wp-content\/uploads\/2018\/03\/cip3.png\" \/>\n\t<meta property=\"og:image:width\" content=\"800\" \/>\n\t<meta property=\"og:image:height\" content=\"799\" \/>\n\t<meta property=\"og:image:type\" content=\"image\/png\" \/>\n<meta name=\"twitter:card\" content=\"summary_large_image\" \/>\n<meta name=\"twitter:label1\" content=\"Gesch\u00e4tzte Lesezeit\" \/>\n\t<meta name=\"twitter:data1\" content=\"2\u00a0Minuten\" \/>\n<script type=\"application\/ld+json\" class=\"yoast-schema-graph\">{\"@context\":\"https:\\\/\\\/schema.org\",\"@graph\":[{\"@type\":\"WebPage\",\"@id\":\"https:\\\/\\\/pdf-imposition.shop\\\/?product=cip3-plug-in-fuer-navigator-rip-v11-x\",\"url\":\"https:\\\/\\\/pdf-imposition.shop\\\/?product=cip3-plug-in-fuer-navigator-rip-v11-x\",\"name\":\"CIP3 Plug-in f\u00fcr Navigator RIP v14 - PDF-Imposition Shop\",\"isPartOf\":{\"@id\":\"https:\\\/\\\/pdf-imposition.shop\\\/#website\"},\"primaryImageOfPage\":{\"@id\":\"https:\\\/\\\/pdf-imposition.shop\\\/?product=cip3-plug-in-fuer-navigator-rip-v11-x#primaryimage\"},\"image\":{\"@id\":\"https:\\\/\\\/pdf-imposition.shop\\\/?product=cip3-plug-in-fuer-navigator-rip-v11-x#primaryimage\"},\"thumbnailUrl\":\"https:\\\/\\\/pdf-imposition.shop\\\/wp-content\\\/uploads\\\/2018\\\/03\\\/cip3.png\",\"datePublished\":\"2018-03-19T11:26:33+00:00\",\"dateModified\":\"2026-03-20T11:38:43+00:00\",\"breadcrumb\":{\"@id\":\"https:\\\/\\\/pdf-imposition.shop\\\/?product=cip3-plug-in-fuer-navigator-rip-v11-x#breadcrumb\"},\"inLanguage\":\"de\",\"potentialAction\":[{\"@type\":\"ReadAction\",\"target\":[\"https:\\\/\\\/pdf-imposition.shop\\\/?product=cip3-plug-in-fuer-navigator-rip-v11-x\"]}]},{\"@type\":\"ImageObject\",\"inLanguage\":\"de\",\"@id\":\"https:\\\/\\\/pdf-imposition.shop\\\/?product=cip3-plug-in-fuer-navigator-rip-v11-x#primaryimage\",\"url\":\"https:\\\/\\\/pdf-imposition.shop\\\/wp-content\\\/uploads\\\/2018\\\/03\\\/cip3.png\",\"contentUrl\":\"https:\\\/\\\/pdf-imposition.shop\\\/wp-content\\\/uploads\\\/2018\\\/03\\\/cip3.png\",\"width\":800,\"height\":799},{\"@type\":\"BreadcrumbList\",\"@id\":\"https:\\\/\\\/pdf-imposition.shop\\\/?product=cip3-plug-in-fuer-navigator-rip-v11-x#breadcrumb\",\"itemListElement\":[{\"@type\":\"ListItem\",\"position\":1,\"name\":\"Startseite\",\"item\":\"https:\\\/\\\/pdf-imposition.shop\\\/\"},{\"@type\":\"ListItem\",\"position\":2,\"name\":\"Shop\",\"item\":\"https:\\\/\\\/pdf-imposition.shop\\\/?page_id=4\"},{\"@type\":\"ListItem\",\"position\":3,\"name\":\"CIP3 Plug-in f\u00fcr Navigator RIP v14\"}]},{\"@type\":\"WebSite\",\"@id\":\"https:\\\/\\\/pdf-imposition.shop\\\/#website\",\"url\":\"https:\\\/\\\/pdf-imposition.shop\\\/\",\"name\":\"PDF-Imposition Shop\",\"description\":\"Prepress Software Shop &amp; Service\",\"publisher\":{\"@id\":\"https:\\\/\\\/pdf-imposition.shop\\\/#organization\"},\"potentialAction\":[{\"@type\":\"SearchAction\",\"target\":{\"@type\":\"EntryPoint\",\"urlTemplate\":\"https:\\\/\\\/pdf-imposition.shop\\\/?s={search_term_string}\"},\"query-input\":{\"@type\":\"PropertyValueSpecification\",\"valueRequired\":true,\"valueName\":\"search_term_string\"}}],\"inLanguage\":\"de\"},{\"@type\":\"Organization\",\"@id\":\"https:\\\/\\\/pdf-imposition.shop\\\/#organization\",\"name\":\"PDF-Imposition Shop\",\"url\":\"https:\\\/\\\/pdf-imposition.shop\\\/\",\"logo\":{\"@type\":\"ImageObject\",\"inLanguage\":\"de\",\"@id\":\"https:\\\/\\\/pdf-imposition.shop\\\/#\\\/schema\\\/logo\\\/image\\\/\",\"url\":\"https:\\\/\\\/pdf-imposition.shop\\\/wp-content\\\/uploads\\\/2018\\\/03\\\/cropped-Shop-Header.jpg\",\"contentUrl\":\"https:\\\/\\\/pdf-imposition.shop\\\/wp-content\\\/uploads\\\/2018\\\/03\\\/cropped-Shop-Header.jpg\",\"width\":470,\"height\":110,\"caption\":\"PDF-Imposition Shop\"},\"image\":{\"@id\":\"https:\\\/\\\/pdf-imposition.shop\\\/#\\\/schema\\\/logo\\\/image\\\/\"}}]}<\/script>\n<!-- \/ Yoast SEO plugin. -->","yoast_head_json":{"title":"CIP3 Plug-in f\u00fcr Navigator RIP v14 - PDF-Imposition Shop","robots":{"index":"index","follow":"follow","max-snippet":"max-snippet:-1","max-image-preview":"max-image-preview:large","max-video-preview":"max-video-preview:-1"},"canonical":"https:\/\/pdf-imposition.shop\/?product=cip3-plug-in-fuer-navigator-rip-v11-x","og_locale":"de_DE","og_type":"article","og_title":"CIP3 Plug-in f\u00fcr Navigator RIP v14 - PDF-Imposition Shop","og_description":"Das CIP\u00ae Output Plug-in erm\u00f6glicht es mit den Navigator RIP PPF-Dateien (Print Production Format) zu erstellen, die Informationen zu Druckauftr\u00e4gen enthalten, einschlie\u00dflich administrativer Daten, Informationen zu Druckfarben und Vorschaubildern.","og_url":"https:\/\/pdf-imposition.shop\/?product=cip3-plug-in-fuer-navigator-rip-v11-x","og_site_name":"PDF-Imposition Shop","article_modified_time":"2026-03-20T11:38:43+00:00","og_image":[{"width":800,"height":799,"url":"http:\/\/pdf-imposition.shop\/wp-content\/uploads\/2018\/03\/cip3.png","type":"image\/png"}],"twitter_card":"summary_large_image","twitter_misc":{"Gesch\u00e4tzte Lesezeit":"2\u00a0Minuten"},"schema":{"@context":"https:\/\/schema.org","@graph":[{"@type":"WebPage","@id":"https:\/\/pdf-imposition.shop\/?product=cip3-plug-in-fuer-navigator-rip-v11-x","url":"https:\/\/pdf-imposition.shop\/?product=cip3-plug-in-fuer-navigator-rip-v11-x","name":"CIP3 Plug-in f\u00fcr Navigator RIP v14 - PDF-Imposition Shop","isPartOf":{"@id":"https:\/\/pdf-imposition.shop\/#website"},"primaryImageOfPage":{"@id":"https:\/\/pdf-imposition.shop\/?product=cip3-plug-in-fuer-navigator-rip-v11-x#primaryimage"},"image":{"@id":"https:\/\/pdf-imposition.shop\/?product=cip3-plug-in-fuer-navigator-rip-v11-x#primaryimage"},"thumbnailUrl":"https:\/\/pdf-imposition.shop\/wp-content\/uploads\/2018\/03\/cip3.png","datePublished":"2018-03-19T11:26:33+00:00","dateModified":"2026-03-20T11:38:43+00:00","breadcrumb":{"@id":"https:\/\/pdf-imposition.shop\/?product=cip3-plug-in-fuer-navigator-rip-v11-x#breadcrumb"},"inLanguage":"de","potentialAction":[{"@type":"ReadAction","target":["https:\/\/pdf-imposition.shop\/?product=cip3-plug-in-fuer-navigator-rip-v11-x"]}]},{"@type":"ImageObject","inLanguage":"de","@id":"https:\/\/pdf-imposition.shop\/?product=cip3-plug-in-fuer-navigator-rip-v11-x#primaryimage","url":"https:\/\/pdf-imposition.shop\/wp-content\/uploads\/2018\/03\/cip3.png","contentUrl":"https:\/\/pdf-imposition.shop\/wp-content\/uploads\/2018\/03\/cip3.png","width":800,"height":799},{"@type":"BreadcrumbList","@id":"https:\/\/pdf-imposition.shop\/?product=cip3-plug-in-fuer-navigator-rip-v11-x#breadcrumb","itemListElement":[{"@type":"ListItem","position":1,"name":"Startseite","item":"https:\/\/pdf-imposition.shop\/"},{"@type":"ListItem","position":2,"name":"Shop","item":"https:\/\/pdf-imposition.shop\/?page_id=4"},{"@type":"ListItem","position":3,"name":"CIP3 Plug-in f\u00fcr Navigator RIP v14"}]},{"@type":"WebSite","@id":"https:\/\/pdf-imposition.shop\/#website","url":"https:\/\/pdf-imposition.shop\/","name":"PDF-Imposition Shop","description":"Prepress Software Shop &amp; Service","publisher":{"@id":"https:\/\/pdf-imposition.shop\/#organization"},"potentialAction":[{"@type":"SearchAction","target":{"@type":"EntryPoint","urlTemplate":"https:\/\/pdf-imposition.shop\/?s={search_term_string}"},"query-input":{"@type":"PropertyValueSpecification","valueRequired":true,"valueName":"search_term_string"}}],"inLanguage":"de"},{"@type":"Organization","@id":"https:\/\/pdf-imposition.shop\/#organization","name":"PDF-Imposition Shop","url":"https:\/\/pdf-imposition.shop\/","logo":{"@type":"ImageObject","inLanguage":"de","@id":"https:\/\/pdf-imposition.shop\/#\/schema\/logo\/image\/","url":"https:\/\/pdf-imposition.shop\/wp-content\/uploads\/2018\/03\/cropped-Shop-Header.jpg","contentUrl":"https:\/\/pdf-imposition.shop\/wp-content\/uploads\/2018\/03\/cropped-Shop-Header.jpg","width":470,"height":110,"caption":"PDF-Imposition Shop"},"image":{"@id":"https:\/\/pdf-imposition.shop\/#\/schema\/logo\/image\/"}}]}},"jetpack_publicize_connections":[],"jetpack_sharing_enabled":true,"_links":{"self":[{"href":"https:\/\/pdf-imposition.shop\/index.php?rest_route=\/wp\/v2\/product\/134","targetHints":{"allow":["GET"]}}],"collection":[{"href":"https:\/\/pdf-imposition.shop\/index.php?rest_route=\/wp\/v2\/product"}],"about":[{"href":"https:\/\/pdf-imposition.shop\/index.php?rest_route=\/wp\/v2\/types\/product"}],"wp:featuredmedia":[{"embeddable":true,"href":"https:\/\/pdf-imposition.shop\/index.php?rest_route=\/wp\/v2\/media\/252"}],"wp:attachment":[{"href":"https:\/\/pdf-imposition.shop\/index.php?rest_route=%2Fwp%2Fv2%2Fmedia&parent=134"}],"wp:term":[{"taxonomy":"product_brand","embeddable":true,"href":"https:\/\/pdf-imposition.shop\/index.php?rest_route=%2Fwp%2Fv2%2Fproduct_brand&post=134"},{"taxonomy":"product_cat","embeddable":true,"href":"https:\/\/pdf-imposition.shop\/index.php?rest_route=%2Fwp%2Fv2%2Fproduct_cat&post=134"},{"taxonomy":"product_tag","embeddable":true,"href":"https:\/\/pdf-imposition.shop\/index.php?rest_route=%2Fwp%2Fv2%2Fproduct_tag&post=134"}],"curies":[{"name":"wp","href":"https:\/\/api.w.org\/{rel}","templated":true}]}}