{"id":1321,"date":"2026-01-07T10:03:37","date_gmt":"2026-01-07T09:03:37","guid":{"rendered":"https:\/\/pdf-imposition.shop\/?post_type=product&#038;p=1321"},"modified":"2026-03-20T11:49:16","modified_gmt":"2026-03-20T10:49:16","slug":"xitron-navigator-plate-controller","status":"publish","type":"product","link":"https:\/\/pdf-imposition.shop\/?product=xitron-navigator-plate-controller","title":{"rendered":"Navigator Plate Controller"},"content":{"rendered":"<h2><span class=\"\" lang=\"de\" tabindex=\"-1\"><img loading=\"lazy\" decoding=\"async\" class=\"alignnone size-full wp-image-121\" src=\"http:\/\/pdf-imposition.shop\/wp-content\/uploads\/2018\/01\/Navigator-Logo.png\" alt=\"\" width=\"175\" height=\"117\" \/><\/span><\/h2>\n<h2>Navigator Plate Controller<\/h2>\n<p><span id=\"result_box\" class=\"\" lang=\"de\" tabindex=\"-1\"><br \/>\n<\/span><strong><span id=\"result_box\" class=\"\" lang=\"de\" tabindex=\"-1\"><span title=\"The path to Prepress Independence\u00ae \">Der Weg zur &lt;Prepress Independence\u00ae &gt;<\/span><\/span><\/strong><\/p>\n<p>Navigator Plate Controller vereinfacht die Auftragszusammenstellung durch eine intuitive Benutzeroberfl\u00e4che und Drag-&amp;-Drop-Funktionalit\u00e4t. Bediener k\u00f6nnen 1-Bit-TIFF-Separationen aus eingehenden Auftr\u00e4gen ausw\u00e4hlen, um den Plattenmaterialverbrauch zu optimieren. Auftr\u00e4ge lassen sich per Klick und Drag-and-Drop einfach verschieben, drehen und positionieren. Mit der Funktion \u201eAutomatisches Zuschneiden\u201c werden Ausgabebilder erzeugt, die Abfall minimieren.<\/p>\n<p><a href=\"http:\/\/pdf-imposition.shop\/wp-content\/uploads\/2026\/01\/Navigator-Flexo-Suite.pdf\" target=\"_blank\" rel=\"noopener\"><strong>Brosch\u00fcre Navigator Flexo Suite\u00a0<\/strong><\/a><\/p>\n","protected":false},"excerpt":{"rendered":"<p>Der Xitron Navigator Plate Controller vereinfacht die Auftragszusammenstellung durch eine intuitive Benutzeroberfl\u00e4che und Drag-&amp;-Drop-Funktionalit\u00e4t. Bediener k\u00f6nnen 1-Bit-TIFF-Separationen aus eingehenden Auftr\u00e4gen ausw\u00e4hlen, um den Plattenmaterialverbrauch zu optimieren. Auftr\u00e4ge lassen sich per Klick und Drag-and-Drop einfach verschieben, drehen und positionieren. Mit der Funktion \u201eAutomatisches Zuschneiden\u201c werden Ausgabebilder erzeugt, die Abfall minimieren.<\/p>\n","protected":false},"featured_media":1322,"template":"","meta":{"pmpro_default_level":"","jetpack_post_was_ever_published":false,"jetpack_publicize_message":"","jetpack_publicize_feature_enabled":true,"jetpack_social_post_already_shared":true,"jetpack_social_options":{"image_generator_settings":{"template":"highway","default_image_id":0,"font":"","enabled":false},"version":2}},"product_brand":[],"product_cat":[167,37,71],"product_tag":[209,208,42],"class_list":{"0":"post-1321","1":"product","2":"type-product","3":"status-publish","4":"has-post-thumbnail","6":"wpc-brand-xitron","7":"product_cat-flexoprint","8":"product_cat-rip-software","9":"product_cat-windows","10":"product_tag-1bit-tiff","11":"product_tag-merger-software","12":"product_tag-rip-software","13":"product_shipping_class-dhlpaket5kg","14":"pmpro-has-access","16":"first","17":"instock","18":"taxable","19":"shipping-taxable","20":"purchasable","21":"product-type-simple"},"yoast_head":"<!-- This site is optimized with the Yoast SEO plugin v27.3 - https:\/\/yoast.com\/product\/yoast-seo-wordpress\/ -->\n<title>Navigator Plate Controller - PDF-Imposition Shop<\/title>\n<meta name=\"description\" content=\"Navigator Plate Controller - PDF-Imposition Shop\" \/>\n<meta name=\"robots\" content=\"index, follow, max-snippet:-1, max-image-preview:large, max-video-preview:-1\" \/>\n<link rel=\"canonical\" href=\"https:\/\/pdf-imposition.shop\/?product=xitron-navigator-plate-controller\" \/>\n<meta property=\"og:locale\" content=\"de_DE\" \/>\n<meta property=\"og:type\" content=\"article\" \/>\n<meta property=\"og:title\" content=\"Navigator Plate Controller - PDF-Imposition Shop\" \/>\n<meta property=\"og:description\" content=\"Navigator Plate Controller - PDF-Imposition Shop\" \/>\n<meta property=\"og:url\" content=\"https:\/\/pdf-imposition.shop\/?product=xitron-navigator-plate-controller\" \/>\n<meta property=\"og:site_name\" content=\"PDF-Imposition Shop\" \/>\n<meta property=\"article:modified_time\" content=\"2026-03-20T10:49:16+00:00\" \/>\n<meta name=\"twitter:card\" content=\"summary_large_image\" \/>\n<meta name=\"twitter:label1\" content=\"Gesch\u00e4tzte Lesezeit\" \/>\n\t<meta name=\"twitter:data1\" content=\"1\u00a0Minute\" \/>\n<script type=\"application\/ld+json\" class=\"yoast-schema-graph\">{\"@context\":\"https:\\\/\\\/schema.org\",\"@graph\":[{\"@type\":\"WebPage\",\"@id\":\"https:\\\/\\\/pdf-imposition.shop\\\/?product=xitron-navigator-plate-controller\",\"url\":\"https:\\\/\\\/pdf-imposition.shop\\\/?product=xitron-navigator-plate-controller\",\"name\":\"Navigator Plate Controller - PDF-Imposition Shop\",\"isPartOf\":{\"@id\":\"https:\\\/\\\/pdf-imposition.shop\\\/#website\"},\"primaryImageOfPage\":{\"@id\":\"https:\\\/\\\/pdf-imposition.shop\\\/?product=xitron-navigator-plate-controller#primaryimage\"},\"image\":{\"@id\":\"https:\\\/\\\/pdf-imposition.shop\\\/?product=xitron-navigator-plate-controller#primaryimage\"},\"thumbnailUrl\":\"https:\\\/\\\/pdf-imposition.shop\\\/wp-content\\\/uploads\\\/2026\\\/01\\\/Navigator-Harlequin-RIP-Flexo-Suite-Plat.avif\",\"datePublished\":\"2026-01-07T09:03:37+00:00\",\"dateModified\":\"2026-03-20T10:49:16+00:00\",\"description\":\"Navigator Plate Controller - PDF-Imposition Shop\",\"breadcrumb\":{\"@id\":\"https:\\\/\\\/pdf-imposition.shop\\\/?product=xitron-navigator-plate-controller#breadcrumb\"},\"inLanguage\":\"de\",\"potentialAction\":[{\"@type\":\"ReadAction\",\"target\":[\"https:\\\/\\\/pdf-imposition.shop\\\/?product=xitron-navigator-plate-controller\"]}]},{\"@type\":\"ImageObject\",\"inLanguage\":\"de\",\"@id\":\"https:\\\/\\\/pdf-imposition.shop\\\/?product=xitron-navigator-plate-controller#primaryimage\",\"url\":\"https:\\\/\\\/pdf-imposition.shop\\\/wp-content\\\/uploads\\\/2026\\\/01\\\/Navigator-Harlequin-RIP-Flexo-Suite-Plat.avif\",\"contentUrl\":\"https:\\\/\\\/pdf-imposition.shop\\\/wp-content\\\/uploads\\\/2026\\\/01\\\/Navigator-Harlequin-RIP-Flexo-Suite-Plat.avif\",\"width\":666,\"height\":416},{\"@type\":\"BreadcrumbList\",\"@id\":\"https:\\\/\\\/pdf-imposition.shop\\\/?product=xitron-navigator-plate-controller#breadcrumb\",\"itemListElement\":[{\"@type\":\"ListItem\",\"position\":1,\"name\":\"Startseite\",\"item\":\"https:\\\/\\\/pdf-imposition.shop\\\/\"},{\"@type\":\"ListItem\",\"position\":2,\"name\":\"Shop\",\"item\":\"https:\\\/\\\/pdf-imposition.shop\\\/?page_id=4\"},{\"@type\":\"ListItem\",\"position\":3,\"name\":\"Navigator Plate Controller\"}]},{\"@type\":\"WebSite\",\"@id\":\"https:\\\/\\\/pdf-imposition.shop\\\/#website\",\"url\":\"https:\\\/\\\/pdf-imposition.shop\\\/\",\"name\":\"PDF-Imposition Shop\",\"description\":\"Prepress Software Shop &amp; Service\",\"publisher\":{\"@id\":\"https:\\\/\\\/pdf-imposition.shop\\\/#organization\"},\"potentialAction\":[{\"@type\":\"SearchAction\",\"target\":{\"@type\":\"EntryPoint\",\"urlTemplate\":\"https:\\\/\\\/pdf-imposition.shop\\\/?s={search_term_string}\"},\"query-input\":{\"@type\":\"PropertyValueSpecification\",\"valueRequired\":true,\"valueName\":\"search_term_string\"}}],\"inLanguage\":\"de\"},{\"@type\":\"Organization\",\"@id\":\"https:\\\/\\\/pdf-imposition.shop\\\/#organization\",\"name\":\"PDF-Imposition Shop\",\"url\":\"https:\\\/\\\/pdf-imposition.shop\\\/\",\"logo\":{\"@type\":\"ImageObject\",\"inLanguage\":\"de\",\"@id\":\"https:\\\/\\\/pdf-imposition.shop\\\/#\\\/schema\\\/logo\\\/image\\\/\",\"url\":\"https:\\\/\\\/pdf-imposition.shop\\\/wp-content\\\/uploads\\\/2018\\\/03\\\/cropped-Shop-Header.jpg\",\"contentUrl\":\"https:\\\/\\\/pdf-imposition.shop\\\/wp-content\\\/uploads\\\/2018\\\/03\\\/cropped-Shop-Header.jpg\",\"width\":470,\"height\":110,\"caption\":\"PDF-Imposition Shop\"},\"image\":{\"@id\":\"https:\\\/\\\/pdf-imposition.shop\\\/#\\\/schema\\\/logo\\\/image\\\/\"}}]}<\/script>\n<!-- \/ Yoast SEO plugin. -->","yoast_head_json":{"title":"Navigator Plate Controller - PDF-Imposition Shop","description":"Navigator Plate Controller - PDF-Imposition Shop","robots":{"index":"index","follow":"follow","max-snippet":"max-snippet:-1","max-image-preview":"max-image-preview:large","max-video-preview":"max-video-preview:-1"},"canonical":"https:\/\/pdf-imposition.shop\/?product=xitron-navigator-plate-controller","og_locale":"de_DE","og_type":"article","og_title":"Navigator Plate Controller - PDF-Imposition Shop","og_description":"Navigator Plate Controller - PDF-Imposition Shop","og_url":"https:\/\/pdf-imposition.shop\/?product=xitron-navigator-plate-controller","og_site_name":"PDF-Imposition Shop","article_modified_time":"2026-03-20T10:49:16+00:00","twitter_card":"summary_large_image","twitter_misc":{"Gesch\u00e4tzte Lesezeit":"1\u00a0Minute"},"schema":{"@context":"https:\/\/schema.org","@graph":[{"@type":"WebPage","@id":"https:\/\/pdf-imposition.shop\/?product=xitron-navigator-plate-controller","url":"https:\/\/pdf-imposition.shop\/?product=xitron-navigator-plate-controller","name":"Navigator Plate Controller - PDF-Imposition Shop","isPartOf":{"@id":"https:\/\/pdf-imposition.shop\/#website"},"primaryImageOfPage":{"@id":"https:\/\/pdf-imposition.shop\/?product=xitron-navigator-plate-controller#primaryimage"},"image":{"@id":"https:\/\/pdf-imposition.shop\/?product=xitron-navigator-plate-controller#primaryimage"},"thumbnailUrl":"https:\/\/pdf-imposition.shop\/wp-content\/uploads\/2026\/01\/Navigator-Harlequin-RIP-Flexo-Suite-Plat.avif","datePublished":"2026-01-07T09:03:37+00:00","dateModified":"2026-03-20T10:49:16+00:00","description":"Navigator Plate Controller - PDF-Imposition Shop","breadcrumb":{"@id":"https:\/\/pdf-imposition.shop\/?product=xitron-navigator-plate-controller#breadcrumb"},"inLanguage":"de","potentialAction":[{"@type":"ReadAction","target":["https:\/\/pdf-imposition.shop\/?product=xitron-navigator-plate-controller"]}]},{"@type":"ImageObject","inLanguage":"de","@id":"https:\/\/pdf-imposition.shop\/?product=xitron-navigator-plate-controller#primaryimage","url":"https:\/\/pdf-imposition.shop\/wp-content\/uploads\/2026\/01\/Navigator-Harlequin-RIP-Flexo-Suite-Plat.avif","contentUrl":"https:\/\/pdf-imposition.shop\/wp-content\/uploads\/2026\/01\/Navigator-Harlequin-RIP-Flexo-Suite-Plat.avif","width":666,"height":416},{"@type":"BreadcrumbList","@id":"https:\/\/pdf-imposition.shop\/?product=xitron-navigator-plate-controller#breadcrumb","itemListElement":[{"@type":"ListItem","position":1,"name":"Startseite","item":"https:\/\/pdf-imposition.shop\/"},{"@type":"ListItem","position":2,"name":"Shop","item":"https:\/\/pdf-imposition.shop\/?page_id=4"},{"@type":"ListItem","position":3,"name":"Navigator Plate Controller"}]},{"@type":"WebSite","@id":"https:\/\/pdf-imposition.shop\/#website","url":"https:\/\/pdf-imposition.shop\/","name":"PDF-Imposition Shop","description":"Prepress Software Shop &amp; Service","publisher":{"@id":"https:\/\/pdf-imposition.shop\/#organization"},"potentialAction":[{"@type":"SearchAction","target":{"@type":"EntryPoint","urlTemplate":"https:\/\/pdf-imposition.shop\/?s={search_term_string}"},"query-input":{"@type":"PropertyValueSpecification","valueRequired":true,"valueName":"search_term_string"}}],"inLanguage":"de"},{"@type":"Organization","@id":"https:\/\/pdf-imposition.shop\/#organization","name":"PDF-Imposition Shop","url":"https:\/\/pdf-imposition.shop\/","logo":{"@type":"ImageObject","inLanguage":"de","@id":"https:\/\/pdf-imposition.shop\/#\/schema\/logo\/image\/","url":"https:\/\/pdf-imposition.shop\/wp-content\/uploads\/2018\/03\/cropped-Shop-Header.jpg","contentUrl":"https:\/\/pdf-imposition.shop\/wp-content\/uploads\/2018\/03\/cropped-Shop-Header.jpg","width":470,"height":110,"caption":"PDF-Imposition Shop"},"image":{"@id":"https:\/\/pdf-imposition.shop\/#\/schema\/logo\/image\/"}}]}},"jetpack_publicize_connections":[],"jetpack_sharing_enabled":true,"_links":{"self":[{"href":"https:\/\/pdf-imposition.shop\/index.php?rest_route=\/wp\/v2\/product\/1321","targetHints":{"allow":["GET"]}}],"collection":[{"href":"https:\/\/pdf-imposition.shop\/index.php?rest_route=\/wp\/v2\/product"}],"about":[{"href":"https:\/\/pdf-imposition.shop\/index.php?rest_route=\/wp\/v2\/types\/product"}],"wp:featuredmedia":[{"embeddable":true,"href":"https:\/\/pdf-imposition.shop\/index.php?rest_route=\/wp\/v2\/media\/1322"}],"wp:attachment":[{"href":"https:\/\/pdf-imposition.shop\/index.php?rest_route=%2Fwp%2Fv2%2Fmedia&parent=1321"}],"wp:term":[{"taxonomy":"product_brand","embeddable":true,"href":"https:\/\/pdf-imposition.shop\/index.php?rest_route=%2Fwp%2Fv2%2Fproduct_brand&post=1321"},{"taxonomy":"product_cat","embeddable":true,"href":"https:\/\/pdf-imposition.shop\/index.php?rest_route=%2Fwp%2Fv2%2Fproduct_cat&post=1321"},{"taxonomy":"product_tag","embeddable":true,"href":"https:\/\/pdf-imposition.shop\/index.php?rest_route=%2Fwp%2Fv2%2Fproduct_tag&post=1321"}],"curies":[{"name":"wp","href":"https:\/\/api.w.org\/{rel}","templated":true}]}}