{"id":1273,"date":"2025-11-03T19:12:57","date_gmt":"2025-11-03T18:12:57","guid":{"rendered":"https:\/\/pdf-imposition.shop\/?post_type=product&#038;p=1273"},"modified":"2025-11-03T19:22:05","modified_gmt":"2025-11-03T18:22:05","slug":"solutions2day-hr135-inkjetfilm-plotterrollen","status":"publish","type":"product","link":"https:\/\/pdf-imposition.shop\/?product=solutions2day-hr135-inkjetfilm-plotterrollen","title":{"rendered":"Solutions2day HR135 Inkjetfilm (Plotterrollen)"},"content":{"rendered":"<h2><img loading=\"lazy\" decoding=\"async\" class=\"alignnone size-medium wp-image-970\" src=\"http:\/\/pdf-imposition.shop\/wp-content\/uploads\/2025\/09\/logo_s2d-300x113.jpg\" alt=\"solutions2day logo\" width=\"300\" height=\"113\" srcset=\"https:\/\/pdf-imposition.shop\/wp-content\/uploads\/2025\/09\/logo_s2d-300x113.jpg 300w, https:\/\/pdf-imposition.shop\/wp-content\/uploads\/2025\/09\/logo_s2d-1024x384.jpg 1024w, https:\/\/pdf-imposition.shop\/wp-content\/uploads\/2025\/09\/logo_s2d-768x288.jpg 768w, https:\/\/pdf-imposition.shop\/wp-content\/uploads\/2025\/09\/logo_s2d-1536x576.jpg 1536w, https:\/\/pdf-imposition.shop\/wp-content\/uploads\/2025\/09\/logo_s2d-2048x768.jpg 2048w, https:\/\/pdf-imposition.shop\/wp-content\/uploads\/2025\/09\/logo_s2d-416x156.jpg 416w, https:\/\/pdf-imposition.shop\/wp-content\/uploads\/2025\/09\/logo_s2d-96x36.jpg 96w\" sizes=\"auto, (max-width: 300px) 100vw, 300px\" \/><\/h2>\n<h2>Solutions2day HR135 Inkjetfilm (Plotterrollen)<\/h2>\n<p><strong><span id=\"result_box\" class=\"\" lang=\"de\" tabindex=\"-1\">Computer-to-film, die ideale Alternative zu teuren Reprofilmen.<br \/>\n<\/span><\/strong><span id=\"result_box\" class=\"\" lang=\"de\" tabindex=\"-1\"><\/span><\/p>\n<p>Neuer High-Resolution Inkjet Clearfilm auf einer biaxial orientierten PET-Folie, beschichtet f\u00fcr Inkjettinte mit einer speziellen Farbaufnahmeschicht f\u00fcr h\u00f6chste optische Dichte und Randsch\u00e4rfe. Vereinfachung des Produktionsprozesses, ohne Chemie und Wasser. &#8222;Rentabilit\u00e4t mit System&#8220;.<\/p>\n<ul>\n<li><span id=\"result_box\" class=\"\" lang=\"de\" tabindex=\"-1\">Beste Verarbeitungsbedingungen: Temperatur 15-30\u00b0C\/rel. Luftfeuchte 45-65%<\/span><span id=\"result_box\" class=\"\" lang=\"de\" tabindex=\"-1\"><\/span><span id=\"result_box\" class=\"\" lang=\"de\" tabindex=\"-1\"><span class=\"\"><br \/>\n<\/span><\/span><\/li>\n<li><span id=\"result_box\" class=\"\" lang=\"de\" tabindex=\"-1\">Tinte &amp; Drucker: Eignung f\u00fcr alle wasserbasierte Dye-, Latex-, UV- und Pigmenttinten<\/span><span id=\"result_box\" class=\"\" lang=\"de\" tabindex=\"-1\"><span class=\"\"><br \/>\n<\/span><\/span><\/li>\n<li>Entwickelt f\u00fcr die hochaufl\u00f6sende Bildreproduktion bei Kontaktverfahren<\/li>\n<li>Filmherstellung auf Inkjetdruckern f\u00fcr Siebdruck, Bildreproduktion, Hard-Flexo, Tampondruck, Overhead &amp; Klischeeherstellung<\/li>\n<\/ul>\n<p><strong>Rolle einzeln in Kartonverpackung<\/strong><\/p>\n<p><strong>Bedruckstoff:<\/strong> Dimensionsstabile Inkjetfolie auf Polyesterbasis mit Antistatik-Ausr\u00fcstung<\/p>\n<p><strong>Dicke:<\/strong> 135 micron \/ 175 g\/qm<\/p>\n<p><strong>Oberfl\u00e4che:<\/strong> satin-clear mit glasklarem Charakter<\/p>\n<p><strong>Rollenl\u00e4nge:<\/strong> 30 m (Standard)<\/p>\n<p><strong>Rollenbreiten:<\/strong> 17&#8243;\/43,2 cm, 24&#8243;\/61 cm<\/p>\n<p><strong>Sondergr\u00f6\u00dfen:<\/strong> auf Anfrage<\/p>\n<p><strong>Rollenkern:<\/strong> Optimaler 3&#8243;-Kern f\u00fcr beste Planlagegarantie<\/p>\n<p><strong>Sensorstreifen f\u00fcr HP:<\/strong> auf Anfrage<\/p>\n<p>Hier das Technische Datenblatt:<\/p>\n<p><a href=\"http:\/\/pdf-imposition.shop\/wp-content\/uploads\/2025\/11\/High-tech-Inkjetfilm-HR-135_datasheet-dt-s2d_05.2020-Master.pdf\" target=\"_blank\" rel=\"noopener\"><strong>Inkjetfilm HR<\/strong> <strong>135_datasheet dt s2d Mai 2020<\/strong><\/a><\/p>\n","protected":false},"excerpt":{"rendered":"<p>Neuer High-Resolution Inkjet Clearfilm auf einer biaxial orientierten PET-Folie, beschichtet f\u00fcr Inkjettinte mit einer speziellen Farbaufnahmeschicht f\u00fcr h\u00f6chste optische Dichte und Randsch\u00e4rfe.<\/p>\n","protected":false},"featured_media":133,"template":"","meta":{"pmpro_default_level":"","jetpack_post_was_ever_published":false,"jetpack_publicize_message":"","jetpack_publicize_feature_enabled":true,"jetpack_social_post_already_shared":true,"jetpack_social_options":{"image_generator_settings":{"template":"highway","default_image_id":0,"font":"","enabled":false},"version":2}},"product_brand":[],"product_cat":[52,147],"product_tag":[112,143,116],"class_list":{"0":"post-1273","1":"product","2":"type-product","3":"status-publish","4":"has-post-thumbnail","6":"wpc-brand-solutions2day","7":"product_cat-inkjetmedien","8":"product_cat-solutions2day","9":"product_tag-inkjetfilm","10":"product_tag-reprofilm","11":"product_tag-rollenware","12":"product_shipping_class-dpd-paket-10","13":"pa_rollenformate-17zoll30m","14":"pa_rollenformate-24zoll30m","15":"pmpro-has-access","17":"first","18":"instock","19":"taxable","20":"shipping-taxable","21":"purchasable","22":"product-type-variable"},"yoast_head":"<!-- This site is optimized with the Yoast SEO plugin v27.3 - https:\/\/yoast.com\/product\/yoast-seo-wordpress\/ -->\n<title>Solutions2day HR135 Inkjetfilm (Plotterrollen) - PDF-Imposition Shop<\/title>\n<meta name=\"description\" content=\"Solutions2day HR135 Inkjetfilm (Plotterrollen) - PDF-Imposition Shop\" \/>\n<meta name=\"robots\" content=\"index, follow, max-snippet:-1, max-image-preview:large, max-video-preview:-1\" \/>\n<link rel=\"canonical\" href=\"https:\/\/pdf-imposition.shop\/?product=solutions2day-hr135-inkjetfilm-plotterrollen\" \/>\n<meta property=\"og:locale\" content=\"de_DE\" \/>\n<meta property=\"og:type\" content=\"article\" \/>\n<meta property=\"og:title\" content=\"Solutions2day HR135 Inkjetfilm (Plotterrollen) - PDF-Imposition Shop\" \/>\n<meta property=\"og:description\" content=\"Solutions2day HR135 Inkjetfilm (Plotterrollen) - PDF-Imposition Shop\" \/>\n<meta property=\"og:url\" content=\"https:\/\/pdf-imposition.shop\/?product=solutions2day-hr135-inkjetfilm-plotterrollen\" \/>\n<meta property=\"og:site_name\" content=\"PDF-Imposition Shop\" \/>\n<meta property=\"article:modified_time\" content=\"2025-11-03T18:22:05+00:00\" \/>\n<meta property=\"og:image\" content=\"http:\/\/pdf-imposition.shop\/wp-content\/uploads\/2018\/03\/Solutions2Day-FilmKl.jpg\" \/>\n\t<meta property=\"og:image:width\" content=\"470\" \/>\n\t<meta property=\"og:image:height\" content=\"260\" \/>\n\t<meta property=\"og:image:type\" content=\"image\/jpeg\" \/>\n<meta name=\"twitter:card\" content=\"summary_large_image\" \/>\n<meta name=\"twitter:label1\" content=\"Gesch\u00e4tzte Lesezeit\" \/>\n\t<meta name=\"twitter:data1\" content=\"2\u00a0Minuten\" \/>\n<script type=\"application\/ld+json\" class=\"yoast-schema-graph\">{\"@context\":\"https:\\\/\\\/schema.org\",\"@graph\":[{\"@type\":\"WebPage\",\"@id\":\"https:\\\/\\\/pdf-imposition.shop\\\/?product=solutions2day-hr135-inkjetfilm-plotterrollen\",\"url\":\"https:\\\/\\\/pdf-imposition.shop\\\/?product=solutions2day-hr135-inkjetfilm-plotterrollen\",\"name\":\"Solutions2day HR135 Inkjetfilm (Plotterrollen) - PDF-Imposition Shop\",\"isPartOf\":{\"@id\":\"https:\\\/\\\/pdf-imposition.shop\\\/#website\"},\"primaryImageOfPage\":{\"@id\":\"https:\\\/\\\/pdf-imposition.shop\\\/?product=solutions2day-hr135-inkjetfilm-plotterrollen#primaryimage\"},\"image\":{\"@id\":\"https:\\\/\\\/pdf-imposition.shop\\\/?product=solutions2day-hr135-inkjetfilm-plotterrollen#primaryimage\"},\"thumbnailUrl\":\"https:\\\/\\\/pdf-imposition.shop\\\/wp-content\\\/uploads\\\/2018\\\/03\\\/Solutions2Day-FilmKl.jpg\",\"datePublished\":\"2025-11-03T18:12:57+00:00\",\"dateModified\":\"2025-11-03T18:22:05+00:00\",\"description\":\"Solutions2day HR135 Inkjetfilm (Plotterrollen) - PDF-Imposition Shop\",\"breadcrumb\":{\"@id\":\"https:\\\/\\\/pdf-imposition.shop\\\/?product=solutions2day-hr135-inkjetfilm-plotterrollen#breadcrumb\"},\"inLanguage\":\"de\",\"potentialAction\":[{\"@type\":\"ReadAction\",\"target\":[\"https:\\\/\\\/pdf-imposition.shop\\\/?product=solutions2day-hr135-inkjetfilm-plotterrollen\"]}]},{\"@type\":\"ImageObject\",\"inLanguage\":\"de\",\"@id\":\"https:\\\/\\\/pdf-imposition.shop\\\/?product=solutions2day-hr135-inkjetfilm-plotterrollen#primaryimage\",\"url\":\"https:\\\/\\\/pdf-imposition.shop\\\/wp-content\\\/uploads\\\/2018\\\/03\\\/Solutions2Day-FilmKl.jpg\",\"contentUrl\":\"https:\\\/\\\/pdf-imposition.shop\\\/wp-content\\\/uploads\\\/2018\\\/03\\\/Solutions2Day-FilmKl.jpg\",\"width\":470,\"height\":260,\"caption\":\"Schweizer Qualit\u00e4t, der Solutions2day Inkjetfilm HR\"},{\"@type\":\"BreadcrumbList\",\"@id\":\"https:\\\/\\\/pdf-imposition.shop\\\/?product=solutions2day-hr135-inkjetfilm-plotterrollen#breadcrumb\",\"itemListElement\":[{\"@type\":\"ListItem\",\"position\":1,\"name\":\"Startseite\",\"item\":\"https:\\\/\\\/pdf-imposition.shop\\\/\"},{\"@type\":\"ListItem\",\"position\":2,\"name\":\"Shop\",\"item\":\"https:\\\/\\\/pdf-imposition.shop\\\/?page_id=4\"},{\"@type\":\"ListItem\",\"position\":3,\"name\":\"Solutions2day HR135 Inkjetfilm (Plotterrollen)\"}]},{\"@type\":\"WebSite\",\"@id\":\"https:\\\/\\\/pdf-imposition.shop\\\/#website\",\"url\":\"https:\\\/\\\/pdf-imposition.shop\\\/\",\"name\":\"PDF-Imposition Shop\",\"description\":\"Prepress Software Shop &amp; Service\",\"publisher\":{\"@id\":\"https:\\\/\\\/pdf-imposition.shop\\\/#organization\"},\"potentialAction\":[{\"@type\":\"SearchAction\",\"target\":{\"@type\":\"EntryPoint\",\"urlTemplate\":\"https:\\\/\\\/pdf-imposition.shop\\\/?s={search_term_string}\"},\"query-input\":{\"@type\":\"PropertyValueSpecification\",\"valueRequired\":true,\"valueName\":\"search_term_string\"}}],\"inLanguage\":\"de\"},{\"@type\":\"Organization\",\"@id\":\"https:\\\/\\\/pdf-imposition.shop\\\/#organization\",\"name\":\"PDF-Imposition Shop\",\"url\":\"https:\\\/\\\/pdf-imposition.shop\\\/\",\"logo\":{\"@type\":\"ImageObject\",\"inLanguage\":\"de\",\"@id\":\"https:\\\/\\\/pdf-imposition.shop\\\/#\\\/schema\\\/logo\\\/image\\\/\",\"url\":\"https:\\\/\\\/pdf-imposition.shop\\\/wp-content\\\/uploads\\\/2018\\\/03\\\/cropped-Shop-Header.jpg\",\"contentUrl\":\"https:\\\/\\\/pdf-imposition.shop\\\/wp-content\\\/uploads\\\/2018\\\/03\\\/cropped-Shop-Header.jpg\",\"width\":470,\"height\":110,\"caption\":\"PDF-Imposition Shop\"},\"image\":{\"@id\":\"https:\\\/\\\/pdf-imposition.shop\\\/#\\\/schema\\\/logo\\\/image\\\/\"}}]}<\/script>\n<!-- \/ Yoast SEO plugin. -->","yoast_head_json":{"title":"Solutions2day HR135 Inkjetfilm (Plotterrollen) - PDF-Imposition Shop","description":"Solutions2day HR135 Inkjetfilm (Plotterrollen) - PDF-Imposition Shop","robots":{"index":"index","follow":"follow","max-snippet":"max-snippet:-1","max-image-preview":"max-image-preview:large","max-video-preview":"max-video-preview:-1"},"canonical":"https:\/\/pdf-imposition.shop\/?product=solutions2day-hr135-inkjetfilm-plotterrollen","og_locale":"de_DE","og_type":"article","og_title":"Solutions2day HR135 Inkjetfilm (Plotterrollen) - PDF-Imposition Shop","og_description":"Solutions2day HR135 Inkjetfilm (Plotterrollen) - PDF-Imposition Shop","og_url":"https:\/\/pdf-imposition.shop\/?product=solutions2day-hr135-inkjetfilm-plotterrollen","og_site_name":"PDF-Imposition Shop","article_modified_time":"2025-11-03T18:22:05+00:00","og_image":[{"width":470,"height":260,"url":"http:\/\/pdf-imposition.shop\/wp-content\/uploads\/2018\/03\/Solutions2Day-FilmKl.jpg","type":"image\/jpeg"}],"twitter_card":"summary_large_image","twitter_misc":{"Gesch\u00e4tzte Lesezeit":"2\u00a0Minuten"},"schema":{"@context":"https:\/\/schema.org","@graph":[{"@type":"WebPage","@id":"https:\/\/pdf-imposition.shop\/?product=solutions2day-hr135-inkjetfilm-plotterrollen","url":"https:\/\/pdf-imposition.shop\/?product=solutions2day-hr135-inkjetfilm-plotterrollen","name":"Solutions2day HR135 Inkjetfilm (Plotterrollen) - PDF-Imposition Shop","isPartOf":{"@id":"https:\/\/pdf-imposition.shop\/#website"},"primaryImageOfPage":{"@id":"https:\/\/pdf-imposition.shop\/?product=solutions2day-hr135-inkjetfilm-plotterrollen#primaryimage"},"image":{"@id":"https:\/\/pdf-imposition.shop\/?product=solutions2day-hr135-inkjetfilm-plotterrollen#primaryimage"},"thumbnailUrl":"https:\/\/pdf-imposition.shop\/wp-content\/uploads\/2018\/03\/Solutions2Day-FilmKl.jpg","datePublished":"2025-11-03T18:12:57+00:00","dateModified":"2025-11-03T18:22:05+00:00","description":"Solutions2day HR135 Inkjetfilm (Plotterrollen) - PDF-Imposition Shop","breadcrumb":{"@id":"https:\/\/pdf-imposition.shop\/?product=solutions2day-hr135-inkjetfilm-plotterrollen#breadcrumb"},"inLanguage":"de","potentialAction":[{"@type":"ReadAction","target":["https:\/\/pdf-imposition.shop\/?product=solutions2day-hr135-inkjetfilm-plotterrollen"]}]},{"@type":"ImageObject","inLanguage":"de","@id":"https:\/\/pdf-imposition.shop\/?product=solutions2day-hr135-inkjetfilm-plotterrollen#primaryimage","url":"https:\/\/pdf-imposition.shop\/wp-content\/uploads\/2018\/03\/Solutions2Day-FilmKl.jpg","contentUrl":"https:\/\/pdf-imposition.shop\/wp-content\/uploads\/2018\/03\/Solutions2Day-FilmKl.jpg","width":470,"height":260,"caption":"Schweizer Qualit\u00e4t, der Solutions2day Inkjetfilm HR"},{"@type":"BreadcrumbList","@id":"https:\/\/pdf-imposition.shop\/?product=solutions2day-hr135-inkjetfilm-plotterrollen#breadcrumb","itemListElement":[{"@type":"ListItem","position":1,"name":"Startseite","item":"https:\/\/pdf-imposition.shop\/"},{"@type":"ListItem","position":2,"name":"Shop","item":"https:\/\/pdf-imposition.shop\/?page_id=4"},{"@type":"ListItem","position":3,"name":"Solutions2day HR135 Inkjetfilm (Plotterrollen)"}]},{"@type":"WebSite","@id":"https:\/\/pdf-imposition.shop\/#website","url":"https:\/\/pdf-imposition.shop\/","name":"PDF-Imposition Shop","description":"Prepress Software Shop &amp; Service","publisher":{"@id":"https:\/\/pdf-imposition.shop\/#organization"},"potentialAction":[{"@type":"SearchAction","target":{"@type":"EntryPoint","urlTemplate":"https:\/\/pdf-imposition.shop\/?s={search_term_string}"},"query-input":{"@type":"PropertyValueSpecification","valueRequired":true,"valueName":"search_term_string"}}],"inLanguage":"de"},{"@type":"Organization","@id":"https:\/\/pdf-imposition.shop\/#organization","name":"PDF-Imposition Shop","url":"https:\/\/pdf-imposition.shop\/","logo":{"@type":"ImageObject","inLanguage":"de","@id":"https:\/\/pdf-imposition.shop\/#\/schema\/logo\/image\/","url":"https:\/\/pdf-imposition.shop\/wp-content\/uploads\/2018\/03\/cropped-Shop-Header.jpg","contentUrl":"https:\/\/pdf-imposition.shop\/wp-content\/uploads\/2018\/03\/cropped-Shop-Header.jpg","width":470,"height":110,"caption":"PDF-Imposition Shop"},"image":{"@id":"https:\/\/pdf-imposition.shop\/#\/schema\/logo\/image\/"}}]}},"jetpack_publicize_connections":[],"jetpack_sharing_enabled":true,"_links":{"self":[{"href":"https:\/\/pdf-imposition.shop\/index.php?rest_route=\/wp\/v2\/product\/1273","targetHints":{"allow":["GET"]}}],"collection":[{"href":"https:\/\/pdf-imposition.shop\/index.php?rest_route=\/wp\/v2\/product"}],"about":[{"href":"https:\/\/pdf-imposition.shop\/index.php?rest_route=\/wp\/v2\/types\/product"}],"wp:featuredmedia":[{"embeddable":true,"href":"https:\/\/pdf-imposition.shop\/index.php?rest_route=\/wp\/v2\/media\/133"}],"wp:attachment":[{"href":"https:\/\/pdf-imposition.shop\/index.php?rest_route=%2Fwp%2Fv2%2Fmedia&parent=1273"}],"wp:term":[{"taxonomy":"product_brand","embeddable":true,"href":"https:\/\/pdf-imposition.shop\/index.php?rest_route=%2Fwp%2Fv2%2Fproduct_brand&post=1273"},{"taxonomy":"product_cat","embeddable":true,"href":"https:\/\/pdf-imposition.shop\/index.php?rest_route=%2Fwp%2Fv2%2Fproduct_cat&post=1273"},{"taxonomy":"product_tag","embeddable":true,"href":"https:\/\/pdf-imposition.shop\/index.php?rest_route=%2Fwp%2Fv2%2Fproduct_tag&post=1273"}],"curies":[{"name":"wp","href":"https:\/\/api.w.org\/{rel}","templated":true}]}}