{"id":1253,"date":"2025-10-28T08:59:53","date_gmt":"2025-10-28T07:59:53","guid":{"rendered":"https:\/\/pdf-imposition.shop\/?post_type=product&#038;p=1253"},"modified":"2026-03-29T13:23:34","modified_gmt":"2026-03-29T11:23:34","slug":"xitron-k2-prepress-workflow","status":"publish","type":"product","link":"https:\/\/pdf-imposition.shop\/?product=xitron-k2-prepress-workflow","title":{"rendered":"K2 Offset Prepress Workflow 2.0"},"content":{"rendered":"<h2><span class=\"\" lang=\"de\" tabindex=\"-1\"><img loading=\"lazy\" decoding=\"async\" class=\"alignnone wp-image-1262 \" src=\"http:\/\/pdf-imposition.shop\/wp-content\/uploads\/2025\/10\/K2logo-300x215.png\" alt=\"\" width=\"193\" height=\"138\" srcset=\"https:\/\/pdf-imposition.shop\/wp-content\/uploads\/2025\/10\/K2logo-300x215.png 300w, https:\/\/pdf-imposition.shop\/wp-content\/uploads\/2025\/10\/K2logo-416x298.png 416w, https:\/\/pdf-imposition.shop\/wp-content\/uploads\/2025\/10\/K2logo-96x69.png 96w, https:\/\/pdf-imposition.shop\/wp-content\/uploads\/2025\/10\/K2logo.png 755w\" sizes=\"auto, (max-width: 193px) 100vw, 193px\" \/><\/span><\/h2>\n<h2>K2 Offset Prepress Workflow 2.0<\/h2>\n<p><strong><span id=\"result_box\" class=\"\" lang=\"de\" tabindex=\"-1\"><span title=\"The path to Prepress Independence\u00ae \"><span class=\"HwtZe\" lang=\"de\"><span class=\"jCAhz ChMk0b\"><span class=\"ryNqvb\">K2 ist der erste neue kommerzielle Offset-Workflow seit fast zwei Jahrzehnten.<\/span><\/span><\/span><\/span><\/span><\/strong><\/p>\n<p><span id=\"result_box\" class=\"\" lang=\"de\" tabindex=\"-1\"><span title=\"Protracted scalability enhances performance while maintaining the overall low cost of ownership. \">Die neueste Version 2.0 f\u00fchrt neue Editoren f\u00fcr Ausschie\u00dfvorlagen direkt in den f\u00fcnf parallel lauff\u00e4higen Mac- und Windows-Produktionsclients von K2 ein. K2 v2.0 ist ein umfassendes Softwarepaket, das f\u00fcr den Betrieb praktisch aller neuen und bestehenden CTP-Systeme entwickelt wurde und Ihnen au\u00dferdem die Integration digitaler und gro\u00dfformatiger Ausgabeworkflows erm\u00f6glicht. Es wurde speziell entwickelt, um viele der in den letzten Jahren von <strong>Kodak, Fujifilm, Agfa (Eco3)<\/strong> und <strong>Heidelberg<\/strong> installierten, veralteten Systeme zu ersetzen. Ohne Kompromisse bei Funktionalit\u00e4t, Geschwindigkeit oder Leistung einzugehen, bietet K2 <strong>eine preislich attraktive Alternative zu teuren Upgrades und kostspieligen Abonnementmodellen<\/strong>.<\/span><\/span><\/p>\n<ul>\n<li><span class=\"\" lang=\"de\" tabindex=\"-1\"><span class=\"\" lang=\"de\" tabindex=\"-1\"><span class=\"\" lang=\"de\" tabindex=\"-1\"><span title=\"Network-wide access \u2013 Client\/Server architecture allows jobs to be accessed from anywhere, not just at the output device.\"><img loading=\"lazy\" decoding=\"async\" class=\"alignnone wp-image-1256\" src=\"http:\/\/pdf-imposition.shop\/wp-content\/uploads\/2025\/10\/Play-300x290.png\" alt=\"\" width=\"52\" height=\"50\" srcset=\"https:\/\/pdf-imposition.shop\/wp-content\/uploads\/2025\/10\/Play-300x290.png 300w, https:\/\/pdf-imposition.shop\/wp-content\/uploads\/2025\/10\/Play-96x93.png 96w, https:\/\/pdf-imposition.shop\/wp-content\/uploads\/2025\/10\/Play.png 375w\" sizes=\"auto, (max-width: 52px) 100vw, 52px\" \/><strong>Job Submission Module<br \/>\n<\/strong><\/span><\/span><\/span><\/span><span class=\"HwtZe\" lang=\"de\"><span class=\"jCAhz ChMk0b\"><span class=\"ryNqvb\">Das Auftragsverwaltungsmodul (Job Submission Module) von K2 ist browserbasiert und somit von jeder Plattform im Netzwerk aus zug\u00e4nglich.<\/span><\/span> <span class=\"jCAhz ChMk0b\"><span class=\"ryNqvb\">Es erm\u00f6glicht eine klare Definition eingehender Auftr\u00e4ge, sodass Bediener (oder auch Kundendienstmitarbeiter) Auftr\u00e4ge schnell und effizient in das System einpflegen k\u00f6nnen.<\/span><\/span> <span class=\"jCAhz ChMk0b\"><span class=\"ryNqvb\">Laden Sie mehrere PDFs als Projekte gruppiert hoch, damit alle Komponenten zusammengeh\u00f6ren, selbst wenn die einzelnen Auftragsteile separate Arbeitsabl\u00e4ufe durchlaufen. Behalten Sie jederzeit den \u00dcberblick \u00fcber den Status jedes Auftrags im Produktionszyklus.<\/span><\/span> <span class=\"jCAhz ChMk0b\"><span class=\"ryNqvb\">Sehen Sie sich Produktionslisten an, verteilen Sie Auftr\u00e4ge auf verschiedene Druckmaschinen, f\u00fchren Sie den Austausch von Seiten in letzter Minute durch und \u00e4ndern Sie sogar Druckmaschinen oder Druckformen im laufenden Betrieb!<\/span><\/span><\/span><\/p>\n<div class=\"UdTY9 WdefRb\" aria-hidden=\"true\" data-location=\"2\">\n<div class=\"kO6q6e\"><\/div>\n<\/div>\n<\/li>\n<li><strong><img loading=\"lazy\" decoding=\"async\" class=\"alignnone wp-image-1257\" src=\"http:\/\/pdf-imposition.shop\/wp-content\/uploads\/2025\/10\/preview-300x292.png\" alt=\"\" width=\"54\" height=\"52\" srcset=\"https:\/\/pdf-imposition.shop\/wp-content\/uploads\/2025\/10\/preview-300x292.png 300w, https:\/\/pdf-imposition.shop\/wp-content\/uploads\/2025\/10\/preview-96x94.png 96w, https:\/\/pdf-imposition.shop\/wp-content\/uploads\/2025\/10\/preview.png 386w\" sizes=\"auto, (max-width: 54px) 100vw, 54px\" \/>Workflow-Client<br \/>\n<\/strong>K2 wird mit f\u00fcnf gleichzeitigen Mac- und\/oder PC-Clients geliefert (weitere Lizenzen sind verf\u00fcgbar), die jedem Bediener einen eigenen Zugriff auf den Workflow erm\u00f6glichen. Die Mac- und PC-Clients bieten exakt denselben Funktionsumfang und erm\u00f6glichen so die vollst\u00e4ndige Steuerung der Workflows direkt vom Desktop des jeweiligen Bedieners aus. Auftr\u00e4ge erneut einreichen, den Fortschritt verfolgen, den Preflight-Status \u00fcberpr\u00fcfen, Ausschie\u00dfschemata \u00e4ndern, \u00dcberf\u00fcllungseinstellungen anpassen und gerippte Auftr\u00e4ge vor der Plattenbelichtung anzeigen. Benutzer k\u00f6nnen je nach den Anforderungen des Administrators Berechtigungen erhalten oder eingeschr\u00e4nkt werden. M\u00fcssen Sie einen Auftrag von einer Druckmaschine auf eine andere verschieben und das Ausschie\u00dfschema entsprechend anpassen? Mit K2 ist das m\u00f6glich \u2013 und dauert nur wenige Sekunden!<span class=\"\" lang=\"de\" tabindex=\"-1\"><span class=\"\" lang=\"de\" tabindex=\"-1\"><span title=\"Verify the data before it makes its way to the plate and costs you money. \">\u00a0<\/span><\/span><\/span><\/li>\n<li><strong><img loading=\"lazy\" decoding=\"async\" class=\"alignnone wp-image-1267\" src=\"http:\/\/pdf-imposition.shop\/wp-content\/uploads\/2025\/10\/339a00_1036e58c45f744689379d3701cda0748mv2.avif\" alt=\"\" width=\"177\" height=\"32\" srcset=\"https:\/\/pdf-imposition.shop\/wp-content\/uploads\/2025\/10\/339a00_1036e58c45f744689379d3701cda0748mv2.avif 282w, https:\/\/pdf-imposition.shop\/wp-content\/uploads\/2025\/10\/339a00_1036e58c45f744689379d3701cda0748mv2-96x17.avif 96w\" sizes=\"auto, (max-width: 177px) 100vw, 177px\" \/>Preflight-Modul<\/strong><br \/>\nDas Preflight-Modul von K2 nutzt die Enfocus Preflight-Bibliothek, den f\u00fchrenden Anbieter im Bereich der Preflight-Programmierung. K2 validiert PDF-Dateien automatisch anhand Ihrer Vorgaben und gew\u00e4hrleistet so eine korrekte Verarbeitung. Benutzerdefinierte Aktionslisten bearbeiten die Dateien ohne manuellen Eingriff, beschleunigen Ihre Arbeit und erm\u00f6glichen Ihnen die schnelle und effiziente Erstellung fehlerfreier Druckplatten und Korrekturabz\u00fcge.<\/li>\n<li><span id=\"result_box\" class=\"\" lang=\"de\" tabindex=\"-1\"><span title=\"Output to Hundreds of Devices \u2013 Xitron built its reputation as an alternative to proprietary systems with the Navigator RIP and Raster Blaster TIFF Catcher.\"><strong><img loading=\"lazy\" decoding=\"async\" class=\"alignnone wp-image-1258\" src=\"http:\/\/pdf-imposition.shop\/wp-content\/uploads\/2025\/10\/Trapping-300x297.png\" alt=\"\" width=\"52\" height=\"51\" srcset=\"https:\/\/pdf-imposition.shop\/wp-content\/uploads\/2025\/10\/Trapping-300x297.png 300w, https:\/\/pdf-imposition.shop\/wp-content\/uploads\/2025\/10\/Trapping-150x150.png 150w, https:\/\/pdf-imposition.shop\/wp-content\/uploads\/2025\/10\/Trapping-324x324.png 324w, https:\/\/pdf-imposition.shop\/wp-content\/uploads\/2025\/10\/Trapping-100x100.png 100w, https:\/\/pdf-imposition.shop\/wp-content\/uploads\/2025\/10\/Trapping-96x96.png 96w, https:\/\/pdf-imposition.shop\/wp-content\/uploads\/2025\/10\/Trapping.png 399w\" sizes=\"auto, (max-width: 52px) 100vw, 52px\" \/>PDF-basiertes Trapping<br \/>\n<\/strong>Verlangsamen Sie Ihr System nicht durch das Warten auf das Trapping im RIP! Die Trapping-Engine von K2 wendet die \u00dcberf\u00fcllungen direkt im PDF an. Das Verfahren ist sauber, schnell und interaktiv. Sie k\u00f6nnen die \u00dcberf\u00fcllungen jederzeit \u00fcberpr\u00fcfen, vergleichen und anpassen oder die Automatikfunktion nutzen und die Ergebnisse lediglich \u00fcberpr\u00fcfen und best\u00e4tigen. Mit der integrierten Vorschau k\u00f6nnen Sie sogar Druckungenauigkeiten simulieren, um sicherzustellen, dass die \u00dcberf\u00fcllungen f\u00fcr den Druckvorgang ausreichend sind.<br \/>\n<\/span><\/span><\/li>\n<li><strong><img loading=\"lazy\" decoding=\"async\" class=\"alignnone wp-image-1265\" src=\"http:\/\/pdf-imposition.shop\/wp-content\/uploads\/2025\/10\/Ink-300x291.png\" alt=\"\" width=\"55\" height=\"53\" srcset=\"https:\/\/pdf-imposition.shop\/wp-content\/uploads\/2025\/10\/Ink-300x291.png 300w, https:\/\/pdf-imposition.shop\/wp-content\/uploads\/2025\/10\/Ink-96x93.png 96w, https:\/\/pdf-imposition.shop\/wp-content\/uploads\/2025\/10\/Ink.png 383w\" sizes=\"auto, (max-width: 55px) 100vw, 55px\" \/>Farbneuzuordnung<\/strong>Erkennen Sie \u00fcberfl\u00fcssige Sonderfarben, bevor sie in die Druckvorstufe gelangen! Identifizieren Sie schnell und einfach fehlerhafte Farbauszugselemente, die durch Fehler des Designers verursacht wurden. Ordnen Sie Farben dem korrekten Farbauszug zu, \u00e4ndern Sie Winkel, um Interferenzen zwischen den Farben zu vermeiden, oder konvertieren Sie die Farben in CMYK, bevor die PDF-Datei den RIP erreicht.<\/li>\n<li><strong><img loading=\"lazy\" decoding=\"async\" class=\"alignnone wp-image-1266\" src=\"http:\/\/pdf-imposition.shop\/wp-content\/uploads\/2025\/10\/Imposition-300x285.png\" alt=\"\" width=\"57\" height=\"54\" srcset=\"https:\/\/pdf-imposition.shop\/wp-content\/uploads\/2025\/10\/Imposition-300x285.png 300w, https:\/\/pdf-imposition.shop\/wp-content\/uploads\/2025\/10\/Imposition-96x91.png 96w, https:\/\/pdf-imposition.shop\/wp-content\/uploads\/2025\/10\/Imposition.png 379w\" sizes=\"auto, (max-width: 57px) 100vw, 57px\" \/>Integrierte Ausschie\u00dffunktion mit Impostrip\u00ae Pro Offset<\/strong><br \/>\nBereiten Sie Druckauftr\u00e4ge schnell und effizient f\u00fcr die endg\u00fcltige Plattenbelichtung, den Ausdruck von Andrucken und die elektronische Korrektur vor. Schnell, einfach und leistungsstark: Bediener k\u00f6nnen die ausgeschossenen Seiten anzeigen und die Ausgabe manuell freigeben oder die vollst\u00e4ndige Automatisierung einrichten. Sie m\u00fcssen das PDF-Dokument nie aus dem Workflow entfernen und in einer separaten Ausschie\u00dfanwendung bearbeiten.<\/li>\n<\/ul>\n<p>Hier die Produktbrosch\u00fcren &amp; Videos:<\/p>\n<p><a href=\"http:\/\/pdf-imposition.shop\/wp-content\/uploads\/2025\/10\/K2_Brochure_German-DE_3-25.pdf\" target=\"_blank\" rel=\"noopener\"><strong>K2_Brosch\u00fcre_Deutsch-DE_3-25<\/strong><\/a><\/p>\n<p><a href=\"http:\/\/pdf-imposition.shop\/wp-content\/uploads\/2025\/10\/K2_Brochure_English_11-24.pdf\" target=\"_blank\" rel=\"noopener\"><strong>K2_Brochure_English_11-24<\/strong><\/a><\/p>\n<p><a href=\"http:\/\/pdf-imposition.shop\/wp-content\/uploads\/2025\/10\/Xitron_K2_White-Paper.pdf\" target=\"_blank\" rel=\"noopener\"><strong>Xitron K2 Workflow_White-Paper<\/strong><\/a><\/p>\n<p><span class=\"embed-youtube\" style=\"text-align:center; display: block;\"><iframe loading=\"lazy\" class=\"youtube-player\" width=\"980\" height=\"552\" src=\"https:\/\/www.youtube.com\/embed\/WObMX-a7U_k?version=3&#038;rel=1&#038;showsearch=0&#038;showinfo=1&#038;iv_load_policy=1&#038;fs=1&#038;hl=de-DE&#038;autohide=2&#038;wmode=transparent\" allowfullscreen=\"true\" style=\"border:0;\" sandbox=\"allow-scripts allow-same-origin allow-popups allow-presentation allow-popups-to-escape-sandbox\"><\/iframe><\/span><\/p>\n<p><span class=\"embed-youtube\" style=\"text-align:center; display: block;\"><iframe loading=\"lazy\" class=\"youtube-player\" width=\"980\" height=\"552\" src=\"https:\/\/www.youtube.com\/embed\/4-bKCx1XaSc?version=3&#038;rel=1&#038;showsearch=0&#038;showinfo=1&#038;iv_load_policy=1&#038;fs=1&#038;hl=de-DE&#038;autohide=2&#038;wmode=transparent\" allowfullscreen=\"true\" style=\"border:0;\" sandbox=\"allow-scripts allow-same-origin allow-popups allow-presentation allow-popups-to-escape-sandbox\"><\/iframe><\/span><\/p>\n<p><span class=\"\">\u00a0<\/span><\/p>\n","protected":false},"excerpt":{"rendered":"<p><span style=\"color: #ff0000;\"><strong><span id=\"result_box\" class=\"\" lang=\"de\" tabindex=\"-1\"><span title=\"The path to Prepress Independence\u00ae \"><span class=\"HwtZe\" lang=\"de\"><span class=\"jCAhz ChMk0b\"><span class=\"ryNqvb\">Cloud-free &lt; print.software.innovation &gt;<\/span><\/span><\/span><\/span><\/span><\/strong><\/span><\/p>\n<p><span id=\"result_box\" class=\"\" lang=\"de\" tabindex=\"-1\"><span title=\"Protracted scalability enhances performance while maintaining the overall low cost of ownership. \"><strong>Die neueste Version 2.0 f\u00fchrt neue Editoren f\u00fcr Ausschie\u00dfvorlagen direkt in den f\u00fcnf parallel lauff\u00e4higen Mac- und Windows-Produktionsclients von K2 ein.<\/strong> K2 ist ein umfassendes Softwarepaket, das f\u00fcr den Betrieb praktisch aller neuen und bestehenden CTP-Systeme entwickelt wurde und Ihnen au\u00dferdem die Integration digitaler und gro\u00dfformatiger Ausgabeworkflows erm\u00f6glicht. Es wurde speziell entwickelt, um viele der in den letzten Jahren von <strong>Kodak, Fujifilm, Agfa (Eco3)<\/strong> und <strong>Heidelberg<\/strong> installierten, veralteten Systeme zu ersetzen. Ohne Kompromisse bei Funktionalit\u00e4t, Geschwindigkeit oder Leistung einzugehen, bietet<span style=\"color: #ff0000;\"><strong> K2<\/strong> <strong>eine preislich attraktive Alternative zu teuren Upgrades und kostspieligen Abonnementmodellen<\/strong><\/span>.<\/span><\/span><\/p>\n","protected":false},"featured_media":1269,"template":"","meta":{"pmpro_default_level":"","jetpack_post_was_ever_published":false,"jetpack_publicize_message":"","jetpack_publicize_feature_enabled":true,"jetpack_social_post_already_shared":true,"jetpack_social_options":{"image_generator_settings":{"template":"highway","default_image_id":0,"font":"","enabled":false},"version":2}},"product_brand":[],"product_cat":[72,71,75],"product_tag":[59,60,64,214,87,63,89,201,213,42,61,76],"class_list":{"0":"post-1253","1":"product","2":"type-product","3":"status-publish","4":"has-post-thumbnail","6":"wpc-brand-xitron","7":"product_cat-macos","8":"product_cat-windows","9":"product_cat-workflow","10":"product_tag-ausschiesssoftware","11":"product_tag-bogenmontage","12":"product_tag-cip3","13":"product_tag-ctp-software-preis","14":"product_tag-eclipse-release","15":"product_tag-farbzonensteuerung","16":"product_tag-harlequin","17":"product_tag-k2-workflow","18":"product_tag-rip-software-kaufen","19":"product_tag-rip-software","20":"product_tag-trapping","21":"product_tag-workflow","22":"pmpro-has-access","24":"first","25":"instock","26":"taxable","27":"shipping-taxable","28":"purchasable","29":"product-type-simple"},"yoast_head":"<!-- This site is optimized with the Yoast SEO plugin v27.3 - https:\/\/yoast.com\/product\/yoast-seo-wordpress\/ -->\n<title>K2 Offset Prepress Workflow 2.0 - PDF-Imposition Shop<\/title>\n<meta name=\"robots\" content=\"index, follow, max-snippet:-1, max-image-preview:large, max-video-preview:-1\" \/>\n<link rel=\"canonical\" href=\"https:\/\/pdf-imposition.shop\/?product=xitron-k2-prepress-workflow\" \/>\n<meta property=\"og:locale\" content=\"de_DE\" \/>\n<meta property=\"og:type\" content=\"article\" \/>\n<meta property=\"og:title\" content=\"K2 Offset Prepress Workflow 2.0 - PDF-Imposition Shop\" \/>\n<meta property=\"og:description\" content=\"Cloud-free &lt; print.software.innovation &gt;  Die neueste Version 2.0 f\u00fchrt neue Editoren f\u00fcr Ausschie\u00dfvorlagen direkt in den f\u00fcnf parallel lauff\u00e4higen Mac- und Windows-Produktionsclients von K2 ein. K2 ist ein umfassendes Softwarepaket, das f\u00fcr den Betrieb praktisch aller neuen und bestehenden CTP-Systeme entwickelt wurde und Ihnen au\u00dferdem die Integration digitaler und gro\u00dfformatiger Ausgabeworkflows erm\u00f6glicht. Es wurde speziell entwickelt, um viele der in den letzten Jahren von Kodak, Fujifilm, Agfa (Eco3) und Heidelberg installierten, veralteten Systeme zu ersetzen. Ohne Kompromisse bei Funktionalit\u00e4t, Geschwindigkeit oder Leistung einzugehen, bietet K2 eine preislich attraktive Alternative zu teuren Upgrades und kostspieligen Abonnementmodellen.\" \/>\n<meta property=\"og:url\" content=\"https:\/\/pdf-imposition.shop\/?product=xitron-k2-prepress-workflow\" \/>\n<meta property=\"og:site_name\" content=\"PDF-Imposition Shop\" \/>\n<meta property=\"article:modified_time\" content=\"2026-03-29T11:23:34+00:00\" \/>\n<meta property=\"og:image\" content=\"http:\/\/pdf-imposition.shop\/wp-content\/uploads\/2025\/10\/Xitron_K2_Logo828x621Mont.png\" \/>\n\t<meta property=\"og:image:width\" content=\"828\" \/>\n\t<meta property=\"og:image:height\" content=\"621\" \/>\n\t<meta property=\"og:image:type\" content=\"image\/png\" \/>\n<meta name=\"twitter:card\" content=\"summary_large_image\" \/>\n<meta name=\"twitter:label1\" content=\"Gesch\u00e4tzte Lesezeit\" \/>\n\t<meta name=\"twitter:data1\" content=\"5\u00a0Minuten\" \/>\n<script type=\"application\/ld+json\" class=\"yoast-schema-graph\">{\"@context\":\"https:\\\/\\\/schema.org\",\"@graph\":[{\"@type\":\"WebPage\",\"@id\":\"https:\\\/\\\/pdf-imposition.shop\\\/?product=xitron-k2-prepress-workflow\",\"url\":\"https:\\\/\\\/pdf-imposition.shop\\\/?product=xitron-k2-prepress-workflow\",\"name\":\"K2 Offset Prepress Workflow 2.0 - PDF-Imposition Shop\",\"isPartOf\":{\"@id\":\"https:\\\/\\\/pdf-imposition.shop\\\/#website\"},\"primaryImageOfPage\":{\"@id\":\"https:\\\/\\\/pdf-imposition.shop\\\/?product=xitron-k2-prepress-workflow#primaryimage\"},\"image\":{\"@id\":\"https:\\\/\\\/pdf-imposition.shop\\\/?product=xitron-k2-prepress-workflow#primaryimage\"},\"thumbnailUrl\":\"https:\\\/\\\/pdf-imposition.shop\\\/wp-content\\\/uploads\\\/2025\\\/10\\\/Xitron_K2_Logo828x621Mont.png\",\"datePublished\":\"2025-10-28T07:59:53+00:00\",\"dateModified\":\"2026-03-29T11:23:34+00:00\",\"breadcrumb\":{\"@id\":\"https:\\\/\\\/pdf-imposition.shop\\\/?product=xitron-k2-prepress-workflow#breadcrumb\"},\"inLanguage\":\"de\",\"potentialAction\":[{\"@type\":\"ReadAction\",\"target\":[\"https:\\\/\\\/pdf-imposition.shop\\\/?product=xitron-k2-prepress-workflow\"]}]},{\"@type\":\"ImageObject\",\"inLanguage\":\"de\",\"@id\":\"https:\\\/\\\/pdf-imposition.shop\\\/?product=xitron-k2-prepress-workflow#primaryimage\",\"url\":\"https:\\\/\\\/pdf-imposition.shop\\\/wp-content\\\/uploads\\\/2025\\\/10\\\/Xitron_K2_Logo828x621Mont.png\",\"contentUrl\":\"https:\\\/\\\/pdf-imposition.shop\\\/wp-content\\\/uploads\\\/2025\\\/10\\\/Xitron_K2_Logo828x621Mont.png\",\"width\":828,\"height\":621,\"caption\":\"K2 Workflow Logo\"},{\"@type\":\"BreadcrumbList\",\"@id\":\"https:\\\/\\\/pdf-imposition.shop\\\/?product=xitron-k2-prepress-workflow#breadcrumb\",\"itemListElement\":[{\"@type\":\"ListItem\",\"position\":1,\"name\":\"Startseite\",\"item\":\"https:\\\/\\\/pdf-imposition.shop\\\/\"},{\"@type\":\"ListItem\",\"position\":2,\"name\":\"Shop\",\"item\":\"https:\\\/\\\/pdf-imposition.shop\\\/?page_id=4\"},{\"@type\":\"ListItem\",\"position\":3,\"name\":\"K2 Offset Prepress Workflow 2.0\"}]},{\"@type\":\"WebSite\",\"@id\":\"https:\\\/\\\/pdf-imposition.shop\\\/#website\",\"url\":\"https:\\\/\\\/pdf-imposition.shop\\\/\",\"name\":\"PDF-Imposition Shop\",\"description\":\"Prepress Software Shop &amp; Service\",\"publisher\":{\"@id\":\"https:\\\/\\\/pdf-imposition.shop\\\/#organization\"},\"potentialAction\":[{\"@type\":\"SearchAction\",\"target\":{\"@type\":\"EntryPoint\",\"urlTemplate\":\"https:\\\/\\\/pdf-imposition.shop\\\/?s={search_term_string}\"},\"query-input\":{\"@type\":\"PropertyValueSpecification\",\"valueRequired\":true,\"valueName\":\"search_term_string\"}}],\"inLanguage\":\"de\"},{\"@type\":\"Organization\",\"@id\":\"https:\\\/\\\/pdf-imposition.shop\\\/#organization\",\"name\":\"PDF-Imposition Shop\",\"url\":\"https:\\\/\\\/pdf-imposition.shop\\\/\",\"logo\":{\"@type\":\"ImageObject\",\"inLanguage\":\"de\",\"@id\":\"https:\\\/\\\/pdf-imposition.shop\\\/#\\\/schema\\\/logo\\\/image\\\/\",\"url\":\"https:\\\/\\\/pdf-imposition.shop\\\/wp-content\\\/uploads\\\/2018\\\/03\\\/cropped-Shop-Header.jpg\",\"contentUrl\":\"https:\\\/\\\/pdf-imposition.shop\\\/wp-content\\\/uploads\\\/2018\\\/03\\\/cropped-Shop-Header.jpg\",\"width\":470,\"height\":110,\"caption\":\"PDF-Imposition Shop\"},\"image\":{\"@id\":\"https:\\\/\\\/pdf-imposition.shop\\\/#\\\/schema\\\/logo\\\/image\\\/\"}}]}<\/script>\n<!-- \/ Yoast SEO plugin. -->","yoast_head_json":{"title":"K2 Offset Prepress Workflow 2.0 - PDF-Imposition Shop","robots":{"index":"index","follow":"follow","max-snippet":"max-snippet:-1","max-image-preview":"max-image-preview:large","max-video-preview":"max-video-preview:-1"},"canonical":"https:\/\/pdf-imposition.shop\/?product=xitron-k2-prepress-workflow","og_locale":"de_DE","og_type":"article","og_title":"K2 Offset Prepress Workflow 2.0 - PDF-Imposition Shop","og_description":"Cloud-free &lt; print.software.innovation &gt;  Die neueste Version 2.0 f\u00fchrt neue Editoren f\u00fcr Ausschie\u00dfvorlagen direkt in den f\u00fcnf parallel lauff\u00e4higen Mac- und Windows-Produktionsclients von K2 ein. K2 ist ein umfassendes Softwarepaket, das f\u00fcr den Betrieb praktisch aller neuen und bestehenden CTP-Systeme entwickelt wurde und Ihnen au\u00dferdem die Integration digitaler und gro\u00dfformatiger Ausgabeworkflows erm\u00f6glicht. Es wurde speziell entwickelt, um viele der in den letzten Jahren von Kodak, Fujifilm, Agfa (Eco3) und Heidelberg installierten, veralteten Systeme zu ersetzen. Ohne Kompromisse bei Funktionalit\u00e4t, Geschwindigkeit oder Leistung einzugehen, bietet K2 eine preislich attraktive Alternative zu teuren Upgrades und kostspieligen Abonnementmodellen.","og_url":"https:\/\/pdf-imposition.shop\/?product=xitron-k2-prepress-workflow","og_site_name":"PDF-Imposition Shop","article_modified_time":"2026-03-29T11:23:34+00:00","og_image":[{"width":828,"height":621,"url":"http:\/\/pdf-imposition.shop\/wp-content\/uploads\/2025\/10\/Xitron_K2_Logo828x621Mont.png","type":"image\/png"}],"twitter_card":"summary_large_image","twitter_misc":{"Gesch\u00e4tzte Lesezeit":"5\u00a0Minuten"},"schema":{"@context":"https:\/\/schema.org","@graph":[{"@type":"WebPage","@id":"https:\/\/pdf-imposition.shop\/?product=xitron-k2-prepress-workflow","url":"https:\/\/pdf-imposition.shop\/?product=xitron-k2-prepress-workflow","name":"K2 Offset Prepress Workflow 2.0 - PDF-Imposition Shop","isPartOf":{"@id":"https:\/\/pdf-imposition.shop\/#website"},"primaryImageOfPage":{"@id":"https:\/\/pdf-imposition.shop\/?product=xitron-k2-prepress-workflow#primaryimage"},"image":{"@id":"https:\/\/pdf-imposition.shop\/?product=xitron-k2-prepress-workflow#primaryimage"},"thumbnailUrl":"https:\/\/pdf-imposition.shop\/wp-content\/uploads\/2025\/10\/Xitron_K2_Logo828x621Mont.png","datePublished":"2025-10-28T07:59:53+00:00","dateModified":"2026-03-29T11:23:34+00:00","breadcrumb":{"@id":"https:\/\/pdf-imposition.shop\/?product=xitron-k2-prepress-workflow#breadcrumb"},"inLanguage":"de","potentialAction":[{"@type":"ReadAction","target":["https:\/\/pdf-imposition.shop\/?product=xitron-k2-prepress-workflow"]}]},{"@type":"ImageObject","inLanguage":"de","@id":"https:\/\/pdf-imposition.shop\/?product=xitron-k2-prepress-workflow#primaryimage","url":"https:\/\/pdf-imposition.shop\/wp-content\/uploads\/2025\/10\/Xitron_K2_Logo828x621Mont.png","contentUrl":"https:\/\/pdf-imposition.shop\/wp-content\/uploads\/2025\/10\/Xitron_K2_Logo828x621Mont.png","width":828,"height":621,"caption":"K2 Workflow Logo"},{"@type":"BreadcrumbList","@id":"https:\/\/pdf-imposition.shop\/?product=xitron-k2-prepress-workflow#breadcrumb","itemListElement":[{"@type":"ListItem","position":1,"name":"Startseite","item":"https:\/\/pdf-imposition.shop\/"},{"@type":"ListItem","position":2,"name":"Shop","item":"https:\/\/pdf-imposition.shop\/?page_id=4"},{"@type":"ListItem","position":3,"name":"K2 Offset Prepress Workflow 2.0"}]},{"@type":"WebSite","@id":"https:\/\/pdf-imposition.shop\/#website","url":"https:\/\/pdf-imposition.shop\/","name":"PDF-Imposition Shop","description":"Prepress Software Shop &amp; Service","publisher":{"@id":"https:\/\/pdf-imposition.shop\/#organization"},"potentialAction":[{"@type":"SearchAction","target":{"@type":"EntryPoint","urlTemplate":"https:\/\/pdf-imposition.shop\/?s={search_term_string}"},"query-input":{"@type":"PropertyValueSpecification","valueRequired":true,"valueName":"search_term_string"}}],"inLanguage":"de"},{"@type":"Organization","@id":"https:\/\/pdf-imposition.shop\/#organization","name":"PDF-Imposition Shop","url":"https:\/\/pdf-imposition.shop\/","logo":{"@type":"ImageObject","inLanguage":"de","@id":"https:\/\/pdf-imposition.shop\/#\/schema\/logo\/image\/","url":"https:\/\/pdf-imposition.shop\/wp-content\/uploads\/2018\/03\/cropped-Shop-Header.jpg","contentUrl":"https:\/\/pdf-imposition.shop\/wp-content\/uploads\/2018\/03\/cropped-Shop-Header.jpg","width":470,"height":110,"caption":"PDF-Imposition Shop"},"image":{"@id":"https:\/\/pdf-imposition.shop\/#\/schema\/logo\/image\/"}}]}},"jetpack_publicize_connections":[],"jetpack_sharing_enabled":true,"_links":{"self":[{"href":"https:\/\/pdf-imposition.shop\/index.php?rest_route=\/wp\/v2\/product\/1253","targetHints":{"allow":["GET"]}}],"collection":[{"href":"https:\/\/pdf-imposition.shop\/index.php?rest_route=\/wp\/v2\/product"}],"about":[{"href":"https:\/\/pdf-imposition.shop\/index.php?rest_route=\/wp\/v2\/types\/product"}],"wp:featuredmedia":[{"embeddable":true,"href":"https:\/\/pdf-imposition.shop\/index.php?rest_route=\/wp\/v2\/media\/1269"}],"wp:attachment":[{"href":"https:\/\/pdf-imposition.shop\/index.php?rest_route=%2Fwp%2Fv2%2Fmedia&parent=1253"}],"wp:term":[{"taxonomy":"product_brand","embeddable":true,"href":"https:\/\/pdf-imposition.shop\/index.php?rest_route=%2Fwp%2Fv2%2Fproduct_brand&post=1253"},{"taxonomy":"product_cat","embeddable":true,"href":"https:\/\/pdf-imposition.shop\/index.php?rest_route=%2Fwp%2Fv2%2Fproduct_cat&post=1253"},{"taxonomy":"product_tag","embeddable":true,"href":"https:\/\/pdf-imposition.shop\/index.php?rest_route=%2Fwp%2Fv2%2Fproduct_tag&post=1253"}],"curies":[{"name":"wp","href":"https:\/\/api.w.org\/{rel}","templated":true}]}}