{"id":115,"date":"2018-03-11T17:15:12","date_gmt":"2018-03-11T16:15:12","guid":{"rendered":"http:\/\/pdf-imposition.shop\/?post_type=product&#038;p=115"},"modified":"2026-03-29T12:35:13","modified_gmt":"2026-03-29T10:35:13","slug":"xitron-navigator-rip-v11-x","status":"publish","type":"product","link":"https:\/\/pdf-imposition.shop\/?product=xitron-navigator-rip-v11-x","title":{"rendered":"Navigator RIP v14 (TIFF-RIP)"},"content":{"rendered":"<h2><span class=\"\" lang=\"de\" tabindex=\"-1\"><img loading=\"lazy\" decoding=\"async\" class=\"alignnone size-full wp-image-121\" src=\"http:\/\/pdf-imposition.shop\/wp-content\/uploads\/2018\/01\/Navigator-Logo.png\" alt=\"\" width=\"175\" height=\"117\" \/><\/span><\/h2>\n<h2>Xitron Navigator RIP v14 (TIFF-RIP)<\/h2>\n<p><span id=\"result_box\" class=\"\" lang=\"de\" tabindex=\"-1\"><br \/>\n<\/span><strong><span id=\"result_box\" class=\"\" lang=\"de\" tabindex=\"-1\"><span title=\"The path to Prepress Independence\u00ae \">Der Weg zur &lt;Prepress Independence\u00ae&gt;<\/span><\/span><\/strong><\/p>\n<p><span id=\"result_box\" class=\"\" lang=\"de\" tabindex=\"-1\"><span title=\"Xitron\u2019s Navigator Harlequin RIP is a best-in-class implementation of Global Graphic\u2019s Harlequin RIP technology.\">Xitrons Navigator Harlequin RIP ist eine erstklassige Implementierung der Harlequin RIP-Technologie von Global Graphics. <\/span><\/span><span id=\"result_box\" class=\"\" lang=\"de\" tabindex=\"-1\"><span title=\"Providing prepress environments with fast, predictable, and reliable interpretation of PostScript, PDF, and EPS format files, Navigator is the most trusted name in RIP architecture with over 30,000 installations worldwide. \"><strong>Mit einer schnellen, vorhersehbaren und zuverl\u00e4ssigen Interpretation von PostScript-, PDF- und EPS-Dateien in Druckvorstufenumgebungen ist Navigator mit \u00fcber 30.000 Installationen die weltweit bekannteste Marke im RIP-Softwaremarkt.<\/strong><br \/>\n<\/span><\/span><\/p>\n<ul>\n<li><span class=\"\" lang=\"de\" tabindex=\"-1\"><span class=\"\" lang=\"de\" tabindex=\"-1\"> <span title=\"Low Cost of Ownership \u2013 Prolong the life of expensive CtP systems by updating only the element that requires attention;\"><strong>Niedrige Betriebskosten<\/strong> &#8211; Verl\u00e4ngern Sie die Lebensdauer von teuren CtP-Systemen, indem Sie nur das Element aktualisieren, das die erforderliche Aufmerksamkeit erfordert &#8211; <\/span><span title=\"the rip software!\">die RIP-Software! <\/span><span title=\"Productive Navigator RIP and workflow modules are the least expensive components to replace, keeping your system current with modern design and layout applications like CS Cloud. \">Die RIP- und Workflow-Module von Xitron Navigator sind die am kosteng\u00fcnstigsten Komponenten, die ersetzt werden m\u00fcssen um Ihr System mit modernen Design- und Layout-Anwendungen wie CS Cloud auf dem neuesten Stand zu halten.<br \/>\n<\/span><\/span><\/span><\/li>\n<li><span class=\"\" lang=\"de\" tabindex=\"-1\"><span class=\"\" lang=\"de\" tabindex=\"-1\"><span title=\"Interpretive Accuracy \u2013 New PDF functionality can cause problems for older RIPs.\"><strong>Akkurate Interpretation<\/strong> &#8211; Neue PDF-Funktionen k\u00f6nnen Probleme f\u00fcr \u00e4ltere RIPs verursachen. <\/span><span title=\"Native PDF processing in the Harlequin RIP software means features like transparency are handled cleanly and correctly, greatly reducing interpretation errors while saving you time and money. \">Native PDF-Verarbeitung in der RIP-Software von Harlequin bedeutet, dass Funktionen wie Transparenz sauber und korrekt gehandhabt werden, Interpretationsfehler werden erheblich reduziert und gleichzeitig wird Zeit und Geld gespart.<\/span><\/span><\/span><span class=\"\" lang=\"de\" tabindex=\"-1\"><span class=\"\" lang=\"de\" tabindex=\"-1\"><span title=\"You won\u2019t waste a moment locating jobs in the system. \"><br \/>\n<\/span><\/span><\/span><\/li>\n<li><span class=\"\" lang=\"de\" tabindex=\"-1\"><span class=\"\" lang=\"de\" tabindex=\"-1\"><span title=\"Output to Hundreds of Devices \u2013 Xitron built its reputation as an alternative to proprietary systems with the Navigator RIP and Raster Blaster TIFF Catcher.\"><strong>Ausgabe auf Hunderten von Ger\u00e4ten<\/strong> &#8211; Xitron hat seinen Ruf als Alternative zu propriet\u00e4ren Systemen mit dem <strong>Navigator RIP<\/strong> und dem <strong>Raster Blaster TIFF Catcher<\/strong> aufgebaut. <\/span><span title=\"If you want to keep your current output device while improving your prepress production, Xitron probably has the answer.\">Wenn Sie Ihr aktuelles Ausgabeger\u00e4t bei gleichzeitiger Verbesserung Ihrer Druckvorstufenproduktion behalten m\u00f6chten, hat Xitron wahrscheinlich die Antwort. <\/span><span title=\"Whether you are running offset, flexo, digital, commercial, packaging, labels, or dozens of other applications, most major markets and methods are covered with the Navigator Harlequin RIP and workflow.\">Ob Offset-, Flexo-, Digital-, Akzidenz-, Verpackungs-, Etiketten- oder Dutzende von anderen Anwendungen, die meisten wichtigen M\u00e4rkte und Methoden werden mit dem Navigator Harlequin RIP und Workflow abgedeckt.<\/span><\/span><\/span><\/li>\n<li><strong>Screened Raster TIFF-RIP-Version<\/strong> f\u00fcr die 1bit-TIFF Ausgabe f\u00fcr alle CTP-Belichtermodelle mit eigenem TIFF-Shooter, wie z.B. <strong>CRON, L\u00fcscher, HighWater, BasysPrint u.v.a.m.<br \/>\n<\/strong><\/li>\n<\/ul>\n<p>Hier die Liste der unterst\u00fctzten Ausgabeger\u00e4te:<\/p>\n<p><a href=\"http:\/\/pdf-imposition.shop\/wp-content\/uploads\/2018\/03\/LIT-0319_Navigator_Device_Interfaces-July2016.pdf\"><strong>Navigator_Device_Interfaces-July2016<\/strong><\/a><\/p>\n<p><span class=\"\"><span style=\"color: #0da4d3;\">\u00a0<\/span><strong><span style=\"color: #0da4d3;\">Versand der Navigator RIP DVD, Soft Lock (SL) Code Lizenzierung erfolgt per Kundenmail.<\/span>\u00a0<\/strong><\/span><\/p>\n<p><span class=\"\">\u00a0<\/span><\/p>\n","protected":false},"excerpt":{"rendered":"<p><span class=\"\" lang=\"de\" tabindex=\"-1\"><span title=\"Xitron\u2019s Navigator Harlequin RIP is a best-in-class implementation of Global Graphic\u2019s Harlequin RIP technology.\"><strong>Schnellere Verarbeitung, pr\u00e4zise Ergebnisse, stabile Workflows \u2013 mit Navigator RIP<\/strong><br \/>\nHochperformante RIP-Software f\u00fcr maximale Kontrolle im Prepress. Optimieren Sie Ihre Druckdatenverarbeitung und bringen Sie Ihren Workflow auf ein neues Leistungsniveau.<br \/>\n<strong>Ihre Vorteile auf einem Blick:<\/strong><br \/>\n<\/span><\/span><\/p>\n<ul>\n<li data-section-id=\"13a8lv4\" data-start=\"1399\" data-end=\"1474\"><strong data-start=\"1404\" data-end=\"1422\">High-Speed RIP<\/strong> \u2013 ideal f\u00fcr gro\u00dfe Datenmengen und hohe Auslastung<\/li>\n<li data-section-id=\"1ulnfw2\" data-start=\"1475\" data-end=\"1538\"><strong data-start=\"1480\" data-end=\"1507\">Pr\u00e4zise Ausgabequalit\u00e4t<\/strong> \u2013 auch bei komplexen Layouts<\/li>\n<li data-section-id=\"ali1ei\" data-start=\"1539\" data-end=\"1603\"><strong data-start=\"1544\" data-end=\"1572\">Workflow-Automatisierung<\/strong> \u2013 weniger manuelle Eingriffe<\/li>\n<li data-section-id=\"8au7qj\" data-start=\"1604\" data-end=\"1673\"><strong data-start=\"1609\" data-end=\"1633\">Nahtlose Integration<\/strong> \u2013 kompatibel mit bestehenden Systemen<\/li>\n<li data-section-id=\"17vl9kw\" data-start=\"1674\" data-end=\"1732\"><strong data-start=\"1679\" data-end=\"1697\">Skalierbarkeit<\/strong> \u2013 w\u00e4chst mit Ihren Anforderungen<\/li>\n<\/ul>\n<p>&nbsp;<\/p>\n<p>&nbsp;<\/p>\n","protected":false},"featured_media":127,"template":"","meta":{"pmpro_default_level":"","jetpack_post_was_ever_published":false,"jetpack_publicize_message":"","jetpack_publicize_feature_enabled":true,"jetpack_social_post_already_shared":true,"jetpack_social_options":{"image_generator_settings":{"template":"highway","default_image_id":0,"font":"","enabled":false},"version":2}},"product_brand":[],"product_cat":[53,83,37,212,71],"product_tag":[214,89,213,42,88],"class_list":{"0":"post-115","1":"product","2":"type-product","3":"status-publish","4":"has-post-thumbnail","6":"wpc-brand-xitron","7":"product_cat-navigator-rip","8":"product_cat-offset-print","9":"product_cat-rip-software","10":"product_cat-tiff-rip","11":"product_cat-windows","12":"product_tag-ctp-software-preis","13":"product_tag-harlequin","14":"product_tag-rip-software-kaufen","15":"product_tag-rip-software","16":"product_tag-scriptworks","17":"pmpro-has-access","19":"first","20":"instock","21":"taxable","22":"shipping-taxable","23":"purchasable","24":"product-type-simple"},"yoast_head":"<!-- This site is optimized with the Yoast SEO plugin v27.3 - https:\/\/yoast.com\/product\/yoast-seo-wordpress\/ -->\n<title>Navigator RIP v14 (TIFF-RIP) - PDF-Imposition Shop<\/title>\n<meta name=\"description\" content=\"Navigator RIP v14 (TIFF-RIP) - PDF-Imposition Shop\" \/>\n<meta name=\"robots\" content=\"index, follow, max-snippet:-1, max-image-preview:large, max-video-preview:-1\" \/>\n<link rel=\"canonical\" href=\"https:\/\/pdf-imposition.shop\/?product=xitron-navigator-rip-v11-x\" \/>\n<meta property=\"og:locale\" content=\"de_DE\" \/>\n<meta property=\"og:type\" content=\"article\" \/>\n<meta property=\"og:title\" content=\"Navigator RIP v14 (TIFF-RIP) - PDF-Imposition Shop\" \/>\n<meta property=\"og:description\" content=\"Navigator RIP v14 (TIFF-RIP) - PDF-Imposition Shop\" \/>\n<meta property=\"og:url\" content=\"https:\/\/pdf-imposition.shop\/?product=xitron-navigator-rip-v11-x\" \/>\n<meta property=\"og:site_name\" content=\"PDF-Imposition Shop\" \/>\n<meta property=\"article:modified_time\" content=\"2026-03-29T10:35:13+00:00\" \/>\n<meta property=\"og:image\" content=\"http:\/\/pdf-imposition.shop\/wp-content\/uploads\/2018\/03\/Navigator_Harlequin_RIP11.jpg\" \/>\n\t<meta property=\"og:image:width\" content=\"390\" \/>\n\t<meta property=\"og:image:height\" content=\"391\" \/>\n\t<meta property=\"og:image:type\" content=\"image\/jpeg\" \/>\n<meta name=\"twitter:card\" content=\"summary_large_image\" \/>\n<meta name=\"twitter:label1\" content=\"Gesch\u00e4tzte Lesezeit\" \/>\n\t<meta name=\"twitter:data1\" content=\"2\u00a0Minuten\" \/>\n<script type=\"application\/ld+json\" class=\"yoast-schema-graph\">{\"@context\":\"https:\\\/\\\/schema.org\",\"@graph\":[{\"@type\":\"WebPage\",\"@id\":\"https:\\\/\\\/pdf-imposition.shop\\\/?product=xitron-navigator-rip-v11-x\",\"url\":\"https:\\\/\\\/pdf-imposition.shop\\\/?product=xitron-navigator-rip-v11-x\",\"name\":\"Navigator RIP v14 (TIFF-RIP) - PDF-Imposition Shop\",\"isPartOf\":{\"@id\":\"https:\\\/\\\/pdf-imposition.shop\\\/#website\"},\"primaryImageOfPage\":{\"@id\":\"https:\\\/\\\/pdf-imposition.shop\\\/?product=xitron-navigator-rip-v11-x#primaryimage\"},\"image\":{\"@id\":\"https:\\\/\\\/pdf-imposition.shop\\\/?product=xitron-navigator-rip-v11-x#primaryimage\"},\"thumbnailUrl\":\"https:\\\/\\\/pdf-imposition.shop\\\/wp-content\\\/uploads\\\/2018\\\/03\\\/Navigator_Harlequin_RIP11.jpg\",\"datePublished\":\"2018-03-11T16:15:12+00:00\",\"dateModified\":\"2026-03-29T10:35:13+00:00\",\"description\":\"Navigator RIP v14 (TIFF-RIP) - PDF-Imposition Shop\",\"breadcrumb\":{\"@id\":\"https:\\\/\\\/pdf-imposition.shop\\\/?product=xitron-navigator-rip-v11-x#breadcrumb\"},\"inLanguage\":\"de\",\"potentialAction\":[{\"@type\":\"ReadAction\",\"target\":[\"https:\\\/\\\/pdf-imposition.shop\\\/?product=xitron-navigator-rip-v11-x\"]}]},{\"@type\":\"ImageObject\",\"inLanguage\":\"de\",\"@id\":\"https:\\\/\\\/pdf-imposition.shop\\\/?product=xitron-navigator-rip-v11-x#primaryimage\",\"url\":\"https:\\\/\\\/pdf-imposition.shop\\\/wp-content\\\/uploads\\\/2018\\\/03\\\/Navigator_Harlequin_RIP11.jpg\",\"contentUrl\":\"https:\\\/\\\/pdf-imposition.shop\\\/wp-content\\\/uploads\\\/2018\\\/03\\\/Navigator_Harlequin_RIP11.jpg\",\"width\":390,\"height\":391,\"caption\":\"Blank White DVD Case with Blank Disc Isolated on White Background.\"},{\"@type\":\"BreadcrumbList\",\"@id\":\"https:\\\/\\\/pdf-imposition.shop\\\/?product=xitron-navigator-rip-v11-x#breadcrumb\",\"itemListElement\":[{\"@type\":\"ListItem\",\"position\":1,\"name\":\"Startseite\",\"item\":\"https:\\\/\\\/pdf-imposition.shop\\\/\"},{\"@type\":\"ListItem\",\"position\":2,\"name\":\"Shop\",\"item\":\"https:\\\/\\\/pdf-imposition.shop\\\/?page_id=4\"},{\"@type\":\"ListItem\",\"position\":3,\"name\":\"Navigator RIP v14 (TIFF-RIP)\"}]},{\"@type\":\"WebSite\",\"@id\":\"https:\\\/\\\/pdf-imposition.shop\\\/#website\",\"url\":\"https:\\\/\\\/pdf-imposition.shop\\\/\",\"name\":\"PDF-Imposition Shop\",\"description\":\"Prepress Software Shop &amp; Service\",\"publisher\":{\"@id\":\"https:\\\/\\\/pdf-imposition.shop\\\/#organization\"},\"potentialAction\":[{\"@type\":\"SearchAction\",\"target\":{\"@type\":\"EntryPoint\",\"urlTemplate\":\"https:\\\/\\\/pdf-imposition.shop\\\/?s={search_term_string}\"},\"query-input\":{\"@type\":\"PropertyValueSpecification\",\"valueRequired\":true,\"valueName\":\"search_term_string\"}}],\"inLanguage\":\"de\"},{\"@type\":\"Organization\",\"@id\":\"https:\\\/\\\/pdf-imposition.shop\\\/#organization\",\"name\":\"PDF-Imposition Shop\",\"url\":\"https:\\\/\\\/pdf-imposition.shop\\\/\",\"logo\":{\"@type\":\"ImageObject\",\"inLanguage\":\"de\",\"@id\":\"https:\\\/\\\/pdf-imposition.shop\\\/#\\\/schema\\\/logo\\\/image\\\/\",\"url\":\"https:\\\/\\\/pdf-imposition.shop\\\/wp-content\\\/uploads\\\/2018\\\/03\\\/cropped-Shop-Header.jpg\",\"contentUrl\":\"https:\\\/\\\/pdf-imposition.shop\\\/wp-content\\\/uploads\\\/2018\\\/03\\\/cropped-Shop-Header.jpg\",\"width\":470,\"height\":110,\"caption\":\"PDF-Imposition Shop\"},\"image\":{\"@id\":\"https:\\\/\\\/pdf-imposition.shop\\\/#\\\/schema\\\/logo\\\/image\\\/\"}}]}<\/script>\n<!-- \/ Yoast SEO plugin. -->","yoast_head_json":{"title":"Navigator RIP v14 (TIFF-RIP) - PDF-Imposition Shop","description":"Navigator RIP v14 (TIFF-RIP) - PDF-Imposition Shop","robots":{"index":"index","follow":"follow","max-snippet":"max-snippet:-1","max-image-preview":"max-image-preview:large","max-video-preview":"max-video-preview:-1"},"canonical":"https:\/\/pdf-imposition.shop\/?product=xitron-navigator-rip-v11-x","og_locale":"de_DE","og_type":"article","og_title":"Navigator RIP v14 (TIFF-RIP) - PDF-Imposition Shop","og_description":"Navigator RIP v14 (TIFF-RIP) - PDF-Imposition Shop","og_url":"https:\/\/pdf-imposition.shop\/?product=xitron-navigator-rip-v11-x","og_site_name":"PDF-Imposition Shop","article_modified_time":"2026-03-29T10:35:13+00:00","og_image":[{"width":390,"height":391,"url":"http:\/\/pdf-imposition.shop\/wp-content\/uploads\/2018\/03\/Navigator_Harlequin_RIP11.jpg","type":"image\/jpeg"}],"twitter_card":"summary_large_image","twitter_misc":{"Gesch\u00e4tzte Lesezeit":"2\u00a0Minuten"},"schema":{"@context":"https:\/\/schema.org","@graph":[{"@type":"WebPage","@id":"https:\/\/pdf-imposition.shop\/?product=xitron-navigator-rip-v11-x","url":"https:\/\/pdf-imposition.shop\/?product=xitron-navigator-rip-v11-x","name":"Navigator RIP v14 (TIFF-RIP) - PDF-Imposition Shop","isPartOf":{"@id":"https:\/\/pdf-imposition.shop\/#website"},"primaryImageOfPage":{"@id":"https:\/\/pdf-imposition.shop\/?product=xitron-navigator-rip-v11-x#primaryimage"},"image":{"@id":"https:\/\/pdf-imposition.shop\/?product=xitron-navigator-rip-v11-x#primaryimage"},"thumbnailUrl":"https:\/\/pdf-imposition.shop\/wp-content\/uploads\/2018\/03\/Navigator_Harlequin_RIP11.jpg","datePublished":"2018-03-11T16:15:12+00:00","dateModified":"2026-03-29T10:35:13+00:00","description":"Navigator RIP v14 (TIFF-RIP) - PDF-Imposition Shop","breadcrumb":{"@id":"https:\/\/pdf-imposition.shop\/?product=xitron-navigator-rip-v11-x#breadcrumb"},"inLanguage":"de","potentialAction":[{"@type":"ReadAction","target":["https:\/\/pdf-imposition.shop\/?product=xitron-navigator-rip-v11-x"]}]},{"@type":"ImageObject","inLanguage":"de","@id":"https:\/\/pdf-imposition.shop\/?product=xitron-navigator-rip-v11-x#primaryimage","url":"https:\/\/pdf-imposition.shop\/wp-content\/uploads\/2018\/03\/Navigator_Harlequin_RIP11.jpg","contentUrl":"https:\/\/pdf-imposition.shop\/wp-content\/uploads\/2018\/03\/Navigator_Harlequin_RIP11.jpg","width":390,"height":391,"caption":"Blank White DVD Case with Blank Disc Isolated on White Background."},{"@type":"BreadcrumbList","@id":"https:\/\/pdf-imposition.shop\/?product=xitron-navigator-rip-v11-x#breadcrumb","itemListElement":[{"@type":"ListItem","position":1,"name":"Startseite","item":"https:\/\/pdf-imposition.shop\/"},{"@type":"ListItem","position":2,"name":"Shop","item":"https:\/\/pdf-imposition.shop\/?page_id=4"},{"@type":"ListItem","position":3,"name":"Navigator RIP v14 (TIFF-RIP)"}]},{"@type":"WebSite","@id":"https:\/\/pdf-imposition.shop\/#website","url":"https:\/\/pdf-imposition.shop\/","name":"PDF-Imposition Shop","description":"Prepress Software Shop &amp; Service","publisher":{"@id":"https:\/\/pdf-imposition.shop\/#organization"},"potentialAction":[{"@type":"SearchAction","target":{"@type":"EntryPoint","urlTemplate":"https:\/\/pdf-imposition.shop\/?s={search_term_string}"},"query-input":{"@type":"PropertyValueSpecification","valueRequired":true,"valueName":"search_term_string"}}],"inLanguage":"de"},{"@type":"Organization","@id":"https:\/\/pdf-imposition.shop\/#organization","name":"PDF-Imposition Shop","url":"https:\/\/pdf-imposition.shop\/","logo":{"@type":"ImageObject","inLanguage":"de","@id":"https:\/\/pdf-imposition.shop\/#\/schema\/logo\/image\/","url":"https:\/\/pdf-imposition.shop\/wp-content\/uploads\/2018\/03\/cropped-Shop-Header.jpg","contentUrl":"https:\/\/pdf-imposition.shop\/wp-content\/uploads\/2018\/03\/cropped-Shop-Header.jpg","width":470,"height":110,"caption":"PDF-Imposition Shop"},"image":{"@id":"https:\/\/pdf-imposition.shop\/#\/schema\/logo\/image\/"}}]}},"jetpack_publicize_connections":[],"jetpack_sharing_enabled":true,"_links":{"self":[{"href":"https:\/\/pdf-imposition.shop\/index.php?rest_route=\/wp\/v2\/product\/115","targetHints":{"allow":["GET"]}}],"collection":[{"href":"https:\/\/pdf-imposition.shop\/index.php?rest_route=\/wp\/v2\/product"}],"about":[{"href":"https:\/\/pdf-imposition.shop\/index.php?rest_route=\/wp\/v2\/types\/product"}],"wp:featuredmedia":[{"embeddable":true,"href":"https:\/\/pdf-imposition.shop\/index.php?rest_route=\/wp\/v2\/media\/127"}],"wp:attachment":[{"href":"https:\/\/pdf-imposition.shop\/index.php?rest_route=%2Fwp%2Fv2%2Fmedia&parent=115"}],"wp:term":[{"taxonomy":"product_brand","embeddable":true,"href":"https:\/\/pdf-imposition.shop\/index.php?rest_route=%2Fwp%2Fv2%2Fproduct_brand&post=115"},{"taxonomy":"product_cat","embeddable":true,"href":"https:\/\/pdf-imposition.shop\/index.php?rest_route=%2Fwp%2Fv2%2Fproduct_cat&post=115"},{"taxonomy":"product_tag","embeddable":true,"href":"https:\/\/pdf-imposition.shop\/index.php?rest_route=%2Fwp%2Fv2%2Fproduct_tag&post=115"}],"curies":[{"name":"wp","href":"https:\/\/api.w.org\/{rel}","templated":true}]}}