{"id":1099,"date":"2025-10-09T13:41:00","date_gmt":"2025-10-09T11:41:00","guid":{"rendered":"https:\/\/pdf-imposition.shop\/?post_type=product&#038;p=1099"},"modified":"2026-01-22T08:42:27","modified_gmt":"2026-01-22T07:42:27","slug":"aurelon-proofmaster-6-x","status":"publish","type":"product","link":"https:\/\/pdf-imposition.shop\/?product=aurelon-proofmaster-6-x","title":{"rendered":"Aurelon ProofMaster 2026"},"content":{"rendered":"<h2><span class=\"\" lang=\"de\" tabindex=\"-1\" data-wp-editing=\"1\"><img loading=\"lazy\" decoding=\"async\" class=\"alignnone wp-image-1103 size-medium\" src=\"http:\/\/pdf-imposition.shop\/wp-content\/uploads\/2025\/10\/ProofMaster_RGB-e1546607688479-300x54.png\" alt=\"\" width=\"300\" height=\"54\" srcset=\"https:\/\/pdf-imposition.shop\/wp-content\/uploads\/2025\/10\/ProofMaster_RGB-e1546607688479-300x54.png 300w, https:\/\/pdf-imposition.shop\/wp-content\/uploads\/2025\/10\/ProofMaster_RGB-e1546607688479-768x138.png 768w, https:\/\/pdf-imposition.shop\/wp-content\/uploads\/2025\/10\/ProofMaster_RGB-e1546607688479-416x75.png 416w, https:\/\/pdf-imposition.shop\/wp-content\/uploads\/2025\/10\/ProofMaster_RGB-e1546607688479-96x17.png 96w, https:\/\/pdf-imposition.shop\/wp-content\/uploads\/2025\/10\/ProofMaster_RGB-e1546607688479.png 915w\" sizes=\"auto, (max-width: 300px) 100vw, 300px\" \/><\/span><\/h2>\n<h2>Aurelon ProofMaster 2026<\/h2>\n<p><span id=\"result_box\" class=\"\" lang=\"de\" tabindex=\"-1\"><br \/>\n<\/span><strong><span id=\"result_box\" class=\"\" lang=\"de\" tabindex=\"-1\"><span title=\"The path to Prepress Independence\u00ae \"><span class=\"HwtZe\" lang=\"de\"><span class=\"jCAhz ChMk0b\"><span class=\"ryNqvb\">PROOFMASTER |<\/span><\/span> <span class=\"jCAhz ChMk0b\"><span class=\"ryNqvb\">UNSCHLAGBARE ERGEBNISSE.<\/span><\/span><\/span><\/span><\/span><\/strong><\/p>\n<p>ProofMaster ist die derzeit g\u00fcnstigste hochwertige Contract Proof-Software auf dem Markt. Im Kreativbereich die attraktive Alternative f\u00fcr ehemalige EFI Designer Edition-Anwender.<br \/>\nKlick, klick, klick \u2013 jeder kann die 3-Klick-Assistenten von ProofMaster einfach bedienen. In k\u00fcrzester Zeit erstellen Sie Devicelink-Profile zur ISO Digitalproof-Herstellung.<br \/>\nUnsere VISU&#x2122; Multi-Channel Device-Link-Profilierungs-Engine erstellt Profile f\u00fcr jeden Prozess \u2013 RGB, CMYK oder 8-Farben-Mehrkanaldruck. Das macht ProofMaster zur flexibelsten und preisg\u00fcnstigsten Proofsoftware auf dem Markt.<\/p>\n<p>ProofMaster enth\u00e4lt CMYK-Profile f\u00fcr die Standards ISO 12647, FOGRA, GRACoL, SWOP und Idealliance. Mit iterativer Profiloptimierung, Proof-Zertifizierungsfunktionen und CxF\/X-3-Sonderfarbenbibliotheken haben Sie ein echtes Plus.<\/p>\n<p>F\u00fcr unsere Verpackungskunden bieten wir Multi-Channel Device-Link-Profilierung an, sodass auch das Proofen von Druck mit erweitertem Farbraum (ECG) oder Sonderfarben mit den neuesten CXF\/X-4-Datenaustauschformaten (ISO 17972) m\u00f6glich ist.<br \/>\nWir haben in der aktuellen Version 2026 die volle Unterst\u00fctzung f\u00fcr die PANTONE v5-Sonderfarbbibliotheken, einschlie\u00dflich der Referenzfarben der Serien 4000 und 6000, hinzugef\u00fcgt. Diese aktualisierten Bibliotheken werden automatisch erkannt und zugeordnet, sobald in eingehenden Dateien passende PANTONE-Farben gefunden werden (bis zu 59 Sonderfarben pro RIP-\u00dcbermittlung). PrintFactory verwendet automatisch die korrekten CIELab-Werte basierend auf dem Messfilter, der beim Erstellen Ihres PMM\/Profils angewendet wurde.<\/p>\n<p>Egal, wo Sie arbeiten \u2013 Ihre Druckger\u00e4te k\u00f6nnen 10 Meter oder 10.000 Meilen entfernt sein. Mit der Drucker-Neukalibrierungsfunktion von ProofMaster k\u00f6nnen Sie zwei oder mehr Ger\u00e4te im Closed-Loop-Verfahren auf ein einziges Profil kalibrieren.<\/p>\n<p><span id=\"result_box\" class=\"\" lang=\"de\" tabindex=\"-1\"><span title=\"Providing prepress environments with fast, predictable, and reliable interpretation of PostScript, PDF, and EPS format files, Navigator is the most trusted name in RIP architecture with over 30,000 installations worldwide. \">\u00a0<\/span><\/span><\/p>\n<p>&nbsp;<\/p>\n","protected":false},"excerpt":{"rendered":"<p><strong><span id=\"result_box\" class=\"\" lang=\"de\" tabindex=\"-1\"><span title=\"The path to Prepress Independence\u00ae \"><span class=\"HwtZe\" lang=\"de\"><span class=\"jCAhz ChMk0b\"><span class=\"ryNqvb\">PROOFMASTER |<\/span><\/span> <span class=\"jCAhz ChMk0b\"><span class=\"ryNqvb\">UNSCHLAGBARE ERGEBNISSE.<\/span><\/span><\/span><\/span><\/span><\/strong><\/p>\n<p>ProofMaster ist die derzeit g\u00fcnstigste hochwertige Contract Proof-Software auf dem Markt. Im Kreativbereich die attraktive Alternative f\u00fcr Anwender der fr\u00fcheren EFI Designer Edition, sowie GMG-Umsteiger.<br \/>\nKlick, klick, klick \u2013 jeder kann die 3-Klick-Assistenten von ProofMaster einfach bedienen. In k\u00fcrzester Zeit erstellen Sie Devicelink-Profile zur ISO Digitalproof-Herstellung.<br \/>\nUnsere VISU&#x2122; Multi-Channel Device-Link-Profilierungs-Engine erstellt Profile f\u00fcr jeden Prozess \u2013 RGB, CMYK oder 8-Farben-Mehrkanaldruck. Das macht ProofMaster zur flexibelsten und preisg\u00fcnstigsten Proofsoftware auf dem Markt.<br \/>\n<strong>Jetzt inkl. PANTONE Sonderfarben-Bibliothek v5 !<\/strong><br \/>\n<span style=\"color: #ff0000;\">Kostenlose 14-Tage Demoversion (Win\/MAC) unter Angabe Ihrer EU-VAT-Nr. (falls vorhanden) bei mir erh\u00e4ltlich. Rufen Sie mich an: +49-(0)179-5548863<\/span><\/p>\n","protected":false},"featured_media":1101,"template":"","meta":{"pmpro_default_level":"","jetpack_post_was_ever_published":false,"jetpack_publicize_message":"","jetpack_publicize_feature_enabled":true,"jetpack_social_post_already_shared":true,"jetpack_social_options":{"image_generator_settings":{"template":"highway","default_image_id":0,"font":"","enabled":false},"version":2}},"product_brand":[],"product_cat":[38,176,82,45,72,53,37,71],"product_tag":[182,183,42],"class_list":{"0":"post-1099","1":"product","2":"type-product","3":"status-publish","4":"has-post-thumbnail","6":"wpc-brand-proofmaster","7":"product_cat-applikationen","8":"product_cat-contract-proof","9":"product_cat-inkjet-print","10":"product_cat-inkjet-rip","11":"product_cat-macos","12":"product_cat-navigator-rip","13":"product_cat-rip-software","14":"product_cat-windows","15":"product_tag-iso-digitalproof","16":"product_tag-kontraktproof","17":"product_tag-rip-software","18":"pmpro-has-access","20":"first","21":"instock","22":"taxable","23":"shipping-taxable","24":"purchasable","25":"product-type-variable"},"yoast_head":"<!-- This site is optimized with the Yoast SEO plugin v27.4 - https:\/\/yoast.com\/product\/yoast-seo-wordpress\/ -->\n<title>Aurelon ProofMaster 2026 - PDF-Imposition Shop<\/title>\n<meta name=\"description\" content=\"Aurelon ProofMaster 2026 - PDF-Imposition Shop\" \/>\n<meta name=\"robots\" content=\"index, follow, max-snippet:-1, max-image-preview:large, max-video-preview:-1\" \/>\n<link rel=\"canonical\" href=\"https:\/\/pdf-imposition.shop\/?product=aurelon-proofmaster-6-x\" \/>\n<meta property=\"og:locale\" content=\"de_DE\" \/>\n<meta property=\"og:type\" content=\"article\" \/>\n<meta property=\"og:title\" content=\"Aurelon ProofMaster 2026 - PDF-Imposition Shop\" \/>\n<meta property=\"og:description\" content=\"Aurelon ProofMaster 2026 - PDF-Imposition Shop\" \/>\n<meta property=\"og:url\" content=\"https:\/\/pdf-imposition.shop\/?product=aurelon-proofmaster-6-x\" \/>\n<meta property=\"og:site_name\" content=\"PDF-Imposition Shop\" \/>\n<meta property=\"article:modified_time\" content=\"2026-01-22T07:42:27+00:00\" \/>\n<meta property=\"og:image\" content=\"http:\/\/pdf-imposition.shop\/wp-content\/uploads\/2025\/10\/ProofMaster_Flower_900x1262_1.jpg\" \/>\n\t<meta property=\"og:image:width\" content=\"900\" \/>\n\t<meta property=\"og:image:height\" content=\"1262\" \/>\n\t<meta property=\"og:image:type\" content=\"image\/jpeg\" \/>\n<meta name=\"twitter:card\" content=\"summary_large_image\" \/>\n<meta name=\"twitter:label1\" content=\"Gesch\u00e4tzte Lesezeit\" \/>\n\t<meta name=\"twitter:data1\" content=\"2\u00a0Minuten\" \/>\n<script type=\"application\/ld+json\" class=\"yoast-schema-graph\">{\"@context\":\"https:\\\/\\\/schema.org\",\"@graph\":[{\"@type\":\"WebPage\",\"@id\":\"https:\\\/\\\/pdf-imposition.shop\\\/?product=aurelon-proofmaster-6-x\",\"url\":\"https:\\\/\\\/pdf-imposition.shop\\\/?product=aurelon-proofmaster-6-x\",\"name\":\"Aurelon ProofMaster 2026 - PDF-Imposition Shop\",\"isPartOf\":{\"@id\":\"https:\\\/\\\/pdf-imposition.shop\\\/#website\"},\"primaryImageOfPage\":{\"@id\":\"https:\\\/\\\/pdf-imposition.shop\\\/?product=aurelon-proofmaster-6-x#primaryimage\"},\"image\":{\"@id\":\"https:\\\/\\\/pdf-imposition.shop\\\/?product=aurelon-proofmaster-6-x#primaryimage\"},\"thumbnailUrl\":\"https:\\\/\\\/pdf-imposition.shop\\\/wp-content\\\/uploads\\\/2025\\\/10\\\/ProofMaster_Flower_900x1262_1.jpg\",\"datePublished\":\"2025-10-09T11:41:00+00:00\",\"dateModified\":\"2026-01-22T07:42:27+00:00\",\"description\":\"Aurelon ProofMaster 2026 - PDF-Imposition Shop\",\"breadcrumb\":{\"@id\":\"https:\\\/\\\/pdf-imposition.shop\\\/?product=aurelon-proofmaster-6-x#breadcrumb\"},\"inLanguage\":\"de\",\"potentialAction\":[{\"@type\":\"ReadAction\",\"target\":[\"https:\\\/\\\/pdf-imposition.shop\\\/?product=aurelon-proofmaster-6-x\"]}]},{\"@type\":\"ImageObject\",\"inLanguage\":\"de\",\"@id\":\"https:\\\/\\\/pdf-imposition.shop\\\/?product=aurelon-proofmaster-6-x#primaryimage\",\"url\":\"https:\\\/\\\/pdf-imposition.shop\\\/wp-content\\\/uploads\\\/2025\\\/10\\\/ProofMaster_Flower_900x1262_1.jpg\",\"contentUrl\":\"https:\\\/\\\/pdf-imposition.shop\\\/wp-content\\\/uploads\\\/2025\\\/10\\\/ProofMaster_Flower_900x1262_1.jpg\",\"width\":900,\"height\":1262},{\"@type\":\"BreadcrumbList\",\"@id\":\"https:\\\/\\\/pdf-imposition.shop\\\/?product=aurelon-proofmaster-6-x#breadcrumb\",\"itemListElement\":[{\"@type\":\"ListItem\",\"position\":1,\"name\":\"Startseite\",\"item\":\"https:\\\/\\\/pdf-imposition.shop\\\/\"},{\"@type\":\"ListItem\",\"position\":2,\"name\":\"Shop\",\"item\":\"https:\\\/\\\/pdf-imposition.shop\\\/?page_id=4\"},{\"@type\":\"ListItem\",\"position\":3,\"name\":\"Aurelon ProofMaster 2026\"}]},{\"@type\":\"WebSite\",\"@id\":\"https:\\\/\\\/pdf-imposition.shop\\\/#website\",\"url\":\"https:\\\/\\\/pdf-imposition.shop\\\/\",\"name\":\"PDF-Imposition Shop\",\"description\":\"Prepress Software Shop &amp; Service\",\"publisher\":{\"@id\":\"https:\\\/\\\/pdf-imposition.shop\\\/#organization\"},\"potentialAction\":[{\"@type\":\"SearchAction\",\"target\":{\"@type\":\"EntryPoint\",\"urlTemplate\":\"https:\\\/\\\/pdf-imposition.shop\\\/?s={search_term_string}\"},\"query-input\":{\"@type\":\"PropertyValueSpecification\",\"valueRequired\":true,\"valueName\":\"search_term_string\"}}],\"inLanguage\":\"de\"},{\"@type\":\"Organization\",\"@id\":\"https:\\\/\\\/pdf-imposition.shop\\\/#organization\",\"name\":\"PDF-Imposition Shop\",\"url\":\"https:\\\/\\\/pdf-imposition.shop\\\/\",\"logo\":{\"@type\":\"ImageObject\",\"inLanguage\":\"de\",\"@id\":\"https:\\\/\\\/pdf-imposition.shop\\\/#\\\/schema\\\/logo\\\/image\\\/\",\"url\":\"https:\\\/\\\/pdf-imposition.shop\\\/wp-content\\\/uploads\\\/2018\\\/03\\\/cropped-Shop-Header.jpg\",\"contentUrl\":\"https:\\\/\\\/pdf-imposition.shop\\\/wp-content\\\/uploads\\\/2018\\\/03\\\/cropped-Shop-Header.jpg\",\"width\":470,\"height\":110,\"caption\":\"PDF-Imposition Shop\"},\"image\":{\"@id\":\"https:\\\/\\\/pdf-imposition.shop\\\/#\\\/schema\\\/logo\\\/image\\\/\"}}]}<\/script>\n<!-- \/ Yoast SEO plugin. -->","yoast_head_json":{"title":"Aurelon ProofMaster 2026 - PDF-Imposition Shop","description":"Aurelon ProofMaster 2026 - PDF-Imposition Shop","robots":{"index":"index","follow":"follow","max-snippet":"max-snippet:-1","max-image-preview":"max-image-preview:large","max-video-preview":"max-video-preview:-1"},"canonical":"https:\/\/pdf-imposition.shop\/?product=aurelon-proofmaster-6-x","og_locale":"de_DE","og_type":"article","og_title":"Aurelon ProofMaster 2026 - PDF-Imposition Shop","og_description":"Aurelon ProofMaster 2026 - PDF-Imposition Shop","og_url":"https:\/\/pdf-imposition.shop\/?product=aurelon-proofmaster-6-x","og_site_name":"PDF-Imposition Shop","article_modified_time":"2026-01-22T07:42:27+00:00","og_image":[{"width":900,"height":1262,"url":"http:\/\/pdf-imposition.shop\/wp-content\/uploads\/2025\/10\/ProofMaster_Flower_900x1262_1.jpg","type":"image\/jpeg"}],"twitter_card":"summary_large_image","twitter_misc":{"Gesch\u00e4tzte Lesezeit":"2\u00a0Minuten"},"schema":{"@context":"https:\/\/schema.org","@graph":[{"@type":"WebPage","@id":"https:\/\/pdf-imposition.shop\/?product=aurelon-proofmaster-6-x","url":"https:\/\/pdf-imposition.shop\/?product=aurelon-proofmaster-6-x","name":"Aurelon ProofMaster 2026 - PDF-Imposition Shop","isPartOf":{"@id":"https:\/\/pdf-imposition.shop\/#website"},"primaryImageOfPage":{"@id":"https:\/\/pdf-imposition.shop\/?product=aurelon-proofmaster-6-x#primaryimage"},"image":{"@id":"https:\/\/pdf-imposition.shop\/?product=aurelon-proofmaster-6-x#primaryimage"},"thumbnailUrl":"https:\/\/pdf-imposition.shop\/wp-content\/uploads\/2025\/10\/ProofMaster_Flower_900x1262_1.jpg","datePublished":"2025-10-09T11:41:00+00:00","dateModified":"2026-01-22T07:42:27+00:00","description":"Aurelon ProofMaster 2026 - PDF-Imposition Shop","breadcrumb":{"@id":"https:\/\/pdf-imposition.shop\/?product=aurelon-proofmaster-6-x#breadcrumb"},"inLanguage":"de","potentialAction":[{"@type":"ReadAction","target":["https:\/\/pdf-imposition.shop\/?product=aurelon-proofmaster-6-x"]}]},{"@type":"ImageObject","inLanguage":"de","@id":"https:\/\/pdf-imposition.shop\/?product=aurelon-proofmaster-6-x#primaryimage","url":"https:\/\/pdf-imposition.shop\/wp-content\/uploads\/2025\/10\/ProofMaster_Flower_900x1262_1.jpg","contentUrl":"https:\/\/pdf-imposition.shop\/wp-content\/uploads\/2025\/10\/ProofMaster_Flower_900x1262_1.jpg","width":900,"height":1262},{"@type":"BreadcrumbList","@id":"https:\/\/pdf-imposition.shop\/?product=aurelon-proofmaster-6-x#breadcrumb","itemListElement":[{"@type":"ListItem","position":1,"name":"Startseite","item":"https:\/\/pdf-imposition.shop\/"},{"@type":"ListItem","position":2,"name":"Shop","item":"https:\/\/pdf-imposition.shop\/?page_id=4"},{"@type":"ListItem","position":3,"name":"Aurelon ProofMaster 2026"}]},{"@type":"WebSite","@id":"https:\/\/pdf-imposition.shop\/#website","url":"https:\/\/pdf-imposition.shop\/","name":"PDF-Imposition Shop","description":"Prepress Software Shop &amp; Service","publisher":{"@id":"https:\/\/pdf-imposition.shop\/#organization"},"potentialAction":[{"@type":"SearchAction","target":{"@type":"EntryPoint","urlTemplate":"https:\/\/pdf-imposition.shop\/?s={search_term_string}"},"query-input":{"@type":"PropertyValueSpecification","valueRequired":true,"valueName":"search_term_string"}}],"inLanguage":"de"},{"@type":"Organization","@id":"https:\/\/pdf-imposition.shop\/#organization","name":"PDF-Imposition Shop","url":"https:\/\/pdf-imposition.shop\/","logo":{"@type":"ImageObject","inLanguage":"de","@id":"https:\/\/pdf-imposition.shop\/#\/schema\/logo\/image\/","url":"https:\/\/pdf-imposition.shop\/wp-content\/uploads\/2018\/03\/cropped-Shop-Header.jpg","contentUrl":"https:\/\/pdf-imposition.shop\/wp-content\/uploads\/2018\/03\/cropped-Shop-Header.jpg","width":470,"height":110,"caption":"PDF-Imposition Shop"},"image":{"@id":"https:\/\/pdf-imposition.shop\/#\/schema\/logo\/image\/"}}]}},"jetpack_publicize_connections":[],"jetpack_sharing_enabled":true,"_links":{"self":[{"href":"https:\/\/pdf-imposition.shop\/index.php?rest_route=\/wp\/v2\/product\/1099","targetHints":{"allow":["GET"]}}],"collection":[{"href":"https:\/\/pdf-imposition.shop\/index.php?rest_route=\/wp\/v2\/product"}],"about":[{"href":"https:\/\/pdf-imposition.shop\/index.php?rest_route=\/wp\/v2\/types\/product"}],"wp:featuredmedia":[{"embeddable":true,"href":"https:\/\/pdf-imposition.shop\/index.php?rest_route=\/wp\/v2\/media\/1101"}],"wp:attachment":[{"href":"https:\/\/pdf-imposition.shop\/index.php?rest_route=%2Fwp%2Fv2%2Fmedia&parent=1099"}],"wp:term":[{"taxonomy":"product_brand","embeddable":true,"href":"https:\/\/pdf-imposition.shop\/index.php?rest_route=%2Fwp%2Fv2%2Fproduct_brand&post=1099"},{"taxonomy":"product_cat","embeddable":true,"href":"https:\/\/pdf-imposition.shop\/index.php?rest_route=%2Fwp%2Fv2%2Fproduct_cat&post=1099"},{"taxonomy":"product_tag","embeddable":true,"href":"https:\/\/pdf-imposition.shop\/index.php?rest_route=%2Fwp%2Fv2%2Fproduct_tag&post=1099"}],"curies":[{"name":"wp","href":"https:\/\/api.w.org\/{rel}","templated":true}]}}