{"id":685,"date":"2018-04-08T14:09:32","date_gmt":"2018-04-08T12:09:32","guid":{"rendered":"http:\/\/pdf-imposition.shop\/?page_id=685"},"modified":"2026-03-13T14:04:34","modified_gmt":"2026-03-13T13:04:34","slug":"ueber-mich-kontakt","status":"publish","type":"page","link":"https:\/\/pdf-imposition.shop\/?page_id=685","title":{"rendered":"\u00dcber mich \/ Kontakt"},"content":{"rendered":"<div class=\"entry-content\">\n<p data-wp-editing=\"1\"><img loading=\"lazy\" decoding=\"async\" class=\"alignnone wp-image-1108 size-medium\" src=\"http:\/\/pdf-imposition.shop\/wp-content\/uploads\/2025\/10\/Martin_Mueller_cw260-275x300.jpg\" alt=\"\" width=\"275\" height=\"300\" srcset=\"https:\/\/pdf-imposition.shop\/wp-content\/uploads\/2025\/10\/Martin_Mueller_cw260-275x300.jpg 275w, https:\/\/pdf-imposition.shop\/wp-content\/uploads\/2025\/10\/Martin_Mueller_cw260-937x1024.jpg 937w, https:\/\/pdf-imposition.shop\/wp-content\/uploads\/2025\/10\/Martin_Mueller_cw260-768x839.jpg 768w, https:\/\/pdf-imposition.shop\/wp-content\/uploads\/2025\/10\/Martin_Mueller_cw260-1406x1536.jpg 1406w, https:\/\/pdf-imposition.shop\/wp-content\/uploads\/2025\/10\/Martin_Mueller_cw260-1874x2048.jpg 1874w, https:\/\/pdf-imposition.shop\/wp-content\/uploads\/2025\/10\/Martin_Mueller_cw260-416x455.jpg 416w, https:\/\/pdf-imposition.shop\/wp-content\/uploads\/2025\/10\/Martin_Mueller_cw260-88x96.jpg 88w\" sizes=\"auto, (max-width: 275px) 100vw, 275px\" \/>Martin M\u00fcller<\/p>\n<p><span class=\"Subheadline\">S<\/span>eit 2015 bin ich autorisierter Fachh\u00e4ndler f\u00fcr die Prepress-Softwarel\u00f6sungen der Firmen <strong>Xitron LLC (Global Graphics Harlequin<\/strong>)<strong>, Aurelon B.V. ProofMaster\/PrintFactory <\/strong>und <strong>StudioRIP S.R.L., <\/strong>f\u00fcr deren Produktinstallationen in Deutschland, \u00d6sterreich, Frankreich, Benelux und der Schweiz, ich technischen Kundensupport leiste.<br \/>\nAls freier Prepress-Servicetechniker unterst\u00fctze ich CTP-System-installationen der Firmen <strong>CRON Europe GmbH<\/strong>,\u00a0<strong> Huaguang (Germany) GmbH <\/strong>(China Lucky)<strong>, Pre Press Boulevard B.V.<\/strong> , sowie\u00a0 der grafischen Fachh\u00e4ndler <strong>Heidelberg Vertrieb (Saphira), IGEPA Freytag &amp; Petersen GmbH &amp; Co. KG, Heinrich Steuber GmbH + Co., Dortschy GmbH &amp; Co. KG, Reinsch Handel &amp; Dienstleistungen GmbH,<\/strong> <strong>print-concept-roeber GmbH,<\/strong> <strong>At\u00e9c\u00e9 Graphic Products B.V., Micronmedia B.V.<\/strong> und <strong>Anduranz Graphic Solutions B.V.<\/strong> aus den Niederlanden. Im Auftrage des Schweizer Inkjetmaterialherstellers <strong>solutions2day GmbH<\/strong> zeichne ich f\u00fcr den Produkt-Support in Deutschland und der EU verantwortlich.<\/p>\n<p class=\"Bodytext\">Dar\u00fcber hinaus bin ich seit mehr als 25 Jahren Mitglied im <strong>Fachverband Druckindustrie und Informationsverarbeitung e.V. (FDI)<\/strong> und seit \u00fcber 30 Jahren im PrePress-Sektor zu Hause. Beginnend als gelernter Druckformhersteller in verschiedenen Rollen- und Bogenoffsetbetrieben der Rhein-Ruhr-Region, folgte 1995 meine Qualifizierung zum<strong> Industriemeister Druck, Fachrichtung Druckformtechnik<\/strong> und 2001 die Weiterbildung zum <strong>Multimedia-Designer\/DTP-Fachmann<\/strong>.<br \/>\nBei dem damals bedeutenden Polyesterdruckplatten- &amp; Spezialpapierhersteller <strong>Mitsubishi Paper Mills Ltd.<\/strong>, fand ich ab dem Jahre 2002 den beruflichen Einstieg in den technischen Kundensupport f\u00fcr die grafische Industrie. Als <strong>Applikations-Spezialist f\u00fcr CTP-\/Workflow- und Inkjet-Systeme<\/strong> im Technischen Europa-Zentrum D\u00fcsseldorf, betreute ich dort bis zu meinem Ausscheiden im M\u00e4rz 2015, die Bereiche Pre-Sales, H\u00e4ndler- und Kundensupport f\u00fcr CTP-Systeme &amp; Inkjetmaterialien.<\/p>\n<p>Heute unterst\u00fctze ich <strong>Druckereien, Systemh\u00e4user und Fachh\u00e4ndler<\/strong> bei der <strong>Einf\u00fchrung, Integration und Optimierung moderner Prepress- und CtP-L\u00f6sungen<\/strong> \u2013 praxisnah, hersteller\u00fcbergreifend und mit langj\u00e4hriger Branchenerfahrung.<\/p>\n<p><strong>Wenn Sie Unterst\u00fctzung bei Prepress-Software, RIP-Systemen, CtP-Integration oder Workflow-Optimierung suchen, freue ich mich \u00fcber Ihre Kontaktaufnahme.<\/strong><\/p>\n<p><strong>Martin M\u00fcller<\/strong><br \/>\nIndustriemeister Druck<br \/>\nMaster Graphic Arts<br \/>\nAlte Hatzper Stra\u00dfe 40<br \/>\n45149 Essen<br \/>\nGermany<\/p>\n<p>Tel. +49-178-5548863<br \/>\nMail: <a title=\"Mail an Martin M\u00fcller\" href=\"mailto:martin.mueller@pdf-imposition.de\">martin.mueller(at)pdf-imposition.de<\/a><br \/>\nInternet: <a title=\"PDF-Imposition for Print\" href=\"http:\/\/www.pdf-imposition.de\">www.pdf-imposition.de<\/a> , <a href=\"http:\/\/www.pdf-imposition.shop\" target=\"_blank\" rel=\"noopener noreferrer\">www.pdf-imposition.shop<\/a><\/p>\n<p><strong>Martin M\u00fcller<\/strong><br \/>\nIndustriemeister Druck<br \/>\nMaster Graphic Arts<br \/>\nAlte Hatzper Stra\u00dfe 40<br \/>\n45149 Essen<br \/>\nGermany<\/p>\n<p>Tel. +49-178-5548863<br \/>\nMail: <a title=\"Mail an Martin M\u00fcller\" href=\"mailto:martin.mueller@pdf-imposition.de\">martin.mueller(at)pdf-imposition.de<\/a><br \/>\nInternet: <a title=\"PDF-Imposition for Print\" href=\"http:\/\/www.pdf-imposition.de\">www.pdf-imposition.de<\/a> , <a href=\"http:\/\/www.pdf-imposition.shop\" target=\"_blank\" rel=\"noopener\">www.pdf-imposition.shop<\/a><\/p>\n<h6><\/h6>\n<\/div>\n","protected":false},"excerpt":{"rendered":"<p>Martin M\u00fcller Seit 2015 bin ich autorisierter Fachh\u00e4ndler f\u00fcr die Prepress-Softwarel\u00f6sungen der Firmen Xitron LLC (Global Graphics Harlequin), Aurelon B.V. ProofMaster\/PrintFactory und StudioRIP S.R.L., f\u00fcr deren Produktinstallationen in Deutschland, \u00d6sterreich, Frankreich, Benelux und der Schweiz, ich technischen Kundensupport leiste. Als freier Prepress-Servicetechniker unterst\u00fctze ich CTP-System-installationen der Firmen CRON Europe GmbH,\u00a0 Huaguang (Germany) GmbH (China Lucky), [&hellip;]<\/p>\n","protected":false},"author":1,"featured_media":0,"parent":0,"menu_order":0,"comment_status":"closed","ping_status":"closed","template":"","meta":{"pmpro_default_level":"","jetpack_post_was_ever_published":false,"footnotes":""},"class_list":["post-685","page","type-page","status-publish","hentry","pmpro-has-access"],"yoast_head":"<!-- This site is optimized with the Yoast SEO plugin v27.3 - https:\/\/yoast.com\/product\/yoast-seo-wordpress\/ -->\n<title>\u00dcber mich \/ Kontakt - PDF-Imposition Shop<\/title>\n<meta name=\"robots\" content=\"index, follow, max-snippet:-1, max-image-preview:large, max-video-preview:-1\" \/>\n<link rel=\"canonical\" href=\"https:\/\/pdf-imposition.shop\/?page_id=685\" \/>\n<meta property=\"og:locale\" content=\"de_DE\" \/>\n<meta property=\"og:type\" content=\"article\" \/>\n<meta property=\"og:title\" content=\"\u00dcber mich \/ Kontakt - PDF-Imposition Shop\" \/>\n<meta property=\"og:description\" content=\"Martin M\u00fcller Seit 2015 bin ich autorisierter Fachh\u00e4ndler f\u00fcr die Prepress-Softwarel\u00f6sungen der Firmen Xitron LLC (Global Graphics Harlequin), Aurelon B.V. ProofMaster\/PrintFactory und StudioRIP S.R.L., f\u00fcr deren Produktinstallationen in Deutschland, \u00d6sterreich, Frankreich, Benelux und der Schweiz, ich technischen Kundensupport leiste. Als freier Prepress-Servicetechniker unterst\u00fctze ich CTP-System-installationen der Firmen CRON Europe GmbH,\u00a0 Huaguang (Germany) GmbH (China Lucky), [&hellip;]\" \/>\n<meta property=\"og:url\" content=\"https:\/\/pdf-imposition.shop\/?page_id=685\" \/>\n<meta property=\"og:site_name\" content=\"PDF-Imposition Shop\" \/>\n<meta property=\"article:modified_time\" content=\"2026-03-13T13:04:34+00:00\" \/>\n<meta property=\"og:image\" content=\"https:\/\/pdf-imposition.shop\/wp-content\/uploads\/2025\/10\/Martin_Mueller_cw260-scaled.jpg\" \/>\n\t<meta property=\"og:image:width\" content=\"2343\" \/>\n\t<meta property=\"og:image:height\" content=\"2560\" \/>\n\t<meta property=\"og:image:type\" content=\"image\/jpeg\" \/>\n<meta name=\"twitter:card\" content=\"summary_large_image\" \/>\n<meta name=\"twitter:label1\" content=\"Gesch\u00e4tzte Lesezeit\" \/>\n\t<meta name=\"twitter:data1\" content=\"2\u00a0Minuten\" \/>\n<script type=\"application\/ld+json\" class=\"yoast-schema-graph\">{\"@context\":\"https:\\\/\\\/schema.org\",\"@graph\":[{\"@type\":\"WebPage\",\"@id\":\"https:\\\/\\\/pdf-imposition.shop\\\/?page_id=685\",\"url\":\"https:\\\/\\\/pdf-imposition.shop\\\/?page_id=685\",\"name\":\"\u00dcber mich \\\/ Kontakt - PDF-Imposition Shop\",\"isPartOf\":{\"@id\":\"https:\\\/\\\/pdf-imposition.shop\\\/#website\"},\"primaryImageOfPage\":{\"@id\":\"https:\\\/\\\/pdf-imposition.shop\\\/?page_id=685#primaryimage\"},\"image\":{\"@id\":\"https:\\\/\\\/pdf-imposition.shop\\\/?page_id=685#primaryimage\"},\"thumbnailUrl\":\"http:\\\/\\\/pdf-imposition.shop\\\/wp-content\\\/uploads\\\/2025\\\/10\\\/Martin_Mueller_cw260-275x300.jpg\",\"datePublished\":\"2018-04-08T12:09:32+00:00\",\"dateModified\":\"2026-03-13T13:04:34+00:00\",\"breadcrumb\":{\"@id\":\"https:\\\/\\\/pdf-imposition.shop\\\/?page_id=685#breadcrumb\"},\"inLanguage\":\"de\",\"potentialAction\":[{\"@type\":\"ReadAction\",\"target\":[\"https:\\\/\\\/pdf-imposition.shop\\\/?page_id=685\"]}]},{\"@type\":\"ImageObject\",\"inLanguage\":\"de\",\"@id\":\"https:\\\/\\\/pdf-imposition.shop\\\/?page_id=685#primaryimage\",\"url\":\"https:\\\/\\\/pdf-imposition.shop\\\/wp-content\\\/uploads\\\/2025\\\/10\\\/Martin_Mueller_cw260-scaled.jpg\",\"contentUrl\":\"https:\\\/\\\/pdf-imposition.shop\\\/wp-content\\\/uploads\\\/2025\\\/10\\\/Martin_Mueller_cw260-scaled.jpg\",\"width\":2343,\"height\":2560},{\"@type\":\"BreadcrumbList\",\"@id\":\"https:\\\/\\\/pdf-imposition.shop\\\/?page_id=685#breadcrumb\",\"itemListElement\":[{\"@type\":\"ListItem\",\"position\":1,\"name\":\"Startseite\",\"item\":\"https:\\\/\\\/pdf-imposition.shop\\\/\"},{\"@type\":\"ListItem\",\"position\":2,\"name\":\"\u00dcber mich \\\/ Kontakt\"}]},{\"@type\":\"WebSite\",\"@id\":\"https:\\\/\\\/pdf-imposition.shop\\\/#website\",\"url\":\"https:\\\/\\\/pdf-imposition.shop\\\/\",\"name\":\"PDF-Imposition Shop\",\"description\":\"Prepress Software Shop &amp; Service\",\"publisher\":{\"@id\":\"https:\\\/\\\/pdf-imposition.shop\\\/#organization\"},\"potentialAction\":[{\"@type\":\"SearchAction\",\"target\":{\"@type\":\"EntryPoint\",\"urlTemplate\":\"https:\\\/\\\/pdf-imposition.shop\\\/?s={search_term_string}\"},\"query-input\":{\"@type\":\"PropertyValueSpecification\",\"valueRequired\":true,\"valueName\":\"search_term_string\"}}],\"inLanguage\":\"de\"},{\"@type\":\"Organization\",\"@id\":\"https:\\\/\\\/pdf-imposition.shop\\\/#organization\",\"name\":\"PDF-Imposition Shop\",\"url\":\"https:\\\/\\\/pdf-imposition.shop\\\/\",\"logo\":{\"@type\":\"ImageObject\",\"inLanguage\":\"de\",\"@id\":\"https:\\\/\\\/pdf-imposition.shop\\\/#\\\/schema\\\/logo\\\/image\\\/\",\"url\":\"https:\\\/\\\/pdf-imposition.shop\\\/wp-content\\\/uploads\\\/2018\\\/03\\\/cropped-Shop-Header.jpg\",\"contentUrl\":\"https:\\\/\\\/pdf-imposition.shop\\\/wp-content\\\/uploads\\\/2018\\\/03\\\/cropped-Shop-Header.jpg\",\"width\":470,\"height\":110,\"caption\":\"PDF-Imposition Shop\"},\"image\":{\"@id\":\"https:\\\/\\\/pdf-imposition.shop\\\/#\\\/schema\\\/logo\\\/image\\\/\"}}]}<\/script>\n<!-- \/ Yoast SEO plugin. -->","yoast_head_json":{"title":"\u00dcber mich \/ Kontakt - PDF-Imposition Shop","robots":{"index":"index","follow":"follow","max-snippet":"max-snippet:-1","max-image-preview":"max-image-preview:large","max-video-preview":"max-video-preview:-1"},"canonical":"https:\/\/pdf-imposition.shop\/?page_id=685","og_locale":"de_DE","og_type":"article","og_title":"\u00dcber mich \/ Kontakt - PDF-Imposition Shop","og_description":"Martin M\u00fcller Seit 2015 bin ich autorisierter Fachh\u00e4ndler f\u00fcr die Prepress-Softwarel\u00f6sungen der Firmen Xitron LLC (Global Graphics Harlequin), Aurelon B.V. ProofMaster\/PrintFactory und StudioRIP S.R.L., f\u00fcr deren Produktinstallationen in Deutschland, \u00d6sterreich, Frankreich, Benelux und der Schweiz, ich technischen Kundensupport leiste. Als freier Prepress-Servicetechniker unterst\u00fctze ich CTP-System-installationen der Firmen CRON Europe GmbH,\u00a0 Huaguang (Germany) GmbH (China Lucky), [&hellip;]","og_url":"https:\/\/pdf-imposition.shop\/?page_id=685","og_site_name":"PDF-Imposition Shop","article_modified_time":"2026-03-13T13:04:34+00:00","og_image":[{"width":2343,"height":2560,"url":"https:\/\/pdf-imposition.shop\/wp-content\/uploads\/2025\/10\/Martin_Mueller_cw260-scaled.jpg","type":"image\/jpeg"}],"twitter_card":"summary_large_image","twitter_misc":{"Gesch\u00e4tzte Lesezeit":"2\u00a0Minuten"},"schema":{"@context":"https:\/\/schema.org","@graph":[{"@type":"WebPage","@id":"https:\/\/pdf-imposition.shop\/?page_id=685","url":"https:\/\/pdf-imposition.shop\/?page_id=685","name":"\u00dcber mich \/ Kontakt - PDF-Imposition Shop","isPartOf":{"@id":"https:\/\/pdf-imposition.shop\/#website"},"primaryImageOfPage":{"@id":"https:\/\/pdf-imposition.shop\/?page_id=685#primaryimage"},"image":{"@id":"https:\/\/pdf-imposition.shop\/?page_id=685#primaryimage"},"thumbnailUrl":"http:\/\/pdf-imposition.shop\/wp-content\/uploads\/2025\/10\/Martin_Mueller_cw260-275x300.jpg","datePublished":"2018-04-08T12:09:32+00:00","dateModified":"2026-03-13T13:04:34+00:00","breadcrumb":{"@id":"https:\/\/pdf-imposition.shop\/?page_id=685#breadcrumb"},"inLanguage":"de","potentialAction":[{"@type":"ReadAction","target":["https:\/\/pdf-imposition.shop\/?page_id=685"]}]},{"@type":"ImageObject","inLanguage":"de","@id":"https:\/\/pdf-imposition.shop\/?page_id=685#primaryimage","url":"https:\/\/pdf-imposition.shop\/wp-content\/uploads\/2025\/10\/Martin_Mueller_cw260-scaled.jpg","contentUrl":"https:\/\/pdf-imposition.shop\/wp-content\/uploads\/2025\/10\/Martin_Mueller_cw260-scaled.jpg","width":2343,"height":2560},{"@type":"BreadcrumbList","@id":"https:\/\/pdf-imposition.shop\/?page_id=685#breadcrumb","itemListElement":[{"@type":"ListItem","position":1,"name":"Startseite","item":"https:\/\/pdf-imposition.shop\/"},{"@type":"ListItem","position":2,"name":"\u00dcber mich \/ Kontakt"}]},{"@type":"WebSite","@id":"https:\/\/pdf-imposition.shop\/#website","url":"https:\/\/pdf-imposition.shop\/","name":"PDF-Imposition Shop","description":"Prepress Software Shop &amp; Service","publisher":{"@id":"https:\/\/pdf-imposition.shop\/#organization"},"potentialAction":[{"@type":"SearchAction","target":{"@type":"EntryPoint","urlTemplate":"https:\/\/pdf-imposition.shop\/?s={search_term_string}"},"query-input":{"@type":"PropertyValueSpecification","valueRequired":true,"valueName":"search_term_string"}}],"inLanguage":"de"},{"@type":"Organization","@id":"https:\/\/pdf-imposition.shop\/#organization","name":"PDF-Imposition Shop","url":"https:\/\/pdf-imposition.shop\/","logo":{"@type":"ImageObject","inLanguage":"de","@id":"https:\/\/pdf-imposition.shop\/#\/schema\/logo\/image\/","url":"https:\/\/pdf-imposition.shop\/wp-content\/uploads\/2018\/03\/cropped-Shop-Header.jpg","contentUrl":"https:\/\/pdf-imposition.shop\/wp-content\/uploads\/2018\/03\/cropped-Shop-Header.jpg","width":470,"height":110,"caption":"PDF-Imposition Shop"},"image":{"@id":"https:\/\/pdf-imposition.shop\/#\/schema\/logo\/image\/"}}]}},"jetpack_sharing_enabled":true,"jetpack_shortlink":"https:\/\/wp.me\/P9wGET-b3","_links":{"self":[{"href":"https:\/\/pdf-imposition.shop\/index.php?rest_route=\/wp\/v2\/pages\/685","targetHints":{"allow":["GET"]}}],"collection":[{"href":"https:\/\/pdf-imposition.shop\/index.php?rest_route=\/wp\/v2\/pages"}],"about":[{"href":"https:\/\/pdf-imposition.shop\/index.php?rest_route=\/wp\/v2\/types\/page"}],"author":[{"embeddable":true,"href":"https:\/\/pdf-imposition.shop\/index.php?rest_route=\/wp\/v2\/users\/1"}],"replies":[{"embeddable":true,"href":"https:\/\/pdf-imposition.shop\/index.php?rest_route=%2Fwp%2Fv2%2Fcomments&post=685"}],"version-history":[{"count":20,"href":"https:\/\/pdf-imposition.shop\/index.php?rest_route=\/wp\/v2\/pages\/685\/revisions"}],"predecessor-version":[{"id":1379,"href":"https:\/\/pdf-imposition.shop\/index.php?rest_route=\/wp\/v2\/pages\/685\/revisions\/1379"}],"wp:attachment":[{"href":"https:\/\/pdf-imposition.shop\/index.php?rest_route=%2Fwp%2Fv2%2Fmedia&parent=685"}],"curies":[{"name":"wp","href":"https:\/\/api.w.org\/{rel}","templated":true}]}}