{"id":66,"date":"2018-01-05T13:17:49","date_gmt":"2018-01-05T13:17:49","guid":{"rendered":"http:\/\/pdf-imposition.shop\/?page_id=66"},"modified":"2025-11-18T10:45:29","modified_gmt":"2025-11-18T09:45:29","slug":"versandarten","status":"publish","type":"page","link":"https:\/\/pdf-imposition.shop\/?page_id=66","title":{"rendered":"Versandarten"},"content":{"rendered":"<p>Der Versand Ihrer Bestellung im <strong>pdf-imposition.shop<\/strong> erfolgt innerhalb <span style=\"color: #0da4d3;\"><strong>aller EU-L\u00e4nder (Eurozone und andere)<\/strong><\/span> m\u00f6glich und erfolgt durch <strong>DHL Deutschland &amp; DPD<\/strong>.<\/p>\n<p><img loading=\"lazy\" decoding=\"async\" class=\"alignnone size-medium wp-image-785\" src=\"http:\/\/pdf-imposition.shop\/wp-content\/uploads\/2018\/04\/DHL-300x66.png\" alt=\"\" width=\"300\" height=\"66\" srcset=\"https:\/\/pdf-imposition.shop\/wp-content\/uploads\/2018\/04\/DHL-300x66.png 300w, https:\/\/pdf-imposition.shop\/wp-content\/uploads\/2018\/04\/DHL-416x91.png 416w, https:\/\/pdf-imposition.shop\/wp-content\/uploads\/2018\/04\/DHL.png 478w\" sizes=\"auto, (max-width: 300px) 100vw, 300px\" \/><br \/>\n<span style=\"color: #0da4d3;\"><strong>Weitere Lieferl\u00e4nder sind die Schweiz und Norwegen. Bitte beachten Sie die jeweils geltenden Einfuhrbedingungen (Steuern, Z\u00f6lle).<br \/>\nDie Rechnungsstellung\u00a0 erfolgt f\u00fcr diese L\u00e4nder, bei Angabe der nationalen Steuernummer, ohne Mehrwertsteuer (Xtares etc.).<br \/>\n<\/strong><\/span><\/p>\n<h3><span style=\"color: #0da4d3;\">Versandbestimmungen<\/span><\/h3>\n<p><strong>Der Versand erfolgt in diesen Warenversandarten:<br \/>\n<\/strong><\/p>\n<ul>\n<li><strong><span style=\"color: #0da4d3;\">Versandkostenfrei<\/span><\/strong><br \/>\n&#8211; f\u00fcr alle <strong>Artikel ohne dinglichem Versand (Virtuelle Produkte)<\/strong> mit Soft Lock(SL) Code Lizenzierung bzw. Lizenzierungs-Datei (.v2c) per Kundenmail<\/li>\n<li><span style=\"color: #0da4d3;\"><strong>Unversicherter Versand &amp; Verpackung als DHL (Gro\u00df-)Brief<\/strong> <\/span>f\u00fcr<strong> pauschal 3,50 \u20ac<\/strong><br \/>\n&#8211; f\u00fcr <strong>solutions2day DIN A4 Musterfilme <\/strong>(Art.-Nr: <a href=\"http:\/\/pdf-imposition.shop\/?product=solutions2day-hr135-musterfilm-din-a4\" target=\"_blank\" rel=\"noopener\"><span class=\"sku_wrapper\"><span class=\"sku\">S2d HR135<\/span><\/span><\/a>, <span class=\"sku_wrapper\"><span class=\"sku_wrapper\"><span class=\"sku\"><a href=\"http:\/\/pdf-imposition.shop\/?product=solutions2day-hr165-musterfilm-din-a4\" target=\"_blank\" rel=\"noopener\">S2d HR165<\/a>) und <strong>Artikel mit dinglichem Versand<\/strong> und\u00a0Soft Lock(SL) Code Lizenzierung bzw. Lizenzierungs-Datei (.v2c) per Kundenmail<br \/>\n<\/span><\/span><\/span><\/li>\n<li><span style=\"color: #0da4d3;\"><strong>Versicherter Versand &amp; Verpackung als DHL-Paket M f\u00fcr die beiden Versandklassen:<\/strong><\/span><br \/>\n&#8211;<span style=\"color: #0da4d3;\"> <strong>Versandklasse I<\/strong> <\/span><strong>Versicherter dinglicher Versand<\/strong> bis zu einem Warenwert \/ Haftungssumme von 2.500 \u20ac f\u00fcr <strong>pauschal 14,90 \u20ac<\/strong><br \/>\n&#8211;<span style=\"color: #0da4d3;\"> <strong>Versandklasse II<\/strong> <\/span><strong>Versicherter dinglicher Versand<\/strong> ab einem Warenwert \/ Haftungssumme von 2.501 \u20ac bis 25.000 \u20ac f\u00fcr <strong>pauschal 25,90 \u20ac<br \/>\nDer Absender erh\u00e4lt einen Einlieferungsnachweis, der Empf\u00e4nger quittiert die Auslieferung.<br \/>\n<\/strong><\/li>\n<\/ul>\n","protected":false},"excerpt":{"rendered":"<p>Der Versand Ihrer Bestellung im pdf-imposition.shop erfolgt innerhalb aller EU-L\u00e4nder (Eurozone und andere) m\u00f6glich und erfolgt durch DHL Deutschland &amp; DPD. Weitere Lieferl\u00e4nder sind die Schweiz und Norwegen. Bitte beachten Sie die jeweils geltenden Einfuhrbedingungen (Steuern, Z\u00f6lle). Die Rechnungsstellung\u00a0 erfolgt f\u00fcr diese L\u00e4nder, bei Angabe der nationalen Steuernummer, ohne Mehrwertsteuer (Xtares etc.). Versandbestimmungen Der Versand [&hellip;]<\/p>\n","protected":false},"author":1,"featured_media":0,"parent":0,"menu_order":0,"comment_status":"closed","ping_status":"closed","template":"","meta":{"pmpro_default_level":"","jetpack_post_was_ever_published":false,"footnotes":""},"class_list":["post-66","page","type-page","status-publish","hentry","pmpro-has-access"],"yoast_head":"<!-- This site is optimized with the Yoast SEO plugin v27.3 - https:\/\/yoast.com\/product\/yoast-seo-wordpress\/ -->\n<title>Versandarten - PDF-Imposition Shop<\/title>\n<meta name=\"robots\" content=\"index, follow, max-snippet:-1, max-image-preview:large, max-video-preview:-1\" \/>\n<link rel=\"canonical\" href=\"https:\/\/pdf-imposition.shop\/?page_id=66\" \/>\n<meta property=\"og:locale\" content=\"de_DE\" \/>\n<meta property=\"og:type\" content=\"article\" \/>\n<meta property=\"og:title\" content=\"Versandarten - PDF-Imposition Shop\" \/>\n<meta property=\"og:description\" content=\"Der Versand Ihrer Bestellung im pdf-imposition.shop erfolgt innerhalb aller EU-L\u00e4nder (Eurozone und andere) m\u00f6glich und erfolgt durch DHL Deutschland &amp; DPD. Weitere Lieferl\u00e4nder sind die Schweiz und Norwegen. Bitte beachten Sie die jeweils geltenden Einfuhrbedingungen (Steuern, Z\u00f6lle). Die Rechnungsstellung\u00a0 erfolgt f\u00fcr diese L\u00e4nder, bei Angabe der nationalen Steuernummer, ohne Mehrwertsteuer (Xtares etc.). Versandbestimmungen Der Versand [&hellip;]\" \/>\n<meta property=\"og:url\" content=\"https:\/\/pdf-imposition.shop\/?page_id=66\" \/>\n<meta property=\"og:site_name\" content=\"PDF-Imposition Shop\" \/>\n<meta property=\"article:modified_time\" content=\"2025-11-18T09:45:29+00:00\" \/>\n<meta property=\"og:image\" content=\"https:\/\/pdf-imposition.shop\/wp-content\/uploads\/2018\/04\/DHL.png\" \/>\n\t<meta property=\"og:image:width\" content=\"478\" \/>\n\t<meta property=\"og:image:height\" content=\"105\" \/>\n\t<meta property=\"og:image:type\" content=\"image\/png\" \/>\n<meta name=\"twitter:card\" content=\"summary_large_image\" \/>\n<meta name=\"twitter:label1\" content=\"Gesch\u00e4tzte Lesezeit\" \/>\n\t<meta name=\"twitter:data1\" content=\"2\u00a0Minuten\" \/>\n<script type=\"application\/ld+json\" class=\"yoast-schema-graph\">{\"@context\":\"https:\\\/\\\/schema.org\",\"@graph\":[{\"@type\":\"WebPage\",\"@id\":\"https:\\\/\\\/pdf-imposition.shop\\\/?page_id=66\",\"url\":\"https:\\\/\\\/pdf-imposition.shop\\\/?page_id=66\",\"name\":\"Versandarten - PDF-Imposition Shop\",\"isPartOf\":{\"@id\":\"https:\\\/\\\/pdf-imposition.shop\\\/#website\"},\"primaryImageOfPage\":{\"@id\":\"https:\\\/\\\/pdf-imposition.shop\\\/?page_id=66#primaryimage\"},\"image\":{\"@id\":\"https:\\\/\\\/pdf-imposition.shop\\\/?page_id=66#primaryimage\"},\"thumbnailUrl\":\"http:\\\/\\\/pdf-imposition.shop\\\/wp-content\\\/uploads\\\/2018\\\/04\\\/DHL-300x66.png\",\"datePublished\":\"2018-01-05T13:17:49+00:00\",\"dateModified\":\"2025-11-18T09:45:29+00:00\",\"breadcrumb\":{\"@id\":\"https:\\\/\\\/pdf-imposition.shop\\\/?page_id=66#breadcrumb\"},\"inLanguage\":\"de\",\"potentialAction\":[{\"@type\":\"ReadAction\",\"target\":[\"https:\\\/\\\/pdf-imposition.shop\\\/?page_id=66\"]}]},{\"@type\":\"ImageObject\",\"inLanguage\":\"de\",\"@id\":\"https:\\\/\\\/pdf-imposition.shop\\\/?page_id=66#primaryimage\",\"url\":\"http:\\\/\\\/pdf-imposition.shop\\\/wp-content\\\/uploads\\\/2018\\\/04\\\/DHL-300x66.png\",\"contentUrl\":\"http:\\\/\\\/pdf-imposition.shop\\\/wp-content\\\/uploads\\\/2018\\\/04\\\/DHL-300x66.png\"},{\"@type\":\"BreadcrumbList\",\"@id\":\"https:\\\/\\\/pdf-imposition.shop\\\/?page_id=66#breadcrumb\",\"itemListElement\":[{\"@type\":\"ListItem\",\"position\":1,\"name\":\"Startseite\",\"item\":\"https:\\\/\\\/pdf-imposition.shop\\\/\"},{\"@type\":\"ListItem\",\"position\":2,\"name\":\"Versandarten\"}]},{\"@type\":\"WebSite\",\"@id\":\"https:\\\/\\\/pdf-imposition.shop\\\/#website\",\"url\":\"https:\\\/\\\/pdf-imposition.shop\\\/\",\"name\":\"PDF-Imposition Shop\",\"description\":\"Prepress Software Shop &amp; Service\",\"publisher\":{\"@id\":\"https:\\\/\\\/pdf-imposition.shop\\\/#organization\"},\"potentialAction\":[{\"@type\":\"SearchAction\",\"target\":{\"@type\":\"EntryPoint\",\"urlTemplate\":\"https:\\\/\\\/pdf-imposition.shop\\\/?s={search_term_string}\"},\"query-input\":{\"@type\":\"PropertyValueSpecification\",\"valueRequired\":true,\"valueName\":\"search_term_string\"}}],\"inLanguage\":\"de\"},{\"@type\":\"Organization\",\"@id\":\"https:\\\/\\\/pdf-imposition.shop\\\/#organization\",\"name\":\"PDF-Imposition Shop\",\"url\":\"https:\\\/\\\/pdf-imposition.shop\\\/\",\"logo\":{\"@type\":\"ImageObject\",\"inLanguage\":\"de\",\"@id\":\"https:\\\/\\\/pdf-imposition.shop\\\/#\\\/schema\\\/logo\\\/image\\\/\",\"url\":\"https:\\\/\\\/pdf-imposition.shop\\\/wp-content\\\/uploads\\\/2018\\\/03\\\/cropped-Shop-Header.jpg\",\"contentUrl\":\"https:\\\/\\\/pdf-imposition.shop\\\/wp-content\\\/uploads\\\/2018\\\/03\\\/cropped-Shop-Header.jpg\",\"width\":470,\"height\":110,\"caption\":\"PDF-Imposition Shop\"},\"image\":{\"@id\":\"https:\\\/\\\/pdf-imposition.shop\\\/#\\\/schema\\\/logo\\\/image\\\/\"}}]}<\/script>\n<!-- \/ Yoast SEO plugin. -->","yoast_head_json":{"title":"Versandarten - PDF-Imposition Shop","robots":{"index":"index","follow":"follow","max-snippet":"max-snippet:-1","max-image-preview":"max-image-preview:large","max-video-preview":"max-video-preview:-1"},"canonical":"https:\/\/pdf-imposition.shop\/?page_id=66","og_locale":"de_DE","og_type":"article","og_title":"Versandarten - PDF-Imposition Shop","og_description":"Der Versand Ihrer Bestellung im pdf-imposition.shop erfolgt innerhalb aller EU-L\u00e4nder (Eurozone und andere) m\u00f6glich und erfolgt durch DHL Deutschland &amp; DPD. Weitere Lieferl\u00e4nder sind die Schweiz und Norwegen. Bitte beachten Sie die jeweils geltenden Einfuhrbedingungen (Steuern, Z\u00f6lle). Die Rechnungsstellung\u00a0 erfolgt f\u00fcr diese L\u00e4nder, bei Angabe der nationalen Steuernummer, ohne Mehrwertsteuer (Xtares etc.). Versandbestimmungen Der Versand [&hellip;]","og_url":"https:\/\/pdf-imposition.shop\/?page_id=66","og_site_name":"PDF-Imposition Shop","article_modified_time":"2025-11-18T09:45:29+00:00","og_image":[{"width":478,"height":105,"url":"https:\/\/pdf-imposition.shop\/wp-content\/uploads\/2018\/04\/DHL.png","type":"image\/png"}],"twitter_card":"summary_large_image","twitter_misc":{"Gesch\u00e4tzte Lesezeit":"2\u00a0Minuten"},"schema":{"@context":"https:\/\/schema.org","@graph":[{"@type":"WebPage","@id":"https:\/\/pdf-imposition.shop\/?page_id=66","url":"https:\/\/pdf-imposition.shop\/?page_id=66","name":"Versandarten - PDF-Imposition Shop","isPartOf":{"@id":"https:\/\/pdf-imposition.shop\/#website"},"primaryImageOfPage":{"@id":"https:\/\/pdf-imposition.shop\/?page_id=66#primaryimage"},"image":{"@id":"https:\/\/pdf-imposition.shop\/?page_id=66#primaryimage"},"thumbnailUrl":"http:\/\/pdf-imposition.shop\/wp-content\/uploads\/2018\/04\/DHL-300x66.png","datePublished":"2018-01-05T13:17:49+00:00","dateModified":"2025-11-18T09:45:29+00:00","breadcrumb":{"@id":"https:\/\/pdf-imposition.shop\/?page_id=66#breadcrumb"},"inLanguage":"de","potentialAction":[{"@type":"ReadAction","target":["https:\/\/pdf-imposition.shop\/?page_id=66"]}]},{"@type":"ImageObject","inLanguage":"de","@id":"https:\/\/pdf-imposition.shop\/?page_id=66#primaryimage","url":"http:\/\/pdf-imposition.shop\/wp-content\/uploads\/2018\/04\/DHL-300x66.png","contentUrl":"http:\/\/pdf-imposition.shop\/wp-content\/uploads\/2018\/04\/DHL-300x66.png"},{"@type":"BreadcrumbList","@id":"https:\/\/pdf-imposition.shop\/?page_id=66#breadcrumb","itemListElement":[{"@type":"ListItem","position":1,"name":"Startseite","item":"https:\/\/pdf-imposition.shop\/"},{"@type":"ListItem","position":2,"name":"Versandarten"}]},{"@type":"WebSite","@id":"https:\/\/pdf-imposition.shop\/#website","url":"https:\/\/pdf-imposition.shop\/","name":"PDF-Imposition Shop","description":"Prepress Software Shop &amp; Service","publisher":{"@id":"https:\/\/pdf-imposition.shop\/#organization"},"potentialAction":[{"@type":"SearchAction","target":{"@type":"EntryPoint","urlTemplate":"https:\/\/pdf-imposition.shop\/?s={search_term_string}"},"query-input":{"@type":"PropertyValueSpecification","valueRequired":true,"valueName":"search_term_string"}}],"inLanguage":"de"},{"@type":"Organization","@id":"https:\/\/pdf-imposition.shop\/#organization","name":"PDF-Imposition Shop","url":"https:\/\/pdf-imposition.shop\/","logo":{"@type":"ImageObject","inLanguage":"de","@id":"https:\/\/pdf-imposition.shop\/#\/schema\/logo\/image\/","url":"https:\/\/pdf-imposition.shop\/wp-content\/uploads\/2018\/03\/cropped-Shop-Header.jpg","contentUrl":"https:\/\/pdf-imposition.shop\/wp-content\/uploads\/2018\/03\/cropped-Shop-Header.jpg","width":470,"height":110,"caption":"PDF-Imposition Shop"},"image":{"@id":"https:\/\/pdf-imposition.shop\/#\/schema\/logo\/image\/"}}]}},"jetpack_sharing_enabled":true,"jetpack_shortlink":"https:\/\/wp.me\/P9wGET-14","_links":{"self":[{"href":"https:\/\/pdf-imposition.shop\/index.php?rest_route=\/wp\/v2\/pages\/66","targetHints":{"allow":["GET"]}}],"collection":[{"href":"https:\/\/pdf-imposition.shop\/index.php?rest_route=\/wp\/v2\/pages"}],"about":[{"href":"https:\/\/pdf-imposition.shop\/index.php?rest_route=\/wp\/v2\/types\/page"}],"author":[{"embeddable":true,"href":"https:\/\/pdf-imposition.shop\/index.php?rest_route=\/wp\/v2\/users\/1"}],"replies":[{"embeddable":true,"href":"https:\/\/pdf-imposition.shop\/index.php?rest_route=%2Fwp%2Fv2%2Fcomments&post=66"}],"version-history":[{"count":53,"href":"https:\/\/pdf-imposition.shop\/index.php?rest_route=\/wp\/v2\/pages\/66\/revisions"}],"predecessor-version":[{"id":1291,"href":"https:\/\/pdf-imposition.shop\/index.php?rest_route=\/wp\/v2\/pages\/66\/revisions\/1291"}],"wp:attachment":[{"href":"https:\/\/pdf-imposition.shop\/index.php?rest_route=%2Fwp%2Fv2%2Fmedia&parent=66"}],"curies":[{"name":"wp","href":"https:\/\/api.w.org\/{rel}","templated":true}]}}