{"id":641,"date":"2018-04-06T17:02:50","date_gmt":"2018-04-06T15:02:50","guid":{"rendered":"http:\/\/pdf-imposition.shop\/?page_id=641"},"modified":"2018-04-08T15:36:29","modified_gmt":"2018-04-08T13:36:29","slug":"neue-hardware-dazu","status":"publish","type":"page","link":"https:\/\/pdf-imposition.shop\/?page_id=641","title":{"rendered":"&#8230;dazu neue Hardware ?"},"content":{"rendered":"<h2><img loading=\"lazy\" decoding=\"async\" class=\"alignnone size-medium wp-image-676\" src=\"http:\/\/pdf-imposition.shop\/wp-content\/uploads\/2018\/04\/ThinkingMan5798-e1523179627346-300x200.jpg\" alt=\"\" width=\"300\" height=\"200\" srcset=\"https:\/\/pdf-imposition.shop\/wp-content\/uploads\/2018\/04\/ThinkingMan5798-e1523179627346-300x200.jpg 300w, https:\/\/pdf-imposition.shop\/wp-content\/uploads\/2018\/04\/ThinkingMan5798-e1523179627346-768x512.jpg 768w, https:\/\/pdf-imposition.shop\/wp-content\/uploads\/2018\/04\/ThinkingMan5798-e1523179627346-1024x683.jpg 1024w, https:\/\/pdf-imposition.shop\/wp-content\/uploads\/2018\/04\/ThinkingMan5798-e1523179627346-416x277.jpg 416w\" sizes=\"auto, (max-width: 300px) 100vw, 300px\" \/>Zur neuen Prepress-Software ein neues System<\/h2>\n<p>Die neue Softwarel\u00f6sung erfordert meist ein aktuelles PC-System und\/oder einen neuen Inkjetdrucker, um ihre volle Leistung zu entfalten. Zusammen mit meinen Kooperationspartnern, kann ich Ihnen eine passende PC- und Druckerhardware f\u00fcr Ihre Prepress-L\u00f6sung anbieten:<\/p>\n<p>&nbsp;<\/p>\n<p><a href=\"https:\/\/www.cns-gmbh.de\/\" target=\"_blank\" rel=\"noopener\"><img loading=\"lazy\" decoding=\"async\" class=\"alignnone size-full wp-image-656\" src=\"http:\/\/pdf-imposition.shop\/wp-content\/uploads\/2018\/04\/CNS-logo.png\" alt=\"\" width=\"293\" height=\"103\" \/><\/a><br \/>\nDie CNS GmbH aus Gelsenkirchen ist mein Partner f\u00fcr PC-Systeme und langj\u00e4hriger Lieferant f\u00fcr die gro\u00dfen Anbieter in der Druckvorstufe (z. b. Fujifilm Deutschland).<\/p>\n<p>&nbsp;<\/p>\n<p>&nbsp;<\/p>\n<p><a href=\"http:\/\/print-c.de\/\" target=\"_blank\" rel=\"noopener\"><img loading=\"lazy\" decoding=\"async\" class=\"alignnone size-medium wp-image-657\" src=\"http:\/\/pdf-imposition.shop\/wp-content\/uploads\/2018\/04\/PC-logo-300x63.png\" alt=\"\" width=\"300\" height=\"63\" srcset=\"https:\/\/pdf-imposition.shop\/wp-content\/uploads\/2018\/04\/PC-logo-300x63.png 300w, https:\/\/pdf-imposition.shop\/wp-content\/uploads\/2018\/04\/PC-logo.png 380w\" sizes=\"auto, (max-width: 300px) 100vw, 300px\" \/><\/a><br \/>\nMit dem Epson- &amp; OKI-H\u00e4ndler Print-Concept-Roeber aus Willich verbindet mich seit Jahrzehnten eine kooperative Gesch\u00e4ftsbeziehung.<\/p>\n<h6><\/h6>\n<h6>Photo created by Katemangostar &#8211; Freepik.com<\/h6>\n","protected":false},"excerpt":{"rendered":"<p>Zur neuen Prepress-Software ein neues System Die neue Softwarel\u00f6sung erfordert meist ein aktuelles PC-System und\/oder einen neuen Inkjetdrucker, um ihre volle Leistung zu entfalten. Zusammen mit meinen Kooperationspartnern, kann ich Ihnen eine passende PC- und Druckerhardware f\u00fcr Ihre Prepress-L\u00f6sung anbieten: &nbsp; Die CNS GmbH aus Gelsenkirchen ist mein Partner f\u00fcr PC-Systeme und langj\u00e4hriger Lieferant f\u00fcr [&hellip;]<\/p>\n","protected":false},"author":1,"featured_media":0,"parent":0,"menu_order":0,"comment_status":"closed","ping_status":"closed","template":"","meta":{"pmpro_default_level":"","jetpack_post_was_ever_published":false,"footnotes":""},"class_list":["post-641","page","type-page","status-publish","hentry","pmpro-has-access"],"yoast_head":"<!-- This site is optimized with the Yoast SEO plugin v27.3 - https:\/\/yoast.com\/product\/yoast-seo-wordpress\/ -->\n<title>...dazu neue Hardware ? - PDF-Imposition Shop<\/title>\n<meta name=\"robots\" content=\"index, follow, max-snippet:-1, max-image-preview:large, max-video-preview:-1\" \/>\n<link rel=\"canonical\" href=\"https:\/\/pdf-imposition.shop\/?page_id=641\" \/>\n<meta property=\"og:locale\" content=\"de_DE\" \/>\n<meta property=\"og:type\" content=\"article\" \/>\n<meta property=\"og:title\" content=\"...dazu neue Hardware ? - PDF-Imposition Shop\" \/>\n<meta property=\"og:description\" content=\"Zur neuen Prepress-Software ein neues System Die neue Softwarel\u00f6sung erfordert meist ein aktuelles PC-System und\/oder einen neuen Inkjetdrucker, um ihre volle Leistung zu entfalten. Zusammen mit meinen Kooperationspartnern, kann ich Ihnen eine passende PC- und Druckerhardware f\u00fcr Ihre Prepress-L\u00f6sung anbieten: &nbsp; Die CNS GmbH aus Gelsenkirchen ist mein Partner f\u00fcr PC-Systeme und langj\u00e4hriger Lieferant f\u00fcr [&hellip;]\" \/>\n<meta property=\"og:url\" content=\"https:\/\/pdf-imposition.shop\/?page_id=641\" \/>\n<meta property=\"og:site_name\" content=\"PDF-Imposition Shop\" \/>\n<meta property=\"article:modified_time\" content=\"2018-04-08T13:36:29+00:00\" \/>\n<meta property=\"og:image\" content=\"http:\/\/pdf-imposition.shop\/wp-content\/uploads\/2018\/04\/ThinkingMan5798-e1523179627346-300x200.jpg\" \/>\n<meta name=\"twitter:card\" content=\"summary_large_image\" \/>\n<script type=\"application\/ld+json\" class=\"yoast-schema-graph\">{\"@context\":\"https:\\\/\\\/schema.org\",\"@graph\":[{\"@type\":\"WebPage\",\"@id\":\"https:\\\/\\\/pdf-imposition.shop\\\/?page_id=641\",\"url\":\"https:\\\/\\\/pdf-imposition.shop\\\/?page_id=641\",\"name\":\"...dazu neue Hardware ? - PDF-Imposition Shop\",\"isPartOf\":{\"@id\":\"https:\\\/\\\/pdf-imposition.shop\\\/#website\"},\"primaryImageOfPage\":{\"@id\":\"https:\\\/\\\/pdf-imposition.shop\\\/?page_id=641#primaryimage\"},\"image\":{\"@id\":\"https:\\\/\\\/pdf-imposition.shop\\\/?page_id=641#primaryimage\"},\"thumbnailUrl\":\"http:\\\/\\\/pdf-imposition.shop\\\/wp-content\\\/uploads\\\/2018\\\/04\\\/ThinkingMan5798-e1523179627346-300x200.jpg\",\"datePublished\":\"2018-04-06T15:02:50+00:00\",\"dateModified\":\"2018-04-08T13:36:29+00:00\",\"breadcrumb\":{\"@id\":\"https:\\\/\\\/pdf-imposition.shop\\\/?page_id=641#breadcrumb\"},\"inLanguage\":\"de\",\"potentialAction\":[{\"@type\":\"ReadAction\",\"target\":[\"https:\\\/\\\/pdf-imposition.shop\\\/?page_id=641\"]}]},{\"@type\":\"ImageObject\",\"inLanguage\":\"de\",\"@id\":\"https:\\\/\\\/pdf-imposition.shop\\\/?page_id=641#primaryimage\",\"url\":\"http:\\\/\\\/pdf-imposition.shop\\\/wp-content\\\/uploads\\\/2018\\\/04\\\/ThinkingMan5798-e1523179627346-300x200.jpg\",\"contentUrl\":\"http:\\\/\\\/pdf-imposition.shop\\\/wp-content\\\/uploads\\\/2018\\\/04\\\/ThinkingMan5798-e1523179627346-300x200.jpg\"},{\"@type\":\"BreadcrumbList\",\"@id\":\"https:\\\/\\\/pdf-imposition.shop\\\/?page_id=641#breadcrumb\",\"itemListElement\":[{\"@type\":\"ListItem\",\"position\":1,\"name\":\"Startseite\",\"item\":\"https:\\\/\\\/pdf-imposition.shop\\\/\"},{\"@type\":\"ListItem\",\"position\":2,\"name\":\"&#8230;dazu neue Hardware ?\"}]},{\"@type\":\"WebSite\",\"@id\":\"https:\\\/\\\/pdf-imposition.shop\\\/#website\",\"url\":\"https:\\\/\\\/pdf-imposition.shop\\\/\",\"name\":\"PDF-Imposition Shop\",\"description\":\"Prepress Software Shop &amp; Service\",\"publisher\":{\"@id\":\"https:\\\/\\\/pdf-imposition.shop\\\/#organization\"},\"potentialAction\":[{\"@type\":\"SearchAction\",\"target\":{\"@type\":\"EntryPoint\",\"urlTemplate\":\"https:\\\/\\\/pdf-imposition.shop\\\/?s={search_term_string}\"},\"query-input\":{\"@type\":\"PropertyValueSpecification\",\"valueRequired\":true,\"valueName\":\"search_term_string\"}}],\"inLanguage\":\"de\"},{\"@type\":\"Organization\",\"@id\":\"https:\\\/\\\/pdf-imposition.shop\\\/#organization\",\"name\":\"PDF-Imposition Shop\",\"url\":\"https:\\\/\\\/pdf-imposition.shop\\\/\",\"logo\":{\"@type\":\"ImageObject\",\"inLanguage\":\"de\",\"@id\":\"https:\\\/\\\/pdf-imposition.shop\\\/#\\\/schema\\\/logo\\\/image\\\/\",\"url\":\"https:\\\/\\\/pdf-imposition.shop\\\/wp-content\\\/uploads\\\/2018\\\/03\\\/cropped-Shop-Header.jpg\",\"contentUrl\":\"https:\\\/\\\/pdf-imposition.shop\\\/wp-content\\\/uploads\\\/2018\\\/03\\\/cropped-Shop-Header.jpg\",\"width\":470,\"height\":110,\"caption\":\"PDF-Imposition Shop\"},\"image\":{\"@id\":\"https:\\\/\\\/pdf-imposition.shop\\\/#\\\/schema\\\/logo\\\/image\\\/\"}}]}<\/script>\n<!-- \/ Yoast SEO plugin. -->","yoast_head_json":{"title":"...dazu neue Hardware ? - PDF-Imposition Shop","robots":{"index":"index","follow":"follow","max-snippet":"max-snippet:-1","max-image-preview":"max-image-preview:large","max-video-preview":"max-video-preview:-1"},"canonical":"https:\/\/pdf-imposition.shop\/?page_id=641","og_locale":"de_DE","og_type":"article","og_title":"...dazu neue Hardware ? - PDF-Imposition Shop","og_description":"Zur neuen Prepress-Software ein neues System Die neue Softwarel\u00f6sung erfordert meist ein aktuelles PC-System und\/oder einen neuen Inkjetdrucker, um ihre volle Leistung zu entfalten. Zusammen mit meinen Kooperationspartnern, kann ich Ihnen eine passende PC- und Druckerhardware f\u00fcr Ihre Prepress-L\u00f6sung anbieten: &nbsp; Die CNS GmbH aus Gelsenkirchen ist mein Partner f\u00fcr PC-Systeme und langj\u00e4hriger Lieferant f\u00fcr [&hellip;]","og_url":"https:\/\/pdf-imposition.shop\/?page_id=641","og_site_name":"PDF-Imposition Shop","article_modified_time":"2018-04-08T13:36:29+00:00","og_image":[{"url":"http:\/\/pdf-imposition.shop\/wp-content\/uploads\/2018\/04\/ThinkingMan5798-e1523179627346-300x200.jpg","type":"","width":"","height":""}],"twitter_card":"summary_large_image","schema":{"@context":"https:\/\/schema.org","@graph":[{"@type":"WebPage","@id":"https:\/\/pdf-imposition.shop\/?page_id=641","url":"https:\/\/pdf-imposition.shop\/?page_id=641","name":"...dazu neue Hardware ? - PDF-Imposition Shop","isPartOf":{"@id":"https:\/\/pdf-imposition.shop\/#website"},"primaryImageOfPage":{"@id":"https:\/\/pdf-imposition.shop\/?page_id=641#primaryimage"},"image":{"@id":"https:\/\/pdf-imposition.shop\/?page_id=641#primaryimage"},"thumbnailUrl":"http:\/\/pdf-imposition.shop\/wp-content\/uploads\/2018\/04\/ThinkingMan5798-e1523179627346-300x200.jpg","datePublished":"2018-04-06T15:02:50+00:00","dateModified":"2018-04-08T13:36:29+00:00","breadcrumb":{"@id":"https:\/\/pdf-imposition.shop\/?page_id=641#breadcrumb"},"inLanguage":"de","potentialAction":[{"@type":"ReadAction","target":["https:\/\/pdf-imposition.shop\/?page_id=641"]}]},{"@type":"ImageObject","inLanguage":"de","@id":"https:\/\/pdf-imposition.shop\/?page_id=641#primaryimage","url":"http:\/\/pdf-imposition.shop\/wp-content\/uploads\/2018\/04\/ThinkingMan5798-e1523179627346-300x200.jpg","contentUrl":"http:\/\/pdf-imposition.shop\/wp-content\/uploads\/2018\/04\/ThinkingMan5798-e1523179627346-300x200.jpg"},{"@type":"BreadcrumbList","@id":"https:\/\/pdf-imposition.shop\/?page_id=641#breadcrumb","itemListElement":[{"@type":"ListItem","position":1,"name":"Startseite","item":"https:\/\/pdf-imposition.shop\/"},{"@type":"ListItem","position":2,"name":"&#8230;dazu neue Hardware ?"}]},{"@type":"WebSite","@id":"https:\/\/pdf-imposition.shop\/#website","url":"https:\/\/pdf-imposition.shop\/","name":"PDF-Imposition Shop","description":"Prepress Software Shop &amp; Service","publisher":{"@id":"https:\/\/pdf-imposition.shop\/#organization"},"potentialAction":[{"@type":"SearchAction","target":{"@type":"EntryPoint","urlTemplate":"https:\/\/pdf-imposition.shop\/?s={search_term_string}"},"query-input":{"@type":"PropertyValueSpecification","valueRequired":true,"valueName":"search_term_string"}}],"inLanguage":"de"},{"@type":"Organization","@id":"https:\/\/pdf-imposition.shop\/#organization","name":"PDF-Imposition Shop","url":"https:\/\/pdf-imposition.shop\/","logo":{"@type":"ImageObject","inLanguage":"de","@id":"https:\/\/pdf-imposition.shop\/#\/schema\/logo\/image\/","url":"https:\/\/pdf-imposition.shop\/wp-content\/uploads\/2018\/03\/cropped-Shop-Header.jpg","contentUrl":"https:\/\/pdf-imposition.shop\/wp-content\/uploads\/2018\/03\/cropped-Shop-Header.jpg","width":470,"height":110,"caption":"PDF-Imposition Shop"},"image":{"@id":"https:\/\/pdf-imposition.shop\/#\/schema\/logo\/image\/"}}]}},"jetpack_sharing_enabled":true,"jetpack_shortlink":"https:\/\/wp.me\/P9wGET-al","_links":{"self":[{"href":"https:\/\/pdf-imposition.shop\/index.php?rest_route=\/wp\/v2\/pages\/641","targetHints":{"allow":["GET"]}}],"collection":[{"href":"https:\/\/pdf-imposition.shop\/index.php?rest_route=\/wp\/v2\/pages"}],"about":[{"href":"https:\/\/pdf-imposition.shop\/index.php?rest_route=\/wp\/v2\/types\/page"}],"author":[{"embeddable":true,"href":"https:\/\/pdf-imposition.shop\/index.php?rest_route=\/wp\/v2\/users\/1"}],"replies":[{"embeddable":true,"href":"https:\/\/pdf-imposition.shop\/index.php?rest_route=%2Fwp%2Fv2%2Fcomments&post=641"}],"version-history":[{"count":14,"href":"https:\/\/pdf-imposition.shop\/index.php?rest_route=\/wp\/v2\/pages\/641\/revisions"}],"predecessor-version":[{"id":712,"href":"https:\/\/pdf-imposition.shop\/index.php?rest_route=\/wp\/v2\/pages\/641\/revisions\/712"}],"wp:attachment":[{"href":"https:\/\/pdf-imposition.shop\/index.php?rest_route=%2Fwp%2Fv2%2Fmedia&parent=641"}],"curies":[{"name":"wp","href":"https:\/\/api.w.org\/{rel}","templated":true}]}}