{"id":64,"date":"2018-01-05T13:17:49","date_gmt":"2018-01-05T13:17:49","guid":{"rendered":"http:\/\/pdf-imposition.shop\/?page_id=64"},"modified":"2025-12-10T08:17:30","modified_gmt":"2025-12-10T07:17:30","slug":"agb","status":"publish","type":"page","link":"https:\/\/pdf-imposition.shop\/?page_id=64","title":{"rendered":"AGB"},"content":{"rendered":"<h2><span style=\"color: #0da4d3;\">Allgemeine Gesch\u00e4ftsbedingungen (ONLINE-SHOP)<\/span><\/h2>\n<p><strong>\u00a7 1 Geltungsbereich und Anbieter<br \/>\n<\/strong><br \/>\n(1) Diese Allgemeinen Gesch\u00e4ftsbedingungen gelten f\u00fcr alle Bestellungen, die Sie bei dem Online-Shop von<\/p>\n<p><strong>Martin M\u00fcller<\/strong><br \/>\n<strong>Industriemeister Druck<\/strong><br \/>\n<strong>Alte Hatzper Stra\u00dfe 40<\/strong><br \/>\n<strong>D-45149 Essen<\/strong><br \/>\nGesch\u00e4ftsf\u00fchrer: Martin M\u00fcller<\/p>\n<p>t\u00e4tigen.<\/p>\n<p>(2) Das Warenangebot in unserem Online-Shop richtet sich ausschlie\u00dflich an K\u00e4ufer, die das 18. Lebensjahr vollendet haben.<\/p>\n<p>(3) Unsere Lieferungen, Leistungen und Angebote erfolgen ausschlie\u00dflich auf der Grundlage dieser Allgemeinen Gesch\u00e4ftsbedingungen. Die Allgemeinen Gesch\u00e4ftsbedingungen gelten gegen\u00fcber Unternehmen somit auch fu\u0308r alle k\u00fcnftigen Gesch\u00e4ftsbeziehungen, auch wenn sie nicht nochmals ausdr\u00fccklich vereinbart werden. Der Einbeziehung von Allgemeinen Gesch\u00e4ftsbedingungen eines Kunden, die unseren Allgemeinen Gesch\u00e4ftsbedingungen widersprechen, wird schon jetzt widersprochen.<\/p>\n<p>(4) Vertragssprache ist ausschlie\u00dflich deutsch.<\/p>\n<p><strong>\u00a7 2 Vertragsschluss<br \/>\n<\/strong><br \/>\n(1) Die Warenpr\u00e4sentation im Online-Shop stellt keinen verbindlichen Antrag auf den Abschluss eines Kaufvertrages dar. Vielmehr handelt es sich um eine unverbindliche Aufforderung, im Online-Shop Waren zu bestellen.<\/p>\n<p>(2) Mit Anklicken des Buttons [\u201eJetzt zahlungspflichtig bestellen\u201c \/ \u201ekaufen\u201c] geben Sie ein verbindliches Kaufangebot ab (\u00a7 145 BGB).<\/p>\n<p>(3) Nach Eingang des Kaufangebots erhalten Sie eine automatisch erzeugte E-Mail, mit der wir best\u00e4tigen, dass wir Ihre Bestellung erhalten haben (Eingangsbest\u00e4tigung). Diese Eingangsbest\u00e4tigung stellt noch keine Annahme Ihres Kaufangebots dar. Ein Vertrag kommt durch die Eingangsbest\u00e4tigung noch nicht zustande.<\/p>\n<p>(4) Ein Kaufvertrag u\u0308ber die Ware kommt erst zustande, wenn wir ausdru\u0308cklich die Annahme des Kaufangebots erkl\u00e4ren (Auftragsbest\u00e4tigung) oder wenn wir die Ware \u2013 ohne vorherige ausdr\u00fcckliche Annahmeerkl\u00e4rung \u2013 an Sie versenden.<\/p>\n<p><strong>\u00a7 3 Preise<br \/>\n<\/strong><br \/>\nDie auf den Produktseiten genannten Preise enthalten die gesetzliche Mehrwertsteuer und sonstige Preisbestandteile und verstehen sich zzgl. der jeweiligen Versandkosten. Weitere Informationen zu den Versandkosten erhalten Sie auf unserer Internetseite unter [\u201eVersandinformationen\u201c \/ \u201eLieferbedingungen\u201c].<\/p>\n<p><strong> \u00a7 4 Zahlungsbedingungen; Verzug<br \/>\n<\/strong><br \/>\n(1) Die Zahlung erfolgt wahlweise per:<\/p>\n<p><strong>Rechnung per Vorkasse, Kreditkarten \u00fcber STRIPE, ApplePay, GooglePay, Bancontact, EPS, iDEAL<\/strong><br \/>\n<strong><br \/>\n<\/strong><\/p>\n<p>(2) Die Auswahl der jeweils verf\u00fcgbaren Bezahlmethoden obliegt uns. Wir behalten uns insbesondere vor, Ihnen fu\u0308r die Bezahlung nur ausgew\u00e4hlte Bezahlmethoden anzubieten, beispielweise zur Absicherung unseres Kreditrisikos nur Vorkasse.<\/p>\n<p>(3) Bei Auswahl der Zahlungsart Vorkasse nennen wir Ihnen unsere Bankverbindung in der Auftragsbest\u00e4tigung. Der Rechnungsbetrag ist innerhalb von <strong>10 Tagen<\/strong> nach Erhalt der Auftragsbest\u00e4tigung auf unser Konto zu \u00fcberweisen.<\/p>\n<p>(4) Bei Zahlung per Kreditkarte der Kaufpreis zum Zeitpunkt der Bestellung auf Ihrer Kreditkarte reserviert (Autorisierung). Die tats\u00e4chliche Belastung Ihres Kreditkartenkontos erfolgt in dem Zeitpunkt, in dem wir die Ware an Sie versenden.<\/p>\n<p>(5) Bei der Bezahlung mit PayPal werden Sie im Bestellprozess auf die Webseite des Online-Anbieters PayPal weitergeleitet. Um den Rechnungsbetrag u\u0308ber PayPal bezahlen zu k\u00f6nnen, mu\u0308ssen Sie dort registriert sein bzw. sich erst registrieren, mit Ihren Zugangsdaten legitimieren und die Zahlungsanweisung an uns best\u00e4tigen. Nach Abgabe der Bestellung im Shop fordern wir PayPal zur Einleitung der Zahlungstransaktion auf. Weitere Hinweise erhalten Sie beim Bestellvorgang. Die Zahlungstransaktion wird durch PayPal unmittelbar danach automatisch durchgefu\u0308hrt.<\/p>\n<p>(6) Geraten Sie mit einer Zahlung in Verzug, so sind Sie zur Zahlung der gesetzlichen Verzugszinsen in H\u00f6he von 5 Prozentpunkten u\u0308ber dem Basiszinssatz verpflichtet. Fu\u0308r jedes Mahnschreiben, das nach Eintritt des Verzugs an Sie versandt wird, wird Ihnen eine Mahngebu\u0308hr in H\u00f6he von 2,50 EUR berechnet, sofern nicht im Einzelfall ein niedrigerer bzw. h\u00f6herer Schaden nachgewiesen wird.<\/p>\n<p><strong>\u00a7 5 Aufrechnung\/Zur\u00fcckbehaltungsrecht<\/strong><\/p>\n<p>(1) Ein Recht zur Aufrechnung steht Ihnen nur dann zu, wenn Ihre Gegenforderung rechtskr\u00e4ftig festgestellt worden ist, von uns nicht bestritten oder anerkannt wird oder in einem engen synallagmatischen Verh\u00e4ltnis zu unserer Forderung steht.<\/p>\n<p>(2) Sie k\u00f6nnen ein Zur\u00fcckbehaltungsrecht nur aus\u00fcben, soweit Ihre Gegenforderung auf demselben Vertragsverh\u00e4ltnis beruht.<\/p>\n<p><strong>\u00a7 6 Lieferung; Eigentumsvorbehalt<br \/>\n<\/strong><br \/>\n(1) Sofern nicht anders vereinbart, erfolgt die Lieferung der Ware von unserem Lager an die von Ihnen angegebene Adresse.<\/p>\n<p>(2) Die Ware bleibt bis zur vollst\u00e4ndigen Zahlung des Kaufpreises unser Eigentum.<\/p>\n<p>(3) Wir sind ausnahmsweise nicht zur Lieferung der bestellten Ware verpflichtet, wenn wir die Ware unsererseits ordnungsgem\u00e4\u00df bestellt haben, jedoch nicht richtig oder rechtzeitig beliefert wurden (kongruentes Deckungsgesch\u00e4ft). Voraussetzung ist, dass wir die fehlende Warenverf\u00fcgbarkeit nicht zu vertreten haben und Sie u\u0308ber diesen Umstand unverzu\u0308glich informiert haben. Zudem du\u0308rfen wir nicht das Risiko der Beschaffung der bestellten Ware u\u0308bernommen haben. Bei entsprechender Nichtverf\u00fcgbarkeit der Ware werden wir Ihnen bereits geleistete Zahlungen unverz\u00fcglich erstatten. Das Risiko, eine bestellte Ware besorgen zu m\u00fcssen (Beschaffungsrisiko), \u00fcbernehmen wir nicht. Dies gilt auch bei der Bestellung von Waren, die nur ihrer Art und ihren Merkmalen nach beschrieben ist (Gattungswaren). Wir sind nur zur Lieferung aus unserem Warenvorrat und der von uns bei unseren Lieferanten bestellten Waren verpflichtet.<\/p>\n<p>(4) <strong>Wenn Sie Unternehmer im Sinne des \u00a7 14 BGB sind, gilt erg\u00e4nzend Folgendes:<\/strong><br \/>\n&#8211; Wir behalten uns das Eigentum an der Ware bis zum vollst\u00e4ndigen Ausgleich aller Forderungen aus der laufenden Gesch\u00e4ftsbeziehung vor. Vor \u00dcbergang des Eigentums an der Vorbehaltsware ist eine Verpf\u00e4ndung oder Sicherheits\u00fcbereignung nicht zul\u00e4ssig.<\/p>\n<p>&#8211; Sie du\u0308rfen die Ware im ordentlichen Gesch\u00e4ftsgang weiterverkaufen. Fu\u0308r diesen Fall treten Sie bereits jetzt alle Forderungen in H\u00f6he des Rechnungsbetrages, die Ihnen aus dem Weiterverkauf erwachsen, an uns ab. Wir nehmen die Abtretung an, Sie sind jedoch zur Einziehung der Forderungen erm\u00e4chtigt. Soweit Sie Ihren Zahlungsverpflichtungen nicht ordnungsgem\u00e4\u00df nachkommen, behalten wir uns das Recht vor, Forderungen selbst einzuziehen.<\/p>\n<p>&#8211; Bei Verbindung und Vermischung der Vorbehaltsware erwerben wir Miteigentum an der neuen Sache im Verh\u00e4ltnis des Rechnungswertes der Vorbehaltsware zu den anderen verarbeiteten Gegenst\u00e4nden zum Zeitpunkt der Verarbeitung.<\/p>\n<p>&#8211; Wir verpflichteten uns, die uns zustehenden Sicherheiten auf Verlangen insoweit freizugeben, als der realisierbare Wert unserer Sicherheiten die zu sichernden Forderungen um mehr als 10 % u\u0308bersteigt. Die Auswahl der freizugebenden Sicherheiten obliegt uns<\/p>\n<p><strong>\u00a7 7 Transportsch\u00e4den<br \/>\n<\/strong><br \/>\n(1) Werden Waren mit offensichtlichen Transportsch\u00e4den angeliefert, so reklamieren Sie solche Fehler bitte sofort bei dem Zusteller und nehmen Sie bitte schnellstm\u00f6glich Kontakt zu uns auf.<\/p>\n<p>(2) Die Vers\u00e4umung einer Reklamation oder Kontaktaufnahme hat f\u00fcr Ihre gesetzlichen Gew\u00e4hrleistungsrechte keine Konsequenzen. Sie helfen uns aber, unsere eigenen Anspr\u00fcche gegen\u00fcber dem Frachtf\u00fchrer bzw. der Transportversicherung geltend machen zu k\u00f6nnen.<\/p>\n<p><strong>\u00a7 9 Gew\u00e4hrleistung<br \/>\n<\/strong><br \/>\n(1) Soweit nicht ausdr\u00fccklich etwas anderes vereinbart ist, richten sich Ihre Gew\u00e4hrleistungsanspr\u00fcche nach den gesetzlichen Bestimmungen des Kaufrechts (\u00a7\u00a7 433 ff. BGB).<\/p>\n<p>(2) Wenn Sie Verbraucher im Sinne des \u00a7 13 BGB sind, betr\u00e4gt die Verj\u00e4hrungsfrist f\u00fcr Gew\u00e4hrleistungsanspr\u00fcche bei gebrauchten Sachen &#8211; abweichend von den gesetzlichen Bestimmungen &#8211; ein Jahr. Diese Beschr\u00e4nkung gilt nicht f\u00fcr Anspr\u00fcche aufgrund von Sch\u00e4den aus der Verletzung des Lebens, des K\u00f6rpers oder der Gesundheit oder aus der Verletzung einer wesentlichen Vertragspflicht, deren Erf\u00fcllung die ordnungsgem\u00e4\u00dfe Durchf\u00fchrung des Vertrags \u00fcberhaupt erst erm\u00f6glicht und auf deren Einhaltung der Vertragspartner regelm\u00e4\u00dfig vertrauen darf (Kardinalpflicht) sowie f\u00fcr Anspr\u00fcche aufgrund von sonstigen Sch\u00e4den, die auf einer vors\u00e4tzlichen oder grob fahrl\u00e4ssigen Pflichtverletzung des Verwenders oder seiner Erf\u00fcllungsgehilfen beruhen.<\/p>\n<p>(3) Im \u00dcbrigen gelten f\u00fcr die Gew\u00e4hrleistung die gesetzlichen Bestimmungen.<\/p>\n<p>(4) <strong>Wenn Sie Unternehmer im Sinne des \u00a7 14 BGB sind<\/strong>, gelten die gesetzlichen Bestimmungen mit folgenden Modifikationen:<br \/>\n&#8211; F\u00fcr die Beschaffenheit der Ware sind nur unsere eigenen Angaben und die Produktbeschreibung des Herstellers verbindlich, nicht jedoch \u00f6ffentliche Anpreisungen und \u00c4u\u00dferungen und sonstige Werbung des Herstellers.<\/p>\n<p>&#8211; Sie sind verpflichtet, die Ware unverz\u00fcglich und mit der gebotenen Sorgfalt auf Qualit\u00e4ts- und Mengenabweichungen zu untersuchen und uns offensichtliche M\u00e4ngel binnen 7 Tagen ab Empfang der Ware anzuzeigen. Zur Fristwahrung reicht die rechtzeitige Absendung. Dies gilt auch f\u00fcr sp\u00e4ter festgestellte verdeckte M\u00e4ngel ab Entdeckung. Bei Verletzung der Untersuchungs- und R\u00fcgepflicht ist die Geltendmachung der Gew\u00e4hrleistungsanspr\u00fcche ausgeschlossen.<\/p>\n<p>&#8211; Bei M\u00e4ngeln leisten wir nach unserer Wahl Gew\u00e4hr durch Nachbesserung oder Ersatzlieferung (Nacherf\u00fcllung). Im Falle der Nachbesserung m\u00fcssen wir nicht die erh\u00f6hten Kosten tragen, die durch die Verbringung der Ware an einen anderen Ort als den Erf\u00fcllungsort entstehen, sofern die Verbringung nicht dem bestimmungsgem\u00e4\u00dfen Gebrauch der Ware entspricht.<\/p>\n<p>&#8211; Schl\u00e4gt die Nacherf\u00fcllung zweimal fehl, k\u00f6nnen Sie nach Ihrer Wahl Minderung verlangen oder vom Vertrag zur\u00fccktreten.<\/p>\n<p>&#8211; Die Gew\u00e4hrleistungsfrist betr\u00e4gt ein Jahr ab Ablieferung der Ware.<\/p>\n<p><strong>\u00a7 10 Haftung<br \/>\n<\/strong><br \/>\n(1) Unbeschr\u00e4nkte Haftung: Wir haften unbeschr\u00e4nkt f\u00fcr Vorsatz und grobe Fahrl\u00e4ssigkeit sowie nach Ma\u00dfgabe des Produkthaftungsgesetzes. F\u00fcr leichte Fahrl\u00e4ssigkeit haften wir bei Sch\u00e4den aus der Verletzung des Lebens, des K\u00f6rpers und der Gesundheit von Personen.<\/p>\n<p>(2) Im \u00dcbrigen gilt folgende beschr\u00e4nkte Haftung: Bei leichter Fahrl\u00e4ssigkeit haften wir nur im Falle der Verletzung einer wesentlichen Vertragspflicht, deren Erf\u00fcllung die ordnungsgem\u00e4\u00dfe Durchf\u00fchrung des Vertrags \u00fcberhaupt erst erm\u00f6glicht und auf deren Einhaltung Sie regelm\u00e4\u00dfig vertrauen d\u00fcrfen (Kardinalpflicht). Die Haftung f\u00fcr leichte Fahrl\u00e4ssigkeit ist der H\u00f6he nach beschr\u00e4nkt auf die bei Vertragsschluss vorhersehbaren Sch\u00e4den, mit deren Entstehung typischerweise gerechnet werden muss. Diese Haftungs-beschr\u00e4nkung gilt auch zugunsten unserer Erf\u00fcllungsgehilfen.<\/p>\n<p><strong>\u00a7 11 Schlussbestimmungen<\/strong><br \/>\n(1) Sollten eine oder mehrere Bestimmungen dieser AGB unwirksam sein oder werden, wird dadurch die Wirksamkeit der anderen Bestimmungen im \u00dcbrigen nicht ber\u00fchrt.<br \/>\n(2) Auf Vertr\u00e4ge zwischen uns und Ihnen ist ausschlie\u00dflich deutsches Recht anwendbar unter Ausschluss der Bestimmungen der United Nations Convention on Contracts for the International Sale of Goods (CISG, \u201eUN-Kaufrecht\u201c). Zwingende Bestimmungen des Landes, in dem Sie sich gew\u00f6hnlich aufhalten, bleiben von der Rechtswahl unber\u00fchrt.<br \/>\n(3) Sind Sie Kaufmann, juristische Person des \u00f6ffentlichen Rechts oder \u00f6ffentlich-rechtliches Sonderverm\u00f6gen, so ist unser Gesch\u00e4ftssitz Gerichtsstand f\u00fcr alle Streitigkeiten aus oder im Zusammenhang mit Vertr\u00e4gen zwischen uns und Ihnen.<\/p>\n<p><span style=\"color: #0da4d3;\"><em>Copyright: H\u00c4RTING Rechtsanw\u00e4lte, www.haerting.de, vertragstexte@haerting.de<\/em><\/span><br \/>\n<span style=\"color: #0da4d3;\"> <em> Chausseestra\u00dfe 13,10115 Berlin, Tel. (030) 28 30 57 40, Fax (030) 28 30 57 4<\/em><\/span><\/p>\n<div class=\"woocommerce woocommerce-gzd woocommerce-gzd-complaints-shortcode\">\n\t\t\t<h3>Alternative Streitbeilegung gem\u00e4\u00df Art. 14 Abs. 1 ODR-VO und \u00a7 36 VSBG:<\/h3>\n\t\nZur Teilnahme an einem Streitbeilegungsverfahren vor einer Verbraucherschlichtungsstelle sind wir nicht verpflichtet und nicht bereit.<\/div>\n<p>Stand: M\u00e4rz, 2018<\/p>\n<p><strong>Martin M\u00fcller<br \/>\nIndustriemeister Druck<br \/>\nPrepress-Service &amp; Technischer Support<br \/>\nAlte Hatzper Stra\u00dfe 40<br \/>\n45149 Essen<br \/>\nGERMANY<\/strong><strong><br \/>\n<\/strong><\/p>\n<div class=\"entry-content\">\n<\/div>\n","protected":false},"excerpt":{"rendered":"<p>Allgemeine Gesch\u00e4ftsbedingungen (ONLINE-SHOP) \u00a7 1 Geltungsbereich und Anbieter (1) Diese Allgemeinen Gesch\u00e4ftsbedingungen gelten f\u00fcr alle Bestellungen, die Sie bei dem Online-Shop von Martin M\u00fcller Industriemeister Druck Alte Hatzper Stra\u00dfe 40 D-45149 Essen Gesch\u00e4ftsf\u00fchrer: Martin M\u00fcller t\u00e4tigen. (2) Das Warenangebot in unserem Online-Shop richtet sich ausschlie\u00dflich an K\u00e4ufer, die das 18. Lebensjahr vollendet haben. (3) Unsere [&hellip;]<\/p>\n","protected":false},"author":1,"featured_media":0,"parent":0,"menu_order":0,"comment_status":"closed","ping_status":"closed","template":"","meta":{"pmpro_default_level":"","jetpack_post_was_ever_published":false,"footnotes":""},"class_list":["post-64","page","type-page","status-publish","hentry","pmpro-has-access"],"yoast_head":"<!-- This site is optimized with the Yoast SEO plugin v27.3 - https:\/\/yoast.com\/product\/yoast-seo-wordpress\/ -->\n<title>AGB - PDF-Imposition Shop<\/title>\n<meta name=\"robots\" content=\"index, follow, max-snippet:-1, max-image-preview:large, max-video-preview:-1\" \/>\n<link rel=\"canonical\" href=\"https:\/\/pdf-imposition.shop\/?page_id=64\" \/>\n<meta property=\"og:locale\" content=\"de_DE\" \/>\n<meta property=\"og:type\" content=\"article\" \/>\n<meta property=\"og:title\" content=\"AGB - PDF-Imposition Shop\" \/>\n<meta property=\"og:description\" content=\"Allgemeine Gesch\u00e4ftsbedingungen (ONLINE-SHOP) \u00a7 1 Geltungsbereich und Anbieter (1) Diese Allgemeinen Gesch\u00e4ftsbedingungen gelten f\u00fcr alle Bestellungen, die Sie bei dem Online-Shop von Martin M\u00fcller Industriemeister Druck Alte Hatzper Stra\u00dfe 40 D-45149 Essen Gesch\u00e4ftsf\u00fchrer: Martin M\u00fcller t\u00e4tigen. (2) Das Warenangebot in unserem Online-Shop richtet sich ausschlie\u00dflich an K\u00e4ufer, die das 18. Lebensjahr vollendet haben. (3) Unsere [&hellip;]\" \/>\n<meta property=\"og:url\" content=\"https:\/\/pdf-imposition.shop\/?page_id=64\" \/>\n<meta property=\"og:site_name\" content=\"PDF-Imposition Shop\" \/>\n<meta property=\"article:modified_time\" content=\"2025-12-10T07:17:30+00:00\" \/>\n<meta name=\"twitter:card\" content=\"summary_large_image\" \/>\n<meta name=\"twitter:label1\" content=\"Gesch\u00e4tzte Lesezeit\" \/>\n\t<meta name=\"twitter:data1\" content=\"9\u00a0Minuten\" \/>\n<script type=\"application\/ld+json\" class=\"yoast-schema-graph\">{\"@context\":\"https:\\\/\\\/schema.org\",\"@graph\":[{\"@type\":\"WebPage\",\"@id\":\"https:\\\/\\\/pdf-imposition.shop\\\/?page_id=64\",\"url\":\"https:\\\/\\\/pdf-imposition.shop\\\/?page_id=64\",\"name\":\"AGB - PDF-Imposition Shop\",\"isPartOf\":{\"@id\":\"https:\\\/\\\/pdf-imposition.shop\\\/#website\"},\"datePublished\":\"2018-01-05T13:17:49+00:00\",\"dateModified\":\"2025-12-10T07:17:30+00:00\",\"breadcrumb\":{\"@id\":\"https:\\\/\\\/pdf-imposition.shop\\\/?page_id=64#breadcrumb\"},\"inLanguage\":\"de\",\"potentialAction\":[{\"@type\":\"ReadAction\",\"target\":[\"https:\\\/\\\/pdf-imposition.shop\\\/?page_id=64\"]}]},{\"@type\":\"BreadcrumbList\",\"@id\":\"https:\\\/\\\/pdf-imposition.shop\\\/?page_id=64#breadcrumb\",\"itemListElement\":[{\"@type\":\"ListItem\",\"position\":1,\"name\":\"Startseite\",\"item\":\"https:\\\/\\\/pdf-imposition.shop\\\/\"},{\"@type\":\"ListItem\",\"position\":2,\"name\":\"AGB\"}]},{\"@type\":\"WebSite\",\"@id\":\"https:\\\/\\\/pdf-imposition.shop\\\/#website\",\"url\":\"https:\\\/\\\/pdf-imposition.shop\\\/\",\"name\":\"PDF-Imposition Shop\",\"description\":\"Prepress Software Shop &amp; Service\",\"publisher\":{\"@id\":\"https:\\\/\\\/pdf-imposition.shop\\\/#organization\"},\"potentialAction\":[{\"@type\":\"SearchAction\",\"target\":{\"@type\":\"EntryPoint\",\"urlTemplate\":\"https:\\\/\\\/pdf-imposition.shop\\\/?s={search_term_string}\"},\"query-input\":{\"@type\":\"PropertyValueSpecification\",\"valueRequired\":true,\"valueName\":\"search_term_string\"}}],\"inLanguage\":\"de\"},{\"@type\":\"Organization\",\"@id\":\"https:\\\/\\\/pdf-imposition.shop\\\/#organization\",\"name\":\"PDF-Imposition Shop\",\"url\":\"https:\\\/\\\/pdf-imposition.shop\\\/\",\"logo\":{\"@type\":\"ImageObject\",\"inLanguage\":\"de\",\"@id\":\"https:\\\/\\\/pdf-imposition.shop\\\/#\\\/schema\\\/logo\\\/image\\\/\",\"url\":\"https:\\\/\\\/pdf-imposition.shop\\\/wp-content\\\/uploads\\\/2018\\\/03\\\/cropped-Shop-Header.jpg\",\"contentUrl\":\"https:\\\/\\\/pdf-imposition.shop\\\/wp-content\\\/uploads\\\/2018\\\/03\\\/cropped-Shop-Header.jpg\",\"width\":470,\"height\":110,\"caption\":\"PDF-Imposition Shop\"},\"image\":{\"@id\":\"https:\\\/\\\/pdf-imposition.shop\\\/#\\\/schema\\\/logo\\\/image\\\/\"}}]}<\/script>\n<!-- \/ Yoast SEO plugin. -->","yoast_head_json":{"title":"AGB - PDF-Imposition Shop","robots":{"index":"index","follow":"follow","max-snippet":"max-snippet:-1","max-image-preview":"max-image-preview:large","max-video-preview":"max-video-preview:-1"},"canonical":"https:\/\/pdf-imposition.shop\/?page_id=64","og_locale":"de_DE","og_type":"article","og_title":"AGB - PDF-Imposition Shop","og_description":"Allgemeine Gesch\u00e4ftsbedingungen (ONLINE-SHOP) \u00a7 1 Geltungsbereich und Anbieter (1) Diese Allgemeinen Gesch\u00e4ftsbedingungen gelten f\u00fcr alle Bestellungen, die Sie bei dem Online-Shop von Martin M\u00fcller Industriemeister Druck Alte Hatzper Stra\u00dfe 40 D-45149 Essen Gesch\u00e4ftsf\u00fchrer: Martin M\u00fcller t\u00e4tigen. (2) Das Warenangebot in unserem Online-Shop richtet sich ausschlie\u00dflich an K\u00e4ufer, die das 18. Lebensjahr vollendet haben. (3) Unsere [&hellip;]","og_url":"https:\/\/pdf-imposition.shop\/?page_id=64","og_site_name":"PDF-Imposition Shop","article_modified_time":"2025-12-10T07:17:30+00:00","twitter_card":"summary_large_image","twitter_misc":{"Gesch\u00e4tzte Lesezeit":"9\u00a0Minuten"},"schema":{"@context":"https:\/\/schema.org","@graph":[{"@type":"WebPage","@id":"https:\/\/pdf-imposition.shop\/?page_id=64","url":"https:\/\/pdf-imposition.shop\/?page_id=64","name":"AGB - PDF-Imposition Shop","isPartOf":{"@id":"https:\/\/pdf-imposition.shop\/#website"},"datePublished":"2018-01-05T13:17:49+00:00","dateModified":"2025-12-10T07:17:30+00:00","breadcrumb":{"@id":"https:\/\/pdf-imposition.shop\/?page_id=64#breadcrumb"},"inLanguage":"de","potentialAction":[{"@type":"ReadAction","target":["https:\/\/pdf-imposition.shop\/?page_id=64"]}]},{"@type":"BreadcrumbList","@id":"https:\/\/pdf-imposition.shop\/?page_id=64#breadcrumb","itemListElement":[{"@type":"ListItem","position":1,"name":"Startseite","item":"https:\/\/pdf-imposition.shop\/"},{"@type":"ListItem","position":2,"name":"AGB"}]},{"@type":"WebSite","@id":"https:\/\/pdf-imposition.shop\/#website","url":"https:\/\/pdf-imposition.shop\/","name":"PDF-Imposition Shop","description":"Prepress Software Shop &amp; Service","publisher":{"@id":"https:\/\/pdf-imposition.shop\/#organization"},"potentialAction":[{"@type":"SearchAction","target":{"@type":"EntryPoint","urlTemplate":"https:\/\/pdf-imposition.shop\/?s={search_term_string}"},"query-input":{"@type":"PropertyValueSpecification","valueRequired":true,"valueName":"search_term_string"}}],"inLanguage":"de"},{"@type":"Organization","@id":"https:\/\/pdf-imposition.shop\/#organization","name":"PDF-Imposition Shop","url":"https:\/\/pdf-imposition.shop\/","logo":{"@type":"ImageObject","inLanguage":"de","@id":"https:\/\/pdf-imposition.shop\/#\/schema\/logo\/image\/","url":"https:\/\/pdf-imposition.shop\/wp-content\/uploads\/2018\/03\/cropped-Shop-Header.jpg","contentUrl":"https:\/\/pdf-imposition.shop\/wp-content\/uploads\/2018\/03\/cropped-Shop-Header.jpg","width":470,"height":110,"caption":"PDF-Imposition Shop"},"image":{"@id":"https:\/\/pdf-imposition.shop\/#\/schema\/logo\/image\/"}}]}},"jetpack_sharing_enabled":true,"jetpack_shortlink":"https:\/\/wp.me\/P9wGET-12","_links":{"self":[{"href":"https:\/\/pdf-imposition.shop\/index.php?rest_route=\/wp\/v2\/pages\/64","targetHints":{"allow":["GET"]}}],"collection":[{"href":"https:\/\/pdf-imposition.shop\/index.php?rest_route=\/wp\/v2\/pages"}],"about":[{"href":"https:\/\/pdf-imposition.shop\/index.php?rest_route=\/wp\/v2\/types\/page"}],"author":[{"embeddable":true,"href":"https:\/\/pdf-imposition.shop\/index.php?rest_route=\/wp\/v2\/users\/1"}],"replies":[{"embeddable":true,"href":"https:\/\/pdf-imposition.shop\/index.php?rest_route=%2Fwp%2Fv2%2Fcomments&post=64"}],"version-history":[{"count":14,"href":"https:\/\/pdf-imposition.shop\/index.php?rest_route=\/wp\/v2\/pages\/64\/revisions"}],"predecessor-version":[{"id":1308,"href":"https:\/\/pdf-imposition.shop\/index.php?rest_route=\/wp\/v2\/pages\/64\/revisions\/1308"}],"wp:attachment":[{"href":"https:\/\/pdf-imposition.shop\/index.php?rest_route=%2Fwp%2Fv2%2Fmedia&parent=64"}],"curies":[{"name":"wp","href":"https:\/\/api.w.org\/{rel}","templated":true}]}}