{"id":63,"date":"2018-01-05T13:17:49","date_gmt":"2018-01-05T13:17:49","guid":{"rendered":"http:\/\/pdf-imposition.shop\/?page_id=63"},"modified":"2018-03-20T16:15:50","modified_gmt":"2018-03-20T15:15:50","slug":"impressum","status":"publish","type":"page","link":"https:\/\/pdf-imposition.shop\/?page_id=63","title":{"rendered":"Impressum"},"content":{"rendered":"<div class=\"entry-content\">\n<h4>Anbieter und verantwortlich f\u00fcr den Inhalt<\/h4>\n<p>Martin M\u00fcller<br \/>\nIndustriemeister Druck<br \/>\nAlte Hatzper Stra\u00dfe 40<br \/>\n45149 Essen<br \/>\nDeutschland<\/p>\n<p>Tel. +49(0)178-5548863<br \/>\nMail: <a title=\"Mail an Martin M\u00fcller\" href=\"mailto:martin.mueller@pdf-imposition.de\">martin.mueller(at)pdf-imposition.de<\/a><br \/>\nInternet: <a title=\"PDF-Imposition for Print\" href=\"http:\/\/www.pdf-imposition.de\">www.pdf-imposition.de<\/a><\/p>\n<p>Steuernummer: 112\/5289\/1602<br \/>\nEU-USt-ID-Nummer: DE 301093200<\/p>\n<h4>Externe Links<\/h4>\n<p>Alle Links auf externe Seiten wurden von uns bei Erstellung der Homepage eingehend gepr\u00fcft. M\u00f6gliche rechtliche Verst\u00f6\u00dfe waren zum Zeitpunkt der Verlinkung nicht erkennbar, jedoch haben wir keinen Einfluss auf die Inhalte verlinkter Seiten. Dies f\u00e4llt in den Verantwortungsbereich des jeweiligen Dienstanbieters. Sollten rechtswidrige Seiten \u00fcber die Hyperlinks abrufbar sein, bitten wir um eine Mitteilung an <a title=\"Mail an Martin M\u00fcller\" href=\"mailto:martin.mueller@pdf-imposition.de\">martin.mueller(at)pdf-imposition.de<\/a> wir werden die Links nach entsprechender Pr\u00fcfung ggf. entfernen.<\/p>\n<h4>Haftung f\u00fcr Inhalte<\/h4>\n<p>Die Inhalte unserer Seiten wurden mit gr\u00f6\u00dfter Sorgfalt erstellt. F\u00fcr die Richtigkeit, Vollst\u00e4ndigkeit und Aktualit\u00e4t der Inhalte k\u00f6nnen wir jedoch keine Gew\u00e4hr \u00fcbernehmen. Als Dienstanbieter sind wir gem\u00e4\u00df \u00a7 7 Abs.1 TMG f\u00fcr eigene Inhalte auf diesen Seiten nach den allgemeinen Gesetzen verantwortlich. Nach \u00a7\u00a7 8 bis 10 TMG sind wir als Dienstanbieter jedoch nicht verpflichtet, \u00fcbermittelte oder gespeicherte fremde Informationen zu \u00fcberwachen oder nach Umst\u00e4nden zu forschen, die auf eine rechtswidrige T\u00e4tigkeit hinweisen. Verpflichtungen zur Entfernung oder Sperrung der Nutzung von Informationen nach den allgemeinen Gesetzen bleiben hiervon unber\u00fchrt. Eine diesbez\u00fcgliche Haftung ist jedoch erst ab dem Zeitpunkt der Kenntnis einer konkreten Rechtsverletzung m\u00f6glich. Bei Bekanntwerden von entsprechenden Rechtsverletzungen werden wir diese Inhalte umgehend entfernen.<\/p>\n<h4>Copyright<\/h4>\n<p>Der Inhalt dieser Website ist urheberrechtlich gesch\u00fctzt. Seine Nutzung ist nur zum privaten Gebrauch erlaubt. Jede Vervielf\u00e4ltigung, Vorf\u00fchrung, Sendung, Vermietung und\/oder Leihe der Website oder einzelner Inhalte ist ohne vorherige Einwilligung des Rechteinhabers untersagt und f\u00fchrt zu straf- oder zivilrechtlicher Verfolgung. Alle Rechte bleiben vorbehalten. Downloads und Kopien dieser Seite sind nur f\u00fcr den privaten, nicht kommerziellen Gebrauch gestattet. Soweit die Inhalte auf dieser Seite nicht vom Betreiber erstellt wurden, werden die Urheberrechte Dritter beachtet. Insbesondere werden Inhalte Dritter als solche gekennzeichnet. Sollten Sie trotzdem auf eine Urheberrechtsverletzung aufmerksam werden, bitten wir um einen entsprechenden Hinweis. Bei Bekanntwerden von Rechtsverletzungen werden wir derartige Inhalte umgehend entfernen.<\/p>\n<\/div>\n<div class=\"woocommerce woocommerce-gzd woocommerce-gzd-complaints-shortcode\">\n\t\t\t<h3>Alternative Streitbeilegung gem\u00e4\u00df Art. 14 Abs. 1 ODR-VO und \u00a7 36 VSBG:<\/h3>\n\t\nZur Teilnahme an einem Streitbeilegungsverfahren vor einer Verbraucherschlichtungsstelle sind wir nicht verpflichtet und nicht bereit.<\/div>\n","protected":false},"excerpt":{"rendered":"<p>Anbieter und verantwortlich f\u00fcr den Inhalt Martin M\u00fcller Industriemeister Druck Alte Hatzper Stra\u00dfe 40 45149 Essen Deutschland Tel. +49(0)178-5548863 Mail: martin.mueller(at)pdf-imposition.de Internet: www.pdf-imposition.de Steuernummer: 112\/5289\/1602 EU-USt-ID-Nummer: DE 301093200 Externe Links Alle Links auf externe Seiten wurden von uns bei Erstellung der Homepage eingehend gepr\u00fcft. M\u00f6gliche rechtliche Verst\u00f6\u00dfe waren zum Zeitpunkt der Verlinkung nicht erkennbar, jedoch [&hellip;]<\/p>\n","protected":false},"author":1,"featured_media":0,"parent":0,"menu_order":0,"comment_status":"closed","ping_status":"closed","template":"","meta":{"pmpro_default_level":"","jetpack_post_was_ever_published":false,"footnotes":""},"class_list":["post-63","page","type-page","status-publish","hentry","pmpro-has-access"],"yoast_head":"<!-- This site is optimized with the Yoast SEO plugin v27.3 - https:\/\/yoast.com\/product\/yoast-seo-wordpress\/ -->\n<title>Impressum - PDF-Imposition Shop<\/title>\n<meta name=\"robots\" content=\"index, follow, max-snippet:-1, max-image-preview:large, max-video-preview:-1\" \/>\n<link rel=\"canonical\" href=\"https:\/\/pdf-imposition.shop\/?page_id=63\" \/>\n<meta property=\"og:locale\" content=\"de_DE\" \/>\n<meta property=\"og:type\" content=\"article\" \/>\n<meta property=\"og:title\" content=\"Impressum - PDF-Imposition Shop\" \/>\n<meta property=\"og:description\" content=\"Anbieter und verantwortlich f\u00fcr den Inhalt Martin M\u00fcller Industriemeister Druck Alte Hatzper Stra\u00dfe 40 45149 Essen Deutschland Tel. +49(0)178-5548863 Mail: martin.mueller(at)pdf-imposition.de Internet: www.pdf-imposition.de Steuernummer: 112\/5289\/1602 EU-USt-ID-Nummer: DE 301093200 Externe Links Alle Links auf externe Seiten wurden von uns bei Erstellung der Homepage eingehend gepr\u00fcft. M\u00f6gliche rechtliche Verst\u00f6\u00dfe waren zum Zeitpunkt der Verlinkung nicht erkennbar, jedoch [&hellip;]\" \/>\n<meta property=\"og:url\" content=\"https:\/\/pdf-imposition.shop\/?page_id=63\" \/>\n<meta property=\"og:site_name\" content=\"PDF-Imposition Shop\" \/>\n<meta property=\"article:modified_time\" content=\"2018-03-20T15:15:50+00:00\" \/>\n<meta name=\"twitter:card\" content=\"summary_large_image\" \/>\n<meta name=\"twitter:label1\" content=\"Gesch\u00e4tzte Lesezeit\" \/>\n\t<meta name=\"twitter:data1\" content=\"2\u00a0Minuten\" \/>\n<script type=\"application\/ld+json\" class=\"yoast-schema-graph\">{\"@context\":\"https:\\\/\\\/schema.org\",\"@graph\":[{\"@type\":\"WebPage\",\"@id\":\"https:\\\/\\\/pdf-imposition.shop\\\/?page_id=63\",\"url\":\"https:\\\/\\\/pdf-imposition.shop\\\/?page_id=63\",\"name\":\"Impressum - PDF-Imposition Shop\",\"isPartOf\":{\"@id\":\"https:\\\/\\\/pdf-imposition.shop\\\/#website\"},\"datePublished\":\"2018-01-05T13:17:49+00:00\",\"dateModified\":\"2018-03-20T15:15:50+00:00\",\"breadcrumb\":{\"@id\":\"https:\\\/\\\/pdf-imposition.shop\\\/?page_id=63#breadcrumb\"},\"inLanguage\":\"de\",\"potentialAction\":[{\"@type\":\"ReadAction\",\"target\":[\"https:\\\/\\\/pdf-imposition.shop\\\/?page_id=63\"]}]},{\"@type\":\"BreadcrumbList\",\"@id\":\"https:\\\/\\\/pdf-imposition.shop\\\/?page_id=63#breadcrumb\",\"itemListElement\":[{\"@type\":\"ListItem\",\"position\":1,\"name\":\"Startseite\",\"item\":\"https:\\\/\\\/pdf-imposition.shop\\\/\"},{\"@type\":\"ListItem\",\"position\":2,\"name\":\"Impressum\"}]},{\"@type\":\"WebSite\",\"@id\":\"https:\\\/\\\/pdf-imposition.shop\\\/#website\",\"url\":\"https:\\\/\\\/pdf-imposition.shop\\\/\",\"name\":\"PDF-Imposition Shop\",\"description\":\"Prepress Software Shop &amp; Service\",\"publisher\":{\"@id\":\"https:\\\/\\\/pdf-imposition.shop\\\/#organization\"},\"potentialAction\":[{\"@type\":\"SearchAction\",\"target\":{\"@type\":\"EntryPoint\",\"urlTemplate\":\"https:\\\/\\\/pdf-imposition.shop\\\/?s={search_term_string}\"},\"query-input\":{\"@type\":\"PropertyValueSpecification\",\"valueRequired\":true,\"valueName\":\"search_term_string\"}}],\"inLanguage\":\"de\"},{\"@type\":\"Organization\",\"@id\":\"https:\\\/\\\/pdf-imposition.shop\\\/#organization\",\"name\":\"PDF-Imposition Shop\",\"url\":\"https:\\\/\\\/pdf-imposition.shop\\\/\",\"logo\":{\"@type\":\"ImageObject\",\"inLanguage\":\"de\",\"@id\":\"https:\\\/\\\/pdf-imposition.shop\\\/#\\\/schema\\\/logo\\\/image\\\/\",\"url\":\"https:\\\/\\\/pdf-imposition.shop\\\/wp-content\\\/uploads\\\/2018\\\/03\\\/cropped-Shop-Header.jpg\",\"contentUrl\":\"https:\\\/\\\/pdf-imposition.shop\\\/wp-content\\\/uploads\\\/2018\\\/03\\\/cropped-Shop-Header.jpg\",\"width\":470,\"height\":110,\"caption\":\"PDF-Imposition Shop\"},\"image\":{\"@id\":\"https:\\\/\\\/pdf-imposition.shop\\\/#\\\/schema\\\/logo\\\/image\\\/\"}}]}<\/script>\n<!-- \/ Yoast SEO plugin. -->","yoast_head_json":{"title":"Impressum - PDF-Imposition Shop","robots":{"index":"index","follow":"follow","max-snippet":"max-snippet:-1","max-image-preview":"max-image-preview:large","max-video-preview":"max-video-preview:-1"},"canonical":"https:\/\/pdf-imposition.shop\/?page_id=63","og_locale":"de_DE","og_type":"article","og_title":"Impressum - PDF-Imposition Shop","og_description":"Anbieter und verantwortlich f\u00fcr den Inhalt Martin M\u00fcller Industriemeister Druck Alte Hatzper Stra\u00dfe 40 45149 Essen Deutschland Tel. +49(0)178-5548863 Mail: martin.mueller(at)pdf-imposition.de Internet: www.pdf-imposition.de Steuernummer: 112\/5289\/1602 EU-USt-ID-Nummer: DE 301093200 Externe Links Alle Links auf externe Seiten wurden von uns bei Erstellung der Homepage eingehend gepr\u00fcft. M\u00f6gliche rechtliche Verst\u00f6\u00dfe waren zum Zeitpunkt der Verlinkung nicht erkennbar, jedoch [&hellip;]","og_url":"https:\/\/pdf-imposition.shop\/?page_id=63","og_site_name":"PDF-Imposition Shop","article_modified_time":"2018-03-20T15:15:50+00:00","twitter_card":"summary_large_image","twitter_misc":{"Gesch\u00e4tzte Lesezeit":"2\u00a0Minuten"},"schema":{"@context":"https:\/\/schema.org","@graph":[{"@type":"WebPage","@id":"https:\/\/pdf-imposition.shop\/?page_id=63","url":"https:\/\/pdf-imposition.shop\/?page_id=63","name":"Impressum - PDF-Imposition Shop","isPartOf":{"@id":"https:\/\/pdf-imposition.shop\/#website"},"datePublished":"2018-01-05T13:17:49+00:00","dateModified":"2018-03-20T15:15:50+00:00","breadcrumb":{"@id":"https:\/\/pdf-imposition.shop\/?page_id=63#breadcrumb"},"inLanguage":"de","potentialAction":[{"@type":"ReadAction","target":["https:\/\/pdf-imposition.shop\/?page_id=63"]}]},{"@type":"BreadcrumbList","@id":"https:\/\/pdf-imposition.shop\/?page_id=63#breadcrumb","itemListElement":[{"@type":"ListItem","position":1,"name":"Startseite","item":"https:\/\/pdf-imposition.shop\/"},{"@type":"ListItem","position":2,"name":"Impressum"}]},{"@type":"WebSite","@id":"https:\/\/pdf-imposition.shop\/#website","url":"https:\/\/pdf-imposition.shop\/","name":"PDF-Imposition Shop","description":"Prepress Software Shop &amp; Service","publisher":{"@id":"https:\/\/pdf-imposition.shop\/#organization"},"potentialAction":[{"@type":"SearchAction","target":{"@type":"EntryPoint","urlTemplate":"https:\/\/pdf-imposition.shop\/?s={search_term_string}"},"query-input":{"@type":"PropertyValueSpecification","valueRequired":true,"valueName":"search_term_string"}}],"inLanguage":"de"},{"@type":"Organization","@id":"https:\/\/pdf-imposition.shop\/#organization","name":"PDF-Imposition Shop","url":"https:\/\/pdf-imposition.shop\/","logo":{"@type":"ImageObject","inLanguage":"de","@id":"https:\/\/pdf-imposition.shop\/#\/schema\/logo\/image\/","url":"https:\/\/pdf-imposition.shop\/wp-content\/uploads\/2018\/03\/cropped-Shop-Header.jpg","contentUrl":"https:\/\/pdf-imposition.shop\/wp-content\/uploads\/2018\/03\/cropped-Shop-Header.jpg","width":470,"height":110,"caption":"PDF-Imposition Shop"},"image":{"@id":"https:\/\/pdf-imposition.shop\/#\/schema\/logo\/image\/"}}]}},"jetpack_sharing_enabled":true,"jetpack_shortlink":"https:\/\/wp.me\/P9wGET-11","_links":{"self":[{"href":"https:\/\/pdf-imposition.shop\/index.php?rest_route=\/wp\/v2\/pages\/63","targetHints":{"allow":["GET"]}}],"collection":[{"href":"https:\/\/pdf-imposition.shop\/index.php?rest_route=\/wp\/v2\/pages"}],"about":[{"href":"https:\/\/pdf-imposition.shop\/index.php?rest_route=\/wp\/v2\/types\/page"}],"author":[{"embeddable":true,"href":"https:\/\/pdf-imposition.shop\/index.php?rest_route=\/wp\/v2\/users\/1"}],"replies":[{"embeddable":true,"href":"https:\/\/pdf-imposition.shop\/index.php?rest_route=%2Fwp%2Fv2%2Fcomments&post=63"}],"version-history":[{"count":4,"href":"https:\/\/pdf-imposition.shop\/index.php?rest_route=\/wp\/v2\/pages\/63\/revisions"}],"predecessor-version":[{"id":224,"href":"https:\/\/pdf-imposition.shop\/index.php?rest_route=\/wp\/v2\/pages\/63\/revisions\/224"}],"wp:attachment":[{"href":"https:\/\/pdf-imposition.shop\/index.php?rest_route=%2Fwp%2Fv2%2Fmedia&parent=63"}],"curies":[{"name":"wp","href":"https:\/\/api.w.org\/{rel}","templated":true}]}}